{"id":156,"date":"2015-04-27T20:46:33","date_gmt":"2015-04-27T20:46:33","guid":{"rendered":"http:\/\/livingston.gocactus.com\/services\/trade-consulting\/international-trade-compliance\/"},"modified":"2020-12-23T18:46:00","modified_gmt":"2020-12-23T23:46:00","slug":"services-de-conformite-douaniere-internationale","status":"publish","type":"page","link":"https:\/\/staging.livingstonintl.com\/fr\/services-fr\/conseil-en-commerce\/services-de-conformite-douaniere-internationale\/","title":{"rendered":"Conformit\u00e9 r\u00e9glementaire internationale"},"content":{"rendered":"\n\n\n<!-- MASTHEAD: MAIN -->\n<section id=\"masthead-block\" class=\"lii-block lii-block-masthead\">\n\n\t<div class=\"masthead-background hide-for-small-only\">\n\t\t\t\t<img decoding=\"async\" src=\"data:image\/image\/jpeg;base64, \/9j\/4AAQSkZJRgABAQEAYABgAAD\/\/gA7Q1JFQVRPUjogZ2QtanBlZyB2MS4wICh1c2luZyBJSkcgSlBFRyB2NjIpLCBxdWFsaXR5ID0gODIK\/9sAQwAGBAQFBAQGBQUFBgYGBwkOCQkICAkSDQ0KDhUSFhYVEhQUFxohHBcYHxkUFB0nHR8iIyUlJRYcKSwoJCshJCUk\/9sAQwEGBgYJCAkRCQkRJBgUGCQkJCQkJCQkJCQkJCQkJCQkJCQkJCQkJCQkJCQkJCQkJCQkJCQkJCQkJCQkJCQkJCQk\/8AAEQgAawC+AwEiAAIRAQMRAf\/EAB8AAAEFAQEBAQEBAAAAAAAAAAABAgMEBQYHCAkKC\/\/EALUQAAIBAwMCBAMFBQQEAAABfQECAwAEEQUSITFBBhNRYQcicRQygZGhCCNCscEVUtHwJDNicoIJChYXGBkaJSYnKCkqNDU2Nzg5OkNERUZHSElKU1RVVldYWVpjZGVmZ2hpanN0dXZ3eHl6g4SFhoeIiYqSk5SVlpeYmZqio6Slpqeoqaqys7S1tre4ubrCw8TFxsfIycrS09TV1tfY2drh4uPk5ebn6Onq8fLz9PX29\/j5+v\/EAB8BAAMBAQEBAQEBAQEAAAAAAAABAgMEBQYHCAkKC\/\/EALURAAIBAgQEAwQHBQQEAAECdwABAgMRBAUhMQYSQVEHYXETIjKBCBRCkaGxwQkjM1LwFWJy0QoWJDThJfEXGBkaJicoKSo1Njc4OTpDREVGR0hJSlNUVVZXWFlaY2RlZmdoaWpzdHV2d3h5eoKDhIWGh4iJipKTlJWWl5iZmqKjpKWmp6ipqrKztLW2t7i5usLDxMXGx8jJytLT1NXW19jZ2uLj5OXm5+jp6vLz9PX29\/j5+v\/aAAwDAQACEQMRAD8A5H7P7UfZ\/atHyKPI9q\/QLnzJm\/Z\/aj7P7Vo+R7UeRTuFzN+z+1J9n9q0vIo8ilcDMNvSeR7VpeR7Uht\/akO5m\/Z\/ajyK0vs\/tSfZ\/akO5m\/Z\/ak+z+1aXke1Hke1ILmb5HtS\/Z\/atHyPajyPai47md9n9qUQe1aIg9qX7P7UrjuZwg9qcLetAW9OEFILmeLf2pwt\/atAQe1KIPalcooC39qcLf2q+IPanCD2qQKAt\/al+z+1aAg9qXyPapbGWPs9H2f2rU+z+1J9m9q3uc9zM+z0n2f2rU+z+1H2f2p3Fcyjb+1Bt\/atT7N7UhtvagLmV5HtSeR7Vqm29qabb2ouFzL8j2o8j2rT+ze1J9m9qLj5jM8j2pPIrT+z+1J9nPpU3HczvIo8j2rR+zn0pfs\/tSbHczfI9qUQe1aP2f2pRb+1K4+YzxB7U4Qe1aAtvanC29qTY7meLf2pwt\/atEW3tThbe1TcfMZwt\/anC39q0hbe1OFt7VLkO5mi39qX7P7Vpi39qX7N7VLkMt\/Zvaj7L7VsC19qUWvtTVU5NTG+y+1H2X2rZ+y+1H2X2p+0EYptfakNr7VtfZfakNr7Ue0C5im19qabb2rb+ye1N+ye1PnC5im29qb9mraa1C43YGfWg2ftR7QLmL9m9qT7N7VrNbYmRMHlWP5Ef4042ntR7QdzH+ze1H2f2rX+ye1H2QelJzGmZP2b2pRbH0rWFp7U4WntUuoh3MkW3tThbe1awtPaniz9ql1EUrmSLX2p62ntWutp7VItp7VDqlqLMcWntTxaH0rZFp7U8WntWTrGiiYwsz6Uv2P2raFp7Uv2UelZusWojhB7U4Qj0o0\/XNG1KQRW99H5hOAj5Qk+gzjP4VDrfibQ\/D87QX96qTBQ3lKCzfp0\/GudYgToE\/kD0oEFWNPmh1SxivbcP5UoJXcMHrj+lTfZ6tYgh0Cj5HtS+R7Vd8kUII2xtdTkkDnrT+sol4dlI24wSR0qtaSxXoXYki7kEi71xlT3FbRgGxxkZC5xXnug65HY6Q9zABNLHHHC6k42szAfy5olibajjh29DZ8SJHALJZDjfMwHJHPlPjp7kVrG19qwfGN159v4dufli+0t520nOAUBI7f3sV1jXNj9uNh9rt\/tYAJg8wbwDyOOvTmpjXXO5ehUqUuRL1OUlnsj4uhtRcJ9oS0dXjyeCzIVB7AkA\/pWw1t7VhP4dsj8VZrjy285tPhuGw\/BcO6g4+iL+X1rsHtyO1FPE3cr9x1aCtG3b9TK+ze1L9m9q0PJNL5NafWEZexZni29qcLar3k+1OEQqHiC1QZRFuKeLcelXRGKcEHpWbxCNY0GUxb+1SLAB2qzspwUVk8QbRosriEelOENTgCnACsnXNVQZXENL5PtU9JkVk8QaLDs8S1O0kjMbtuO9iCq4+b0B9axbgav4hv\/ALRcQylIbaOJyARwiBQSTzk459eakOuTaiwhnO4A7lxx+tYbancx22+KRoisi52nGeD1rNKcLxZV1J3PS7Dx\/eaBZ2FmuwxqfL2bf+mnOT9DXR+LfiLpUOkMbG8WTzJXtneJhlcDkgjpnsa8M\/tWWa+RJpHbaYn5OcZIzj8q0\/7DsLfSfJWa+ILb2Z4wMNzgYGePmP6VXLpdvcfMrrTY9c0P4if2lPaWphjYzN5QcHLE9AcUmjzxQ60Lsx7RbQDcQBmQEMTnnr8vfvXm\/ge7j\/4SbTbePlIrsRc8E4NdLeXRsY7+VY1jP2aIlgpzjD5P5fpXFUlL2qjfb\/M6aMU6cnb+rG7qfj\/S4fEVhc21vOJ5yli5kPHlmQZ4Bx3OD1zXIeGNLTWbVdXhvZLdbaRpvLCg+ZtUHDA8Y46d6xrS\/wBMnsDLKHkv7d4543P3Qxdcjg549xWz4V1T7N4SfyiyxskiqinA3YxnGfWurEOVONovVtGNBQlK7WyO28WalZTr4VuA32e2ZrgbcZ2gbVxx6U861FZeLvEOobVmW2htWKhsE5T6epryrVfEd9qNtb6efmNn5rISwztbGeT71f0LVzPHr081yQ0kEK5YgbiFPH6U3FqF\/T8yVy833\/kdvoWtW+o\/EjUdTCSRRNBBEQecOfk+nU11niHxjo3h6WCK7lkkec8CBQ20ZxknPrXj+latciLWdQkSFjOGaOReH3byQ3BHdWI+lczd3lxb6RbSOyBEIy7NuAO4ntz6VUE3Jq\/9WFViuVNf1qfSFhq+n6o9wlpNva3fy5ARjBwD\/wCzD9asPNDGyq0saljtUEgEn0H5GvDfD3iG7Rb+9+3z20U2yeQx8dsdOcZOOfpVnxHfSahYR38U00kzzRklgpHybwpGOTyfTvWdOcnLlluXOjFRUke1K8bglXVsHBwehowvrXj+l+L9Z0\/T4YTavBCVeQzupJb5iSQMdP8AA\/g2fx54gjupbafzYgMgnyM4\/IVqoybtczfIj2L5R3oMkajJIHbk15AvxGltLNQbmcTDs671I\/3jj+Zqrc\/Ee4vXNvNcL9nJVlZkCtkYxkAnvz17UvZzL5oHtG5T3pcr615BdfEDUISscGowSZO0OQoB6jPeq174\/wBT+xbTeFpi6kBWCkjnP3fw61PsZvqX7SC6HtGR61FeXkNjaTXVxKsUUSF3dugArxnw54u1my06SO4vzEIl3RiTadxyeB7fSi48W6lqS3NpPf8A7m6+Rg5G3ac5x+nSo+ryb30K9vFLY9J8F+LW8U2k0s0UcEyN\/qlyfl7HPfNdCTzXgtjrEmkRSQWl75iTFY2KHblVx+NJN431OK8WS3ubiNVi8tQM4259+vOeaU8JKTvFjjiEkro4S5nlt7+K1dxmOYbmY46N\/nvV2Jo3s2jMqgl1OT04Bq\/LJBJsLWA3KMZMi+uc42daqyXMe8EQyxjOdqSrjP8A3wK0qTqS15TnSitLmZcSNaaxEiqsgZYizc\/KBxXTtcCdXVBJK4wcKxbPI9Biq1tJM+6VHnjzgnEwGT\/3xUZhIdpAZy7fxmbLdc9duanmrNJOH4g1C97lvw1f\/wBk6vHfPBJuivTIQzYBHbHGc5qbVfFEqWU1rLayRXNzG0ZdJSVCkHBwxOeD7e1U7fT1nOGTcTjLNLIScevNWv8AhG4p3+dVI27eWkPH\/fVQ6UnO\/L+Joqlo2T0JNM065s9CuNUllszDHDuw+QzEc9NuMnH611fhHxH4Wi0VjcWN28SI0jxCPy7cgkHmQ5JPsMc8c1xD6LDiRPKjUDgEbie\/OSxqS30K3VF8vC7f9kc0qtGtL4kFOrGPwjbz4gi01W9nsdKgjtZ3z9mZA0aKCfYZ7HJA6e9VbvVY1u2N1pzrcSEO5idUUE8j5VXA+gx+dbEuiQ3BLyuZCx+bcFOfzHtTLXQ4ILgShU3L0Koo\/kKf1eqvhZEqsXo2QW3iYzxyRpaW6RwojKJbtYeEyQVJxliTnr37Vn3l9Y3VnJJD5pQmOT7OqFQDk7sckcEjg\/hW+LK2nuCJYkY+pUZP44zUOpaVbwwMAWIPbccY9K0pUq0Xe6FUnBqzZi6XLc3xaGPVLezgVRvM9uzqCoOA5UE9uw9D2q5Z6rcX+mW+mtKJCXB81lwjKM98jGevJFbmlkfYoY2Znjj+6jnco\/A8UXkMckglULG4IIKDbj8q0VOqpcysiHOFknc6ez1\/Q9PtR9suLe4\/dIgURgKhVSGG1mOM8HrXM3eoeI9U8TRw6HazWNncQ\/uopUiYSEZ+ZQAPlwR0P410Vt4oki0GLSkCxwxbtpVRuOVI5\/M\/n3qhJrptraGWQtssYz5e0cxqB0UfSsoYapdtuzNp1oOKjbQm0uzuIovJ1S3to5BkNGq\/MD6Y5\/nUVzpOnSOx+zQ84z8o6ZqvH4miuoPtMYeTeNw4wfxB6VLb3iXIVwjrnswx\/Ou2nJWte5yzg072sXk0TQ5k2vYWxJ\/2AMflVK88G6PJGTFEUYHOUc\/1NTiZBnk\/lSm5Tbgb\/wA+K0M9THXwfBcNiS6ulA4BUjI\/Sq954Ikt491rqLEL0WSPP65rfiuQCcZp8029Dzmgd2cRb6DrcDnyDbSjBXa59e\/bniql9pviFHHm6dPJjgeWS4H4DOK7q3laNsgirf2sn+HH0osVzM4R4ie35VUeJt33P0rVx8tQlQTRGJEmFnF8vzDFWWhQDrSRfKBjihmPrWvKiR1uixtkGryygDOaoIx9ak3tjrWfIrlX0CRhknI5oSUKOtQOx9ajDEDrTnFCiy6bjAxmmC5KknNVGYkdajLtg8npSAsx3JFwWLHNF7cGRcbs1nK7bzzSzO2OtKI5Gla3OyIDIqRrrIrLiYgcGn729aYjUW8+X\/CnfagRjsfWskO2OtLvbjk0hmuk6gYGBUgugOM1kKzepp4duOTQFzYW7I70\/wC0j2\/A1jozY61KWPHJ5oHc1FuAaebjI6n6Vkq7c81KJHH8RoC5oRzjPUD61P8AaAO61kI7HqTUoJxSsFz\/2Q==\" data-src='https:\/\/lii-mkt-content.s3.amazonaws.com\/livingston-content\/uploads\/2020\/11\/08050429\/masthead-services-trade-consulting-trade-compliance.jpg' alt=\"\" \/>\n\t\t\t<\/div>\n\n\t<div class=\"masthead-container\" style=\"background: linear-gradient(90deg, rgba(0, 14, 28, 0.6) 0%, rgba(49, 70, 87, 0) 67%);\">\n\t\t<div class=\"grid-container\">\n\t\t\t<div id=\"mastheadContent\" class=\"masthead-content \" style=\"filter: drop-shadow(0px 0px 40px rgba(42, 52, 61, 0.2))\">\n\t\t\t\t<div class=\"grid-x masthead-breadcrumbs\">\n\t\t\t\t\t<div class=\"small-12 cell\">\n\t\t\t\t\t\t\n\n\t<section class=\"breadcrumbs hide-for-small-only clearfix\" itemprop=\"breadcrumb\">\n\t\t<span property=\"itemListElement\" typeof=\"ListItem\">\n\t\t\t\t\t<a property=\"item\" typeof=\"WebPage\" title=\"Aller \u00e0 Soci\u00e9t\u00e9 internationale Livingston.\" href=\"https:\/\/staging.livingstonintl.com\/fr\/\" class=\"home\"><span property=\"name\">Accueil<\/span><\/a>&nbsp;\/&nbsp;\n\t\t\t\t<meta property=\"position\" content=\"1\"><\/span>\n\t\t<\/section>\n\t\t\t\t\t<\/div>\n\t\t\t\t<\/div>\n\t\t\t\t<div class=\"grid-x\">\n\t\t\t\t\t<div class=\"small-12 cell\">\n\t\t\t\t\t\t<h1 style=\"filter: drop-shadow(0px 0px 40px rgba(42, 52, 61, 0.2)); width:calc(1em * 10.7);\">\n\t\t\t\t\t\t\t<span class=\"white\">CONFORMIT\u00c9 R\u00c9GLEMENTAIRE<\/span>\n\t\t\t\t\t\t\t<span class=\"orange\">AU COMMERCE INTERNATIONAL<\/span>\n\t\t\t\t\t\t<\/h1>\n\t\t\t\t\t<\/div>\n\t\t\t\t<\/div>\n\t\t\t\t<div class=\"grid-x\">\n\t\t\t\t\t<div class=\"small-12 cell\">\n\t\t\t\t\t\t<p style=\"width:calc(1em * 23);\">\n\t\t\t\t\t\t\tDes p\u00e9nalit\u00e9s de conformit\u00e9 de plusieurs millions de dollars sont r\u00e9elles. Ne courez pas ce risque. Livingston assure l\u2019exactitude et la pr\u00e9paration. Rehaussez votre r\u00e9putation aupr\u00e8s des autorit\u00e9s.\t\t\t\t\t\t<\/p>\n\t\t\t\t\t\t<div class=\"buttons\"><a href=\"\/fr\/obtenir-un-devis\/\" class=\"button arrow orange\">Obtenez un devis en ligne<\/a><a href=\"\/fr\/planifier-un-appel\/\" class=\"button arrow clear\">Planifier un appel<\/a><\/div>\t\t\t\t\t<\/div>\n\t\t\t\t<\/div>\n\t\t\t<\/div>\n\t\t<\/div>\n\t<\/div>\n\n\t<div class=\"masthead-background show-for-small-only\">\n\t\t\t\t\t<img decoding=\"async\" src=\"data:image\/image\/jpeg;base64, \/9j\/4AAQSkZJRgABAQEAYABgAAD\/\/gA7Q1JFQVRPUjogZ2QtanBlZyB2MS4wICh1c2luZyBJSkcgSlBFRyB2NjIpLCBxdWFsaXR5ID0gODIK\/9sAQwAGBAQFBAQGBQUFBgYGBwkOCQkICAkSDQ0KDhUSFhYVEhQUFxohHBcYHxkUFB0nHR8iIyUlJRYcKSwoJCshJCUk\/9sAQwEGBgYJCAkRCQkRJBgUGCQkJCQkJCQkJCQkJCQkJCQkJCQkJCQkJCQkJCQkJCQkJCQkJCQkJCQkJCQkJCQkJCQk\/8AAEQgAawC+AwEiAAIRAQMRAf\/EAB8AAAEFAQEBAQEBAAAAAAAAAAABAgMEBQYHCAkKC\/\/EALUQAAIBAwMCBAMFBQQEAAABfQECAwAEEQUSITFBBhNRYQcicRQygZGhCCNCscEVUtHwJDNicoIJChYXGBkaJSYnKCkqNDU2Nzg5OkNERUZHSElKU1RVVldYWVpjZGVmZ2hpanN0dXZ3eHl6g4SFhoeIiYqSk5SVlpeYmZqio6Slpqeoqaqys7S1tre4ubrCw8TFxsfIycrS09TV1tfY2drh4uPk5ebn6Onq8fLz9PX29\/j5+v\/EAB8BAAMBAQEBAQEBAQEAAAAAAAABAgMEBQYHCAkKC\/\/EALURAAIBAgQEAwQHBQQEAAECdwABAgMRBAUhMQYSQVEHYXETIjKBCBRCkaGxwQkjM1LwFWJy0QoWJDThJfEXGBkaJicoKSo1Njc4OTpDREVGR0hJSlNUVVZXWFlaY2RlZmdoaWpzdHV2d3h5eoKDhIWGh4iJipKTlJWWl5iZmqKjpKWmp6ipqrKztLW2t7i5usLDxMXGx8jJytLT1NXW19jZ2uLj5OXm5+jp6vLz9PX29\/j5+v\/aAAwDAQACEQMRAD8A5H7P7UfZ\/atHyKPI9q\/QLnzJm\/Z\/aj7P7Vo+R7UeRTuFzN+z+1J9n9q0vIo8ilcDMNvSeR7VpeR7Uht\/akO5m\/Z\/ajyK0vs\/tSfZ\/akO5m\/Z\/ak+z+1aXke1Hke1ILmb5HtS\/Z\/atHyPajyPai47md9n9qUQe1aIg9qX7P7UrjuZwg9qcLetAW9OEFILmeLf2pwt\/atAQe1KIPalcooC39qcLf2q+IPanCD2qQKAt\/al+z+1aAg9qXyPapbGWPs9H2f2rU+z+1J9m9q3uc9zM+z0n2f2rU+z+1H2f2p3Fcyjb+1Bt\/atT7N7UhtvagLmV5HtSeR7Vqm29qabb2ouFzL8j2o8j2rT+ze1J9m9qLj5jM8j2pPIrT+z+1J9nPpU3HczvIo8j2rR+zn0pfs\/tSbHczfI9qUQe1aP2f2pRb+1K4+YzxB7U4Qe1aAtvanC29qTY7meLf2pwt\/atEW3tThbe1TcfMZwt\/anC39q0hbe1OFt7VLkO5mi39qX7P7Vpi39qX7N7VLkMt\/Zvaj7L7VsC19qUWvtTVU5NTG+y+1H2X2rZ+y+1H2X2p+0EYptfakNr7VtfZfakNr7Ue0C5im19qabb2rb+ye1N+ye1PnC5im29qb9mraa1C43YGfWg2ftR7QLmL9m9qT7N7VrNbYmRMHlWP5Ef4042ntR7QdzH+ze1H2f2rX+ye1H2QelJzGmZP2b2pRbH0rWFp7U4WntUuoh3MkW3tThbe1awtPaniz9ql1EUrmSLX2p62ntWutp7VItp7VDqlqLMcWntTxaH0rZFp7U8WntWTrGiiYwsz6Uv2P2raFp7Uv2UelZusWojhB7U4Qj0o0\/XNG1KQRW99H5hOAj5Qk+gzjP4VDrfibQ\/D87QX96qTBQ3lKCzfp0\/GudYgToE\/kD0oEFWNPmh1SxivbcP5UoJXcMHrj+lTfZ6tYgh0Cj5HtS+R7Vd8kUII2xtdTkkDnrT+sol4dlI24wSR0qtaSxXoXYki7kEi71xlT3FbRgGxxkZC5xXnug65HY6Q9zABNLHHHC6k42szAfy5olibajjh29DZ8SJHALJZDjfMwHJHPlPjp7kVrG19qwfGN159v4dufli+0t520nOAUBI7f3sV1jXNj9uNh9rt\/tYAJg8wbwDyOOvTmpjXXO5ehUqUuRL1OUlnsj4uhtRcJ9oS0dXjyeCzIVB7AkA\/pWw1t7VhP4dsj8VZrjy285tPhuGw\/BcO6g4+iL+X1rsHtyO1FPE3cr9x1aCtG3b9TK+ze1L9m9q0PJNL5NafWEZexZni29qcLar3k+1OEQqHiC1QZRFuKeLcelXRGKcEHpWbxCNY0GUxb+1SLAB2qzspwUVk8QbRosriEelOENTgCnACsnXNVQZXENL5PtU9JkVk8QaLDs8S1O0kjMbtuO9iCq4+b0B9axbgav4hv\/ALRcQylIbaOJyARwiBQSTzk459eakOuTaiwhnO4A7lxx+tYbancx22+KRoisi52nGeD1rNKcLxZV1J3PS7Dx\/eaBZ2FmuwxqfL2bf+mnOT9DXR+LfiLpUOkMbG8WTzJXtneJhlcDkgjpnsa8M\/tWWa+RJpHbaYn5OcZIzj8q0\/7DsLfSfJWa+ILb2Z4wMNzgYGePmP6VXLpdvcfMrrTY9c0P4if2lPaWphjYzN5QcHLE9AcUmjzxQ60Lsx7RbQDcQBmQEMTnnr8vfvXm\/ge7j\/4SbTbePlIrsRc8E4NdLeXRsY7+VY1jP2aIlgpzjD5P5fpXFUlL2qjfb\/M6aMU6cnb+rG7qfj\/S4fEVhc21vOJ5yli5kPHlmQZ4Bx3OD1zXIeGNLTWbVdXhvZLdbaRpvLCg+ZtUHDA8Y46d6xrS\/wBMnsDLKHkv7d4543P3Qxdcjg549xWz4V1T7N4SfyiyxskiqinA3YxnGfWurEOVONovVtGNBQlK7WyO28WalZTr4VuA32e2ZrgbcZ2gbVxx6U861FZeLvEOobVmW2htWKhsE5T6epryrVfEd9qNtb6efmNn5rISwztbGeT71f0LVzPHr081yQ0kEK5YgbiFPH6U3FqF\/T8yVy833\/kdvoWtW+o\/EjUdTCSRRNBBEQecOfk+nU11niHxjo3h6WCK7lkkec8CBQ20ZxknPrXj+latciLWdQkSFjOGaOReH3byQ3BHdWI+lczd3lxb6RbSOyBEIy7NuAO4ntz6VUE3Jq\/9WFViuVNf1qfSFhq+n6o9wlpNva3fy5ARjBwD\/wCzD9asPNDGyq0saljtUEgEn0H5GvDfD3iG7Rb+9+3z20U2yeQx8dsdOcZOOfpVnxHfSahYR38U00kzzRklgpHybwpGOTyfTvWdOcnLlluXOjFRUke1K8bglXVsHBwehowvrXj+l+L9Z0\/T4YTavBCVeQzupJb5iSQMdP8AA\/g2fx54gjupbafzYgMgnyM4\/IVqoybtczfIj2L5R3oMkajJIHbk15AvxGltLNQbmcTDs671I\/3jj+Zqrc\/Ee4vXNvNcL9nJVlZkCtkYxkAnvz17UvZzL5oHtG5T3pcr615BdfEDUISscGowSZO0OQoB6jPeq174\/wBT+xbTeFpi6kBWCkjnP3fw61PsZvqX7SC6HtGR61FeXkNjaTXVxKsUUSF3dugArxnw54u1my06SO4vzEIl3RiTadxyeB7fSi48W6lqS3NpPf8A7m6+Rg5G3ac5x+nSo+ryb30K9vFLY9J8F+LW8U2k0s0UcEyN\/qlyfl7HPfNdCTzXgtjrEmkRSQWl75iTFY2KHblVx+NJN431OK8WS3ubiNVi8tQM4259+vOeaU8JKTvFjjiEkro4S5nlt7+K1dxmOYbmY46N\/nvV2Jo3s2jMqgl1OT04Bq\/LJBJsLWA3KMZMi+uc42daqyXMe8EQyxjOdqSrjP8A3wK0qTqS15TnSitLmZcSNaaxEiqsgZYizc\/KBxXTtcCdXVBJK4wcKxbPI9Biq1tJM+6VHnjzgnEwGT\/3xUZhIdpAZy7fxmbLdc9duanmrNJOH4g1C97lvw1f\/wBk6vHfPBJuivTIQzYBHbHGc5qbVfFEqWU1rLayRXNzG0ZdJSVCkHBwxOeD7e1U7fT1nOGTcTjLNLIScevNWv8AhG4p3+dVI27eWkPH\/fVQ6UnO\/L+Joqlo2T0JNM065s9CuNUllszDHDuw+QzEc9NuMnH611fhHxH4Wi0VjcWN28SI0jxCPy7cgkHmQ5JPsMc8c1xD6LDiRPKjUDgEbie\/OSxqS30K3VF8vC7f9kc0qtGtL4kFOrGPwjbz4gi01W9nsdKgjtZ3z9mZA0aKCfYZ7HJA6e9VbvVY1u2N1pzrcSEO5idUUE8j5VXA+gx+dbEuiQ3BLyuZCx+bcFOfzHtTLXQ4ILgShU3L0Koo\/kKf1eqvhZEqsXo2QW3iYzxyRpaW6RwojKJbtYeEyQVJxliTnr37Vn3l9Y3VnJJD5pQmOT7OqFQDk7sckcEjg\/hW+LK2nuCJYkY+pUZP44zUOpaVbwwMAWIPbccY9K0pUq0Xe6FUnBqzZi6XLc3xaGPVLezgVRvM9uzqCoOA5UE9uw9D2q5Z6rcX+mW+mtKJCXB81lwjKM98jGevJFbmlkfYoY2Znjj+6jnco\/A8UXkMckglULG4IIKDbj8q0VOqpcysiHOFknc6ez1\/Q9PtR9suLe4\/dIgURgKhVSGG1mOM8HrXM3eoeI9U8TRw6HazWNncQ\/uopUiYSEZ+ZQAPlwR0P410Vt4oki0GLSkCxwxbtpVRuOVI5\/M\/n3qhJrptraGWQtssYz5e0cxqB0UfSsoYapdtuzNp1oOKjbQm0uzuIovJ1S3to5BkNGq\/MD6Y5\/nUVzpOnSOx+zQ84z8o6ZqvH4miuoPtMYeTeNw4wfxB6VLb3iXIVwjrnswx\/Ou2nJWte5yzg072sXk0TQ5k2vYWxJ\/2AMflVK88G6PJGTFEUYHOUc\/1NTiZBnk\/lSm5Tbgb\/wA+K0M9THXwfBcNiS6ulA4BUjI\/Sq954Ikt491rqLEL0WSPP65rfiuQCcZp8029Dzmgd2cRb6DrcDnyDbSjBXa59e\/bniql9pviFHHm6dPJjgeWS4H4DOK7q3laNsgirf2sn+HH0osVzM4R4ie35VUeJt33P0rVx8tQlQTRGJEmFnF8vzDFWWhQDrSRfKBjihmPrWvKiR1uixtkGryygDOaoIx9ak3tjrWfIrlX0CRhknI5oSUKOtQOx9ajDEDrTnFCiy6bjAxmmC5KknNVGYkdajLtg8npSAsx3JFwWLHNF7cGRcbs1nK7bzzSzO2OtKI5Gla3OyIDIqRrrIrLiYgcGn729aYjUW8+X\/CnfagRjsfWskO2OtLvbjk0hmuk6gYGBUgugOM1kKzepp4duOTQFzYW7I70\/wC0j2\/A1jozY61KWPHJ5oHc1FuAaebjI6n6Vkq7c81KJHH8RoC5oRzjPUD61P8AaAO61kI7HqTUoJxSsFz\/2Q==\" class=\"lii-lazy\" data-src='https:\/\/lii-mkt-content.s3.amazonaws.com\/livingston-content\/uploads\/2020\/11\/08050429\/masthead-services-trade-consulting-trade-compliance.jpg' alt=\"\" \/>\n\t\t\t<\/div>\n\n\t<!--\t\t<div class=\"masthead-breadcrumbs\">-->\n<!--\t\t\t<div class=\"grid-container\">-->\n<!--\t\t\t\t<div class=\"grid-x\">-->\n<!--\t\t\t\t\t<div class=\"small-12 cell\">-->\n<!--\t\t\t\t\t\t--><!--\t\t\t\t\t<\/div>-->\n<!--\t\t\t\t<\/div>-->\n<!--\t\t\t<\/div>-->\n<!--\t\t<\/div>-->\n\t\n<\/section>\n<!-- \/ MASTHEAD: MAIN -->\n","protected":false},"excerpt":{"rendered":"<p>Nos consultants vous aident \u00e0 r\u00e9soudre les probl\u00e8mes commerciaux complexes et \u00e0 r\u00e9duire les risques et la responsabilit\u00e9.<\/p>\n","protected":false},"author":36,"featured_media":28173,"parent":102,"menu_order":375,"comment_status":"closed","ping_status":"closed","template":"template-retired\/page-default-child-advert.php","meta":{"_acf_changed":false,"footnotes":""},"class_list":["post-156","page","type-page","status-publish","has-post-thumbnail","hentry"],"acf":[],"yoast_head":"<!-- This site is optimized with the Yoast SEO plugin v26.8 - https:\/\/yoast.com\/product\/yoast-seo-wordpress\/ -->\n<title>Conformit\u00e9 r\u00e9glementaire internationale - Livingston International<\/title>\n<meta name=\"robots\" content=\"noindex, follow, max-snippet:-1, max-image-preview:large, max-video-preview:-1\" \/>\n<meta property=\"og:locale\" content=\"fr_FR\" \/>\n<meta property=\"og:type\" content=\"article\" \/>\n<meta property=\"og:title\" content=\"Conformit\u00e9 r\u00e9glementaire internationale - Livingston International\" \/>\n<meta property=\"og:description\" content=\"Nos consultants vous aident \u00e0 r\u00e9soudre les probl\u00e8mes commerciaux complexes et \u00e0 r\u00e9duire les risques et la responsabilit\u00e9.\" \/>\n<meta property=\"og:url\" content=\"https:\/\/staging.livingstonintl.com\/fr\/services-fr\/conseil-en-commerce\/services-de-conformite-douaniere-internationale\/\" \/>\n<meta property=\"og:site_name\" content=\"Livingston International\" \/>\n<meta property=\"article:publisher\" content=\"https:\/\/www.facebook.com\/livingstoninternational\" \/>\n<meta property=\"article:modified_time\" content=\"2020-12-23T23:46:00+00:00\" \/>\n<script type=\"application\/ld+json\" class=\"yoast-schema-graph\">{\"@context\":\"https:\/\/schema.org\",\"@graph\":[{\"@type\":\"WebPage\",\"@id\":\"https:\/\/staging.livingstonintl.com\/fr\/services-fr\/conseil-en-commerce\/services-de-conformite-douaniere-internationale\/\",\"url\":\"https:\/\/staging.livingstonintl.com\/fr\/services-fr\/conseil-en-commerce\/services-de-conformite-douaniere-internationale\/\",\"name\":\"Conformit\u00e9 r\u00e9glementaire internationale - Livingston International\",\"isPartOf\":{\"@id\":\"https:\/\/staging.livingstonintl.com\/fr\/#website\"},\"primaryImageOfPage\":{\"@id\":\"https:\/\/staging.livingstonintl.com\/fr\/services-fr\/conseil-en-commerce\/services-de-conformite-douaniere-internationale\/#primaryimage\"},\"image\":{\"@id\":\"https:\/\/staging.livingstonintl.com\/fr\/services-fr\/conseil-en-commerce\/services-de-conformite-douaniere-internationale\/#primaryimage\"},\"thumbnailUrl\":\"https:\/\/lii-mkt-content.s3.amazonaws.com\/livingston-content\/uploads\/2015\/04\/25230419\/icon-international-trade-compliance.svg\",\"datePublished\":\"2015-04-27T20:46:33+00:00\",\"dateModified\":\"2020-12-23T23:46:00+00:00\",\"breadcrumb\":{\"@id\":\"https:\/\/staging.livingstonintl.com\/fr\/services-fr\/conseil-en-commerce\/services-de-conformite-douaniere-internationale\/#breadcrumb\"},\"inLanguage\":\"fr-FR\",\"potentialAction\":[{\"@type\":\"ReadAction\",\"target\":[\"https:\/\/staging.livingstonintl.com\/fr\/services-fr\/conseil-en-commerce\/services-de-conformite-douaniere-internationale\/\"]}]},{\"@type\":\"ImageObject\",\"inLanguage\":\"fr-FR\",\"@id\":\"https:\/\/staging.livingstonintl.com\/fr\/services-fr\/conseil-en-commerce\/services-de-conformite-douaniere-internationale\/#primaryimage\",\"url\":\"https:\/\/lii-mkt-content.s3.amazonaws.com\/livingston-content\/uploads\/2015\/04\/25230419\/icon-international-trade-compliance.svg\",\"contentUrl\":\"https:\/\/lii-mkt-content.s3.amazonaws.com\/livingston-content\/uploads\/2015\/04\/25230419\/icon-international-trade-compliance.svg\",\"width\":60,\"height\":60},{\"@type\":\"BreadcrumbList\",\"@id\":\"https:\/\/staging.livingstonintl.com\/fr\/services-fr\/conseil-en-commerce\/services-de-conformite-douaniere-internationale\/#breadcrumb\",\"itemListElement\":[{\"@type\":\"ListItem\",\"position\":1,\"name\":\"Accueil\",\"item\":\"https:\/\/staging.livingstonintl.com\/fr\/\"},{\"@type\":\"ListItem\",\"position\":2,\"name\":\"Services\",\"item\":\"https:\/\/staging.livingstonintl.com\/fr\/services-fr\/\"},{\"@type\":\"ListItem\",\"position\":3,\"name\":\"Conseil en commerce\",\"item\":\"https:\/\/staging.livingstonintl.com\/fr\/services-fr\/conseil-en-commerce\/\"},{\"@type\":\"ListItem\",\"position\":4,\"name\":\"Conformit\u00e9 r\u00e9glementaire internationale\"}]},{\"@type\":\"WebSite\",\"@id\":\"https:\/\/staging.livingstonintl.com\/fr\/#website\",\"url\":\"https:\/\/staging.livingstonintl.com\/fr\/\",\"name\":\"Livingston International\",\"description\":\"Simplify Trade\",\"potentialAction\":[{\"@type\":\"SearchAction\",\"target\":{\"@type\":\"EntryPoint\",\"urlTemplate\":\"https:\/\/staging.livingstonintl.com\/fr\/?s={search_term_string}\"},\"query-input\":{\"@type\":\"PropertyValueSpecification\",\"valueRequired\":true,\"valueName\":\"search_term_string\"}}],\"inLanguage\":\"fr-FR\"}]}<\/script>\n<!-- \/ Yoast SEO plugin. -->","yoast_head_json":{"title":"Conformit\u00e9 r\u00e9glementaire internationale - Livingston International","robots":{"index":"noindex","follow":"follow","max-snippet":"max-snippet:-1","max-image-preview":"max-image-preview:large","max-video-preview":"max-video-preview:-1"},"og_locale":"fr_FR","og_type":"article","og_title":"Conformit\u00e9 r\u00e9glementaire internationale - Livingston International","og_description":"Nos consultants vous aident \u00e0 r\u00e9soudre les probl\u00e8mes commerciaux complexes et \u00e0 r\u00e9duire les risques et la responsabilit\u00e9.","og_url":"https:\/\/staging.livingstonintl.com\/fr\/services-fr\/conseil-en-commerce\/services-de-conformite-douaniere-internationale\/","og_site_name":"Livingston International","article_publisher":"https:\/\/www.facebook.com\/livingstoninternational","article_modified_time":"2020-12-23T23:46:00+00:00","schema":{"@context":"https:\/\/schema.org","@graph":[{"@type":"WebPage","@id":"https:\/\/staging.livingstonintl.com\/fr\/services-fr\/conseil-en-commerce\/services-de-conformite-douaniere-internationale\/","url":"https:\/\/staging.livingstonintl.com\/fr\/services-fr\/conseil-en-commerce\/services-de-conformite-douaniere-internationale\/","name":"Conformit\u00e9 r\u00e9glementaire internationale - Livingston International","isPartOf":{"@id":"https:\/\/staging.livingstonintl.com\/fr\/#website"},"primaryImageOfPage":{"@id":"https:\/\/staging.livingstonintl.com\/fr\/services-fr\/conseil-en-commerce\/services-de-conformite-douaniere-internationale\/#primaryimage"},"image":{"@id":"https:\/\/staging.livingstonintl.com\/fr\/services-fr\/conseil-en-commerce\/services-de-conformite-douaniere-internationale\/#primaryimage"},"thumbnailUrl":"https:\/\/lii-mkt-content.s3.amazonaws.com\/livingston-content\/uploads\/2015\/04\/25230419\/icon-international-trade-compliance.svg","datePublished":"2015-04-27T20:46:33+00:00","dateModified":"2020-12-23T23:46:00+00:00","breadcrumb":{"@id":"https:\/\/staging.livingstonintl.com\/fr\/services-fr\/conseil-en-commerce\/services-de-conformite-douaniere-internationale\/#breadcrumb"},"inLanguage":"fr-FR","potentialAction":[{"@type":"ReadAction","target":["https:\/\/staging.livingstonintl.com\/fr\/services-fr\/conseil-en-commerce\/services-de-conformite-douaniere-internationale\/"]}]},{"@type":"ImageObject","inLanguage":"fr-FR","@id":"https:\/\/staging.livingstonintl.com\/fr\/services-fr\/conseil-en-commerce\/services-de-conformite-douaniere-internationale\/#primaryimage","url":"https:\/\/lii-mkt-content.s3.amazonaws.com\/livingston-content\/uploads\/2015\/04\/25230419\/icon-international-trade-compliance.svg","contentUrl":"https:\/\/lii-mkt-content.s3.amazonaws.com\/livingston-content\/uploads\/2015\/04\/25230419\/icon-international-trade-compliance.svg","width":60,"height":60},{"@type":"BreadcrumbList","@id":"https:\/\/staging.livingstonintl.com\/fr\/services-fr\/conseil-en-commerce\/services-de-conformite-douaniere-internationale\/#breadcrumb","itemListElement":[{"@type":"ListItem","position":1,"name":"Accueil","item":"https:\/\/staging.livingstonintl.com\/fr\/"},{"@type":"ListItem","position":2,"name":"Services","item":"https:\/\/staging.livingstonintl.com\/fr\/services-fr\/"},{"@type":"ListItem","position":3,"name":"Conseil en commerce","item":"https:\/\/staging.livingstonintl.com\/fr\/services-fr\/conseil-en-commerce\/"},{"@type":"ListItem","position":4,"name":"Conformit\u00e9 r\u00e9glementaire internationale"}]},{"@type":"WebSite","@id":"https:\/\/staging.livingstonintl.com\/fr\/#website","url":"https:\/\/staging.livingstonintl.com\/fr\/","name":"Livingston International","description":"Simplify Trade","potentialAction":[{"@type":"SearchAction","target":{"@type":"EntryPoint","urlTemplate":"https:\/\/staging.livingstonintl.com\/fr\/?s={search_term_string}"},"query-input":{"@type":"PropertyValueSpecification","valueRequired":true,"valueName":"search_term_string"}}],"inLanguage":"fr-FR"}]}},"_links":{"self":[{"href":"https:\/\/staging.livingstonintl.com\/fr\/wp-json\/wp\/v2\/pages\/156","targetHints":{"allow":["GET"]}}],"collection":[{"href":"https:\/\/staging.livingstonintl.com\/fr\/wp-json\/wp\/v2\/pages"}],"about":[{"href":"https:\/\/staging.livingstonintl.com\/fr\/wp-json\/wp\/v2\/types\/page"}],"author":[{"embeddable":true,"href":"https:\/\/staging.livingstonintl.com\/fr\/wp-json\/wp\/v2\/users\/36"}],"replies":[{"embeddable":true,"href":"https:\/\/staging.livingstonintl.com\/fr\/wp-json\/wp\/v2\/comments?post=156"}],"version-history":[{"count":2,"href":"https:\/\/staging.livingstonintl.com\/fr\/wp-json\/wp\/v2\/pages\/156\/revisions"}],"predecessor-version":[{"id":52762,"href":"https:\/\/staging.livingstonintl.com\/fr\/wp-json\/wp\/v2\/pages\/156\/revisions\/52762"}],"up":[{"embeddable":true,"href":"https:\/\/staging.livingstonintl.com\/fr\/wp-json\/wp\/v2\/pages\/102"}],"wp:featuredmedia":[{"embeddable":true,"href":"https:\/\/staging.livingstonintl.com\/fr\/wp-json\/wp\/v2\/media\/28173"}],"wp:attachment":[{"href":"https:\/\/staging.livingstonintl.com\/fr\/wp-json\/wp\/v2\/media?parent=156"}],"curies":[{"name":"wp","href":"https:\/\/api.w.org\/{rel}","templated":true}]}}