{"id":153,"date":"2015-04-27T20:47:42","date_gmt":"2015-04-27T20:47:42","guid":{"rendered":"http:\/\/livingston.gocactus.com\/services\/trade-consulting\/supply-chain-safety-and-security\/"},"modified":"2020-12-23T18:46:16","modified_gmt":"2020-12-23T23:46:16","slug":"supply-chain-safety-and-security","status":"publish","type":"page","link":"https:\/\/staging.livingstonintl.com\/fr\/services-fr\/conseil-en-commerce\/supply-chain-safety-and-security\/","title":{"rendered":"S\u00fbrete et s\u00e9curit\u00e9 de la cha\u00eene d\u2019approvisionnement"},"content":{"rendered":"<h1><span class=\"blue\">S\u00fbrete et s\u00e9curit\u00e9 de <\/span><span class=\"yellow\">la cha\u00eene d\u2019approvisionnement<\/span><\/h1>\n<p>La confiance du commerce est importante. Les programmes de s\u00e9curit\u00e9 des cha\u00eenes d\u2019approvisionnement montrent aux autorit\u00e9s douani\u00e8res que vous \u00eates un partenaire commercial digne de confiance. Livingston a \u00e9t\u00e9 parmi les premiers \u00e0 aider les entreprises \u00e0 s\u2019inscrire \u00e0 ces programmes. Depuis, nous en avons aid\u00e9 des centaines.<\/p>\n","protected":false},"excerpt":{"rendered":"<p>G\u00e9rez les programmes de s\u00e9curit\u00e9 et de s\u00fbret\u00e9 de votre cha\u00eene d\u2019approvisionnement mondiale selon les normes gouvernementales.<\/p>\n","protected":false},"author":36,"featured_media":28190,"parent":102,"menu_order":390,"comment_status":"closed","ping_status":"closed","template":"template-retired\/page-default-child-advert.php","meta":{"_acf_changed":false,"footnotes":""},"class_list":["post-153","page","type-page","status-publish","has-post-thumbnail","hentry"],"acf":[],"yoast_head":"<!-- This site is optimized with the Yoast SEO plugin v26.8 - https:\/\/yoast.com\/product\/yoast-seo-wordpress\/ -->\n<title>S\u00fbrete et s\u00e9curit\u00e9 de la cha\u00eene d\u2019approvisionnement - Livingston International<\/title>\n<meta name=\"robots\" content=\"noindex, follow, max-snippet:-1, max-image-preview:large, max-video-preview:-1\" \/>\n<meta property=\"og:locale\" content=\"fr_FR\" \/>\n<meta property=\"og:type\" content=\"article\" \/>\n<meta property=\"og:title\" content=\"S\u00fbrete et s\u00e9curit\u00e9 de la cha\u00eene d\u2019approvisionnement - Livingston International\" \/>\n<meta property=\"og:description\" content=\"G\u00e9rez les programmes de s\u00e9curit\u00e9 et de s\u00fbret\u00e9 de votre cha\u00eene d\u2019approvisionnement mondiale selon les normes gouvernementales.\" \/>\n<meta property=\"og:url\" content=\"https:\/\/staging.livingstonintl.com\/fr\/services-fr\/conseil-en-commerce\/supply-chain-safety-and-security\/\" \/>\n<meta property=\"og:site_name\" content=\"Livingston International\" \/>\n<meta property=\"article:publisher\" content=\"https:\/\/www.facebook.com\/livingstoninternational\" \/>\n<meta property=\"article:modified_time\" content=\"2020-12-23T23:46:16+00:00\" \/>\n<script type=\"application\/ld+json\" class=\"yoast-schema-graph\">{\"@context\":\"https:\/\/schema.org\",\"@graph\":[{\"@type\":\"WebPage\",\"@id\":\"https:\/\/staging.livingstonintl.com\/fr\/services-fr\/conseil-en-commerce\/supply-chain-safety-and-security\/\",\"url\":\"https:\/\/staging.livingstonintl.com\/fr\/services-fr\/conseil-en-commerce\/supply-chain-safety-and-security\/\",\"name\":\"S\u00fbrete et s\u00e9curit\u00e9 de la cha\u00eene d\u2019approvisionnement - Livingston International\",\"isPartOf\":{\"@id\":\"https:\/\/staging.livingstonintl.com\/fr\/#website\"},\"primaryImageOfPage\":{\"@id\":\"https:\/\/staging.livingstonintl.com\/fr\/services-fr\/conseil-en-commerce\/supply-chain-safety-and-security\/#primaryimage\"},\"image\":{\"@id\":\"https:\/\/staging.livingstonintl.com\/fr\/services-fr\/conseil-en-commerce\/supply-chain-safety-and-security\/#primaryimage\"},\"thumbnailUrl\":\"https:\/\/lii-mkt-content.s3.amazonaws.com\/livingston-content\/uploads\/2015\/04\/25230418\/icon-supply-chain-safety-and-security.svg\",\"datePublished\":\"2015-04-27T20:47:42+00:00\",\"dateModified\":\"2020-12-23T23:46:16+00:00\",\"breadcrumb\":{\"@id\":\"https:\/\/staging.livingstonintl.com\/fr\/services-fr\/conseil-en-commerce\/supply-chain-safety-and-security\/#breadcrumb\"},\"inLanguage\":\"fr-FR\",\"potentialAction\":[{\"@type\":\"ReadAction\",\"target\":[\"https:\/\/staging.livingstonintl.com\/fr\/services-fr\/conseil-en-commerce\/supply-chain-safety-and-security\/\"]}]},{\"@type\":\"ImageObject\",\"inLanguage\":\"fr-FR\",\"@id\":\"https:\/\/staging.livingstonintl.com\/fr\/services-fr\/conseil-en-commerce\/supply-chain-safety-and-security\/#primaryimage\",\"url\":\"https:\/\/lii-mkt-content.s3.amazonaws.com\/livingston-content\/uploads\/2015\/04\/25230418\/icon-supply-chain-safety-and-security.svg\",\"contentUrl\":\"https:\/\/lii-mkt-content.s3.amazonaws.com\/livingston-content\/uploads\/2015\/04\/25230418\/icon-supply-chain-safety-and-security.svg\",\"width\":60,\"height\":60},{\"@type\":\"BreadcrumbList\",\"@id\":\"https:\/\/staging.livingstonintl.com\/fr\/services-fr\/conseil-en-commerce\/supply-chain-safety-and-security\/#breadcrumb\",\"itemListElement\":[{\"@type\":\"ListItem\",\"position\":1,\"name\":\"Accueil\",\"item\":\"https:\/\/staging.livingstonintl.com\/fr\/\"},{\"@type\":\"ListItem\",\"position\":2,\"name\":\"Services\",\"item\":\"https:\/\/staging.livingstonintl.com\/fr\/services-fr\/\"},{\"@type\":\"ListItem\",\"position\":3,\"name\":\"Conseil en commerce\",\"item\":\"https:\/\/staging.livingstonintl.com\/fr\/services-fr\/conseil-en-commerce\/\"},{\"@type\":\"ListItem\",\"position\":4,\"name\":\"S\u00fbrete et s\u00e9curit\u00e9 de la cha\u00eene d\u2019approvisionnement\"}]},{\"@type\":\"WebSite\",\"@id\":\"https:\/\/staging.livingstonintl.com\/fr\/#website\",\"url\":\"https:\/\/staging.livingstonintl.com\/fr\/\",\"name\":\"Livingston International\",\"description\":\"Simplify Trade\",\"potentialAction\":[{\"@type\":\"SearchAction\",\"target\":{\"@type\":\"EntryPoint\",\"urlTemplate\":\"https:\/\/staging.livingstonintl.com\/fr\/?s={search_term_string}\"},\"query-input\":{\"@type\":\"PropertyValueSpecification\",\"valueRequired\":true,\"valueName\":\"search_term_string\"}}],\"inLanguage\":\"fr-FR\"}]}<\/script>\n<!-- \/ Yoast SEO plugin. -->","yoast_head_json":{"title":"S\u00fbrete et s\u00e9curit\u00e9 de la cha\u00eene d\u2019approvisionnement - Livingston International","robots":{"index":"noindex","follow":"follow","max-snippet":"max-snippet:-1","max-image-preview":"max-image-preview:large","max-video-preview":"max-video-preview:-1"},"og_locale":"fr_FR","og_type":"article","og_title":"S\u00fbrete et s\u00e9curit\u00e9 de la cha\u00eene d\u2019approvisionnement - Livingston International","og_description":"G\u00e9rez les programmes de s\u00e9curit\u00e9 et de s\u00fbret\u00e9 de votre cha\u00eene d\u2019approvisionnement mondiale selon les normes gouvernementales.","og_url":"https:\/\/staging.livingstonintl.com\/fr\/services-fr\/conseil-en-commerce\/supply-chain-safety-and-security\/","og_site_name":"Livingston International","article_publisher":"https:\/\/www.facebook.com\/livingstoninternational","article_modified_time":"2020-12-23T23:46:16+00:00","schema":{"@context":"https:\/\/schema.org","@graph":[{"@type":"WebPage","@id":"https:\/\/staging.livingstonintl.com\/fr\/services-fr\/conseil-en-commerce\/supply-chain-safety-and-security\/","url":"https:\/\/staging.livingstonintl.com\/fr\/services-fr\/conseil-en-commerce\/supply-chain-safety-and-security\/","name":"S\u00fbrete et s\u00e9curit\u00e9 de la cha\u00eene d\u2019approvisionnement - Livingston International","isPartOf":{"@id":"https:\/\/staging.livingstonintl.com\/fr\/#website"},"primaryImageOfPage":{"@id":"https:\/\/staging.livingstonintl.com\/fr\/services-fr\/conseil-en-commerce\/supply-chain-safety-and-security\/#primaryimage"},"image":{"@id":"https:\/\/staging.livingstonintl.com\/fr\/services-fr\/conseil-en-commerce\/supply-chain-safety-and-security\/#primaryimage"},"thumbnailUrl":"https:\/\/lii-mkt-content.s3.amazonaws.com\/livingston-content\/uploads\/2015\/04\/25230418\/icon-supply-chain-safety-and-security.svg","datePublished":"2015-04-27T20:47:42+00:00","dateModified":"2020-12-23T23:46:16+00:00","breadcrumb":{"@id":"https:\/\/staging.livingstonintl.com\/fr\/services-fr\/conseil-en-commerce\/supply-chain-safety-and-security\/#breadcrumb"},"inLanguage":"fr-FR","potentialAction":[{"@type":"ReadAction","target":["https:\/\/staging.livingstonintl.com\/fr\/services-fr\/conseil-en-commerce\/supply-chain-safety-and-security\/"]}]},{"@type":"ImageObject","inLanguage":"fr-FR","@id":"https:\/\/staging.livingstonintl.com\/fr\/services-fr\/conseil-en-commerce\/supply-chain-safety-and-security\/#primaryimage","url":"https:\/\/lii-mkt-content.s3.amazonaws.com\/livingston-content\/uploads\/2015\/04\/25230418\/icon-supply-chain-safety-and-security.svg","contentUrl":"https:\/\/lii-mkt-content.s3.amazonaws.com\/livingston-content\/uploads\/2015\/04\/25230418\/icon-supply-chain-safety-and-security.svg","width":60,"height":60},{"@type":"BreadcrumbList","@id":"https:\/\/staging.livingstonintl.com\/fr\/services-fr\/conseil-en-commerce\/supply-chain-safety-and-security\/#breadcrumb","itemListElement":[{"@type":"ListItem","position":1,"name":"Accueil","item":"https:\/\/staging.livingstonintl.com\/fr\/"},{"@type":"ListItem","position":2,"name":"Services","item":"https:\/\/staging.livingstonintl.com\/fr\/services-fr\/"},{"@type":"ListItem","position":3,"name":"Conseil en commerce","item":"https:\/\/staging.livingstonintl.com\/fr\/services-fr\/conseil-en-commerce\/"},{"@type":"ListItem","position":4,"name":"S\u00fbrete et s\u00e9curit\u00e9 de la cha\u00eene d\u2019approvisionnement"}]},{"@type":"WebSite","@id":"https:\/\/staging.livingstonintl.com\/fr\/#website","url":"https:\/\/staging.livingstonintl.com\/fr\/","name":"Livingston International","description":"Simplify Trade","potentialAction":[{"@type":"SearchAction","target":{"@type":"EntryPoint","urlTemplate":"https:\/\/staging.livingstonintl.com\/fr\/?s={search_term_string}"},"query-input":{"@type":"PropertyValueSpecification","valueRequired":true,"valueName":"search_term_string"}}],"inLanguage":"fr-FR"}]}},"_links":{"self":[{"href":"https:\/\/staging.livingstonintl.com\/fr\/wp-json\/wp\/v2\/pages\/153","targetHints":{"allow":["GET"]}}],"collection":[{"href":"https:\/\/staging.livingstonintl.com\/fr\/wp-json\/wp\/v2\/pages"}],"about":[{"href":"https:\/\/staging.livingstonintl.com\/fr\/wp-json\/wp\/v2\/types\/page"}],"author":[{"embeddable":true,"href":"https:\/\/staging.livingstonintl.com\/fr\/wp-json\/wp\/v2\/users\/36"}],"replies":[{"embeddable":true,"href":"https:\/\/staging.livingstonintl.com\/fr\/wp-json\/wp\/v2\/comments?post=153"}],"version-history":[{"count":1,"href":"https:\/\/staging.livingstonintl.com\/fr\/wp-json\/wp\/v2\/pages\/153\/revisions"}],"predecessor-version":[{"id":52763,"href":"https:\/\/staging.livingstonintl.com\/fr\/wp-json\/wp\/v2\/pages\/153\/revisions\/52763"}],"up":[{"embeddable":true,"href":"https:\/\/staging.livingstonintl.com\/fr\/wp-json\/wp\/v2\/pages\/102"}],"wp:featuredmedia":[{"embeddable":true,"href":"https:\/\/staging.livingstonintl.com\/fr\/wp-json\/wp\/v2\/media\/28190"}],"wp:attachment":[{"href":"https:\/\/staging.livingstonintl.com\/fr\/wp-json\/wp\/v2\/media?parent=153"}],"curies":[{"name":"wp","href":"https:\/\/api.w.org\/{rel}","templated":true}]}}