{"id":134,"date":"2015-04-27T20:31:19","date_gmt":"2015-04-27T20:31:19","guid":{"rendered":"http:\/\/livingston.gocactus.com\/services\/global-trade-management\/import-operations-solutions\/"},"modified":"2020-12-23T18:04:26","modified_gmt":"2020-12-23T23:04:26","slug":"solutions-pour-operations-dimportation","status":"publish","type":"page","link":"https:\/\/staging.livingstonintl.com\/fr\/services-fr\/gestion-du-commerce-mondial\/solutions-pour-operations-dimportation\/","title":{"rendered":"Op\u00e9rations d\u2019importation"},"content":{"rendered":"\n\n\n<!-- MASTHEAD: MAIN -->\n<section id=\"masthead-block\" class=\"lii-block lii-block-masthead\">\n\n\t<div class=\"masthead-background hide-for-small-only\">\n\t\t\t\t<img decoding=\"async\" src=\"data:image\/image\/jpeg;base64, \/9j\/4AAQSkZJRgABAQEAYABgAAD\/\/gA7Q1JFQVRPUjogZ2QtanBlZyB2MS4wICh1c2luZyBJSkcgSlBFRyB2NjIpLCBxdWFsaXR5ID0gODIK\/9sAQwAGBAQFBAQGBQUFBgYGBwkOCQkICAkSDQ0KDhUSFhYVEhQUFxohHBcYHxkUFB0nHR8iIyUlJRYcKSwoJCshJCUk\/9sAQwEGBgYJCAkRCQkRJBgUGCQkJCQkJCQkJCQkJCQkJCQkJCQkJCQkJCQkJCQkJCQkJCQkJCQkJCQkJCQkJCQkJCQk\/8AAEQgAawC+AwEiAAIRAQMRAf\/EAB8AAAEFAQEBAQEBAAAAAAAAAAABAgMEBQYHCAkKC\/\/EALUQAAIBAwMCBAMFBQQEAAABfQECAwAEEQUSITFBBhNRYQcicRQygZGhCCNCscEVUtHwJDNicoIJChYXGBkaJSYnKCkqNDU2Nzg5OkNERUZHSElKU1RVVldYWVpjZGVmZ2hpanN0dXZ3eHl6g4SFhoeIiYqSk5SVlpeYmZqio6Slpqeoqaqys7S1tre4ubrCw8TFxsfIycrS09TV1tfY2drh4uPk5ebn6Onq8fLz9PX29\/j5+v\/EAB8BAAMBAQEBAQEBAQEAAAAAAAABAgMEBQYHCAkKC\/\/EALURAAIBAgQEAwQHBQQEAAECdwABAgMRBAUhMQYSQVEHYXETIjKBCBRCkaGxwQkjM1LwFWJy0QoWJDThJfEXGBkaJicoKSo1Njc4OTpDREVGR0hJSlNUVVZXWFlaY2RlZmdoaWpzdHV2d3h5eoKDhIWGh4iJipKTlJWWl5iZmqKjpKWmp6ipqrKztLW2t7i5usLDxMXGx8jJytLT1NXW19jZ2uLj5OXm5+jp6vLz9PX29\/j5+v\/aAAwDAQACEQMRAD8A8mgNenfD1sXENefRae2cYFdV4W8Q2ui3cYmdV2nnNbw0epzVNVofQttIfITiraSnHSuHs\/iXoxiVftUWcdMiopvivpEUmwTg49BTZgkz0JZT6U8SmvOh8W9K\/wCe36V0PhvxXH4hYm3yUHfFFrlao6K8lJtz9K46Jv3\/AONdfdywrCVdgCBXHxSQ\/aj+8XGTVxWhEty3KCRUukHZckmnSmJIi5YYrNsvEFhFeMjyKCPeqW5MtiXxbJuKCpfBwyCfeqXiC+trwL5TAn2rR8GL8p+tRJe8aQ+E6538qImvMPFnxpv9D1I2mhGCZ4+JvOBZc46DkcivS79GNu2D26V8zeLdKmuNYv8AUbKN2tGlbDY\/iH3j9M5rOeiN4bkHjT4h6\/4xuw2rXpeAH5IIvkjjP09fc5rnri7wmGIZfWortPMj3MRuB2v\/AENUJWLqUY4b\/wBm7isHdG6RehvFj3KSMdgKbLdByHXHPpWS8jAA55HJHtUMNw294mOB2NJMqx2vhDxtqng\/V49S0q4aGRSBJET8ky\/3WHcfyr668JeLtP8AG2hQ6vp7DbINskZPzROOqn6V8KPeMYyB99T2ru\/g98ULjwXrbEsz2NyQl1Af0ce4\/lVqWpMo6HunxNO25hPua5zwz89yTVf4gfEfQ9QuYRb3Ub8EnB6ZrI8P+PNItZf3k8S5Pc12yepwJOx6Lqi\/6M30qr8PwEmvyTjJFYt78RdDmhYC7gOR\/eFZnh\/4g6RYT3BN1EA\/I+arUkiXFnE2WgyNC00\/yDHC964fVyI9SlRTkKcV2dzqd9qvmJbZhgAxnu1ee6gxjvpUY5IODXJVloddNO+pcimPrVlLg+tZMclTrLWVy7HQaYkt5NsjBPr7V7N8Mrr+y7aSOXjPNeL+HNQa2d9qbs13+h6pOtq0zgqSDx6V0UbGNS52Wt6zd3V+4imCx4rLCShw4nGfrXPpfSXDFy7fnTLvUGtYixc\/nRKeolTT3O3a9MlqYml5IxXOS+G0mmaU3DBic8GuOk8YurECRsVZ07xTLdy7BI1T7QPZ2O9sLGO0XDSlj6k5rqPD2q29gCrOBzXmv22YjPmGgX046SsKfNrcOU9V1nxViF\/Jw\/HrUGk6FbppEVu8IGU+Ye55P6mvIbzxNNa3Ma+ZvAYEq3Q89\/avUbLxrFcaVJeeQ37j\/WJGwk+mCDgg\/wCcVz4meiOrDQ1dzzL4l+AZdEL6lp8Ze0b\/AFqgf6v3+leW3LbQW6EYz9Ox\/Doa+kLDx5H4hhlYaHfCHJR2kCY\/LdzXh3j3RYtN1iaewjY2sh3CMqQV9V59qzjJvRmso21Ryy3Ku+G4zkEeh7j+v51DdJtAbnIO0\/0\/X+dVLoGOUOn3TjB9R2\/z9aub1uVQA8TIQSexHT+VUSRREq2SSWXr7j1\/T+dST\/6K8dzDxnr9f\/1fyquzsojlbgg4etCLZJbyQsR9wsvsRTsIm8RubnRre\/hJVlOxiD+X+Fcp9tuP+ez\/AJ10mnObrT7jTm56OmT1Hp+tcxfWklnKyMDwccitYyujNx1Br+5\/57P+dQvf3Of9e\/51EzVEzc1dxWR9GpaLBK6xD5JOntXMa54OPmvdxKSTyy1t2mswrJHG5zkgZzW7\/aFiCqTkBW6Ma0cE9DDna1PKktYFJXjNatpocLRCRx8h5Jrb8R6dpagzW4RWPOR61JavajQCzMN205NZcmpfPcpRvp+nYK7M+1W\/+Eqtki8sYrjPNDqSTk1FvpXa2KsdrB4mtgQoYDNN13UkktMq3UVwznMqjJ6jpXYJp\/2mxQGInOOaWrA5sy+9a3h5szlvetmDwL9piDBGBpsnh7+wRuJIJ9aFFhdGv54A6017tFUncOBWK18WyM1DJlxy55rT2bI5kR+YLzUznlRXtHgbw1Z6N4X82OFVl1bEkmOAFXIHH414zppg0+8WaVd6ZyRXri+Mzr1pbz6bpUs9pBiHZBIE2EDof8+lYV4yUTow7jKRV8SeAbh7qG90S5ubOXADCGUqr9eCp4PX61Wv\/BdxcaQ8eqXHnzbPvFQOfWuvt9Yu7SyVL2Py2fJT5skegJ9cVi6prJlBTJOetc3P0O2NHqfO+s6SdOu5baUAxkkA\/wAx\/WstbeS2TbkHyn3g+o713\/jnSpGke4AyrckVxCkuIWzlJQY8j1\/x6VrF3OeceVkN8u2eSPtLyPwJqtaTtFcqrEkg9fUY\/wAP5Vc1MjyoJO6tjPuMf41SvEMMqSge3HYg8fpVNEIuaa3lXckecPGxK+6+lO8TRRywR3AHI+V\/p\/8AW5H5VXuQVltbtDgE7H\/lWzp62esQPG7EOMq69TnoQR61USWcBICpIzkdj61Ea7i48H2h+RJCGGSA2QcfQ\/55rlbzS5YLh40RmUHrWri7GaknofS6+G9DhYZdQR706fRtClI3ygkf7Vcw3ga3c5+13H1PNJ\/wga\/w30n4rXTyS7HKpLudHPpGgGPbvU\/Vq5DxXa2FjZsLaQKOwDdasHwDJnK3pP1z\/jUU3w9lmGGuEce5NS4SfQamu5xcbx7eopryoOhFdiPhtMo+Uxn\/AIEajf4cXWeFU\/Rqz9lI09rHucXFcpHeRO+CqsCa9NsfF+jQWShmTcBXNzfDa7OT5bfg1Zt38Prq3DO0kyL35qVGcdkPmi+p10vxX063YxRNk5x8oqrqHiF9bCyYKp15rhE8NCG4RklaTa3IIrpVAigwOwqqfM9WKpZbD42JkqwxqhaNvkzVqRtoNbGRTv5iqnBrq\/hlf30ceoWlpcTxzMY5kRJQgcZw+cq3T5T07YrjLxy+FHc13PwvtrF\/En2a\/wBjJLauCh+qn+lY1rcrudOGdpo61JvFWo6mlq82nS6eHG92YmTb+Cgbvwq1qVkluz5Odtb88WkaHGWhdUXHyrwK898UeNLMSSLDIHPovOa8yT5ndHquSRl+L7q3Wwk3FQcVzXh7wrPq3h2G2tY4zKWfUpGc4CJuAX8wBge9VryC98S3SpJvjhdsc8ADuT7Yrtfhtei48WXNnEqCCWzaNEbsqFdv6CuuhC0JTPPrT5pxieT6pa7ra7iHWNg4\/HI\/oKozZeK5Qn5o8MP5102tW4g1SeI4AdXiP4HI\/lj8a51I1kuZI84DoP5f\/WFStSthYzHNpjCUYXv7A8f1quiy2WrvOg\/cuQWYd93P5in7ilnPBtyxwuD65xVK91ia3uJUhSEoCUJZSSccetCTewXR2Gq3cltZ7J0Lqw3RsPvAj0PqP1rkLzWLqG7ljSNGCng460k\/iXUL1YEuGjkSDlF242nHXj096ZbwR3SkrP8AvgfmWT09Qa6Y36mMkj2dblx0kYfj\/wDXp6X8y9J2\/wC+qyUuR6gflS\/aR6\/qa7jgNxNVuh0mapV1e6H\/AC0z9RWCtwO\/8qlW6X1A\/KkBvDXbkDqh\/AUo12bqQlYBuwB97+dV59RCjrRcLHSS+JGjX5kFc1rvil7iNo1GB9ax77VC2QDWHc3JfPNZymaQgXtP1BpJQCeN2DV+aQmBiDXM6bMRKfZq3LqTbaA5+9zUp3iXJak+mvkk1He6p5cjRoAdvUmotIm2xyOTwoJrHeYzOzZzlifrSb0ElqaAuJJG3BsFccj3q0vn6dqMsqyyRNBIdroxBLDvmsuNyYJI+7ALuHUDIrpL\/wCzzaSt4p3Iy7iw6k+v55\/OvMxl1ZnoYaxDr2u6tf6c5l1CcuwOCGxgYPp7iur+Hfhy18ZaVZST3CWjwJsnmI+YlTj8SeK5nQrWHVNQsILy2up7VlL3C2iksq5J98DJAr1nwre\/DuWA+HLOx+yi5JjdbpHBmIHZm6nHoaimm43NJNXsyTxF8O7FtIkGgXc0twUIEsjAqfUcAYzyM+5riPhNpMsvjO4e5L28mmwuXQ9S5+UKfbkn8BXoVj4cvvB2om00+dLjQr9yYbZgfNt3PXbgY2H0ODzn62ZLWLw5NdXL28Ia8HzShQHLAYAJ6kY6VsqrjFw6My9kpPm6ng3jF\/L1qRlAysm847jjP8jXKPI0N0NvJjUD\/e\/zgVveK5WutSKLy7OUXHcAmsK+Vre\/aI9fK+YfWs6ci5otXSFJGuUGVOJuehwM\/wBK5NstGGPVmJ\/lXX6g2\/Q1KkfdKMfYgn+YFcpdARyiEDmJQp\/3u\/8Ah+FdFPVmUhi96glZmbCnpUjOFUmoV55Pet5djNdz1FdSGMBv1pV1AE\/e\/nXFx6+\/erUetg\/wit1URzezZ2CXoPOak+3cdf1rlItYXutS\/wBrRsOMj8armRPIzoZb\/jrWdc35PesttQDdCahe4B71LkUoE89yTnmqbSEnqTTZJh2qFpyOmBWTNUiayl23Dr+Nb14m6zSQtgBelc1BIDcZPUita+usaYPm7Yqo\/CTLcsW83laTJJnrVCHhFB9BVpk2eHDk8k\/0rMubjyoWI7ChgjXsEa5EiR5O7CAjsSf8Aav3c6LDa2UzmOE\/6p1HyjnofYgVjeGPNkt5iz7I2G53P8C9z+Wce5FdApXUBiHamE8rymGQwDEgfUA8H1xXDiPeOqj7poeCfFOq+FtZEmmiFnkHlyRy\/cdCcg59sfrXsTf8I18SbSO113TY4b5jvjw+yVSOd0bDDe\/bp0rw\/SdOuopHlHmybGOBghQv1x3+oratvtJurO62mAWdx5mYcPtOxhnIbJ6\/ln6UUqbtZjqVNbo92h0y28P28fmX8t3JFGqI1w+59qjHJ7k45PeuM8RatNqjrvbEaMSBXQ3O2\/sIrwZKSoGHPIBFclrEZWJljHPasJp31NqbVtDyS7dYPEN9PKymODd5YPZjzn+QrDnbz9YupSDhYQCD67Rn9TUniwzWN9Kt0rKrt5rD\/npzwPpxzWRp93LcXM4JLSSqS3uTiiGkbhLWVjZM6QaPNu+YKx6enBrj2O1m+bdz19a6PV1Ftoslv5gaUbWYjpknt+GPzrli3aumk+pjNdBxbeeeg604NnpwKjUetONbIiw9N4blWH4VchYY5IzUtjNI5IZs\/Wm3oBLcDgZ4FNKyM27uxYjPFS5AqvCT5a\/Sn5qk7IRIXFHmE1ETSChMCQkmmPmnHpUb1RNxscm2dKuX85NtFGP4nxWcP9av1q1cctbj\/poKForDOivsR6PBH+P6VzV0\/mxqhOBnDewFdDrPFtAB0x\/hXOEAyEHkF1B+hNOZMTSsrmWGONHZth52ZwF4449q7XwB4VvfEkeozWsgEVooZQV3FnPqBllGM\/NtIz1IrhkOX5r3bwCBYeCfDqwKoF\/cymcOocEhsAruzsPuuDSVNNjdRpGZoukvpNwY72GJj\/fheJyre7Ikjc\/pioPFaXSXcckzNDFJEMqxCl1DY6GKMt16jPbNeieJ7GC0RZ1DzSFtubmRpxj6SFhXlut6lcXs97FKIFSCIqiwwJEAM99gGenetIwUdEZOfM7s7nR9cfalk4ihi3bI03AcegXcT2rqE8NQajAztMowMjHWsHwxZRanYL9oacb0AYQzPEDx3CEVqWJMFwyxkqqyFQM9s1wYmmlqdeHqXdjzf4geAl1aQwqR5sZJiY9D6g+xrxa40+70TUZY7pHjlQ7WUivq\/WYkJLFRnPWvGPjfbQxWdpdJGqztJ5ZcdSuDxXJTevKds46cyPK72+e4VlPLM25m9f8APH5Vn9TUv8FRDrXby2SSOW99SVQcUEe9KegpH4AxWuxJ\/9k=\" data-src='https:\/\/lii-mkt-content.s3.amazonaws.com\/livingston-content\/uploads\/2020\/11\/06082934\/masthead-services-gtm-import-operations.jpg' alt=\"\" \/>\n\t\t\t<\/div>\n\n\t<div class=\"masthead-container\" style=\"background: linear-gradient(90deg, rgba(0, 14, 28, 0.8) 0%, rgba(49, 70, 87, 0) 67%);\">\n\t\t<div class=\"grid-container\">\n\t\t\t<div id=\"mastheadContent\" class=\"masthead-content \" style=\"filter: drop-shadow(0px 0px 40px rgba(42, 52, 61 0.5))\">\n\t\t\t\t<div class=\"grid-x masthead-breadcrumbs\">\n\t\t\t\t\t<div class=\"small-12 cell\">\n\t\t\t\t\t\t\n\n\t<section class=\"breadcrumbs hide-for-small-only clearfix\" itemprop=\"breadcrumb\">\n\t\t<span property=\"itemListElement\" typeof=\"ListItem\">\n\t\t\t\t\t<a property=\"item\" typeof=\"WebPage\" title=\"Aller \u00e0 Soci\u00e9t\u00e9 internationale Livingston.\" href=\"https:\/\/staging.livingstonintl.com\/fr\/\" class=\"home\"><span property=\"name\">Accueil<\/span><\/a>&nbsp;\/&nbsp;\n\t\t\t\t<meta property=\"position\" content=\"1\"><\/span>\n\t\t<\/section>\n\t\t\t\t\t<\/div>\n\t\t\t\t<\/div>\n\t\t\t\t<div class=\"grid-x\">\n\t\t\t\t\t<div class=\"small-12 cell\">\n\t\t\t\t\t\t<h1 style=\"filter: drop-shadow(0px 0px 40px rgba(42, 52, 61 0.5)); width:calc(1em * 10.7);\">\n\t\t\t\t\t\t\t<span class=\"white\">OP\u00c9RATIONS <\/span>\n\t\t\t\t\t\t\t<span class=\"orange\">D\u2019IMPORTATION<\/span>\n\t\t\t\t\t\t<\/h1>\n\t\t\t\t\t<\/div>\n\t\t\t\t<\/div>\n\t\t\t\t<div class=\"grid-x\">\n\t\t\t\t\t<div class=\"small-12 cell\">\n\t\t\t\t\t\t<p style=\"width:calc(1em * 26);\">\n\t\t\t\t\t\t\tImporter efficacement n\u00e9cessite de l\u2019exp\u00e9rience, des processus et une technologie avant-gardiste. Nous vous offrons un soutien de pointe tout en r\u00e9duisant les risques et les co\u00fbts.\t\t\t\t\t\t<\/p>\n\t\t\t\t\t\t<div class=\"buttons\"><a href=\"\/fr\/obtenir-un-devis\/\" class=\"button arrow orange\">Obtenez un devis en ligne<\/a><a href=\"\/fr\/planifier-un-appel\/\" class=\"button arrow clear\">Planifier un appel<\/a><\/div>\t\t\t\t\t<\/div>\n\t\t\t\t<\/div>\n\t\t\t<\/div>\n\t\t<\/div>\n\t<\/div>\n\n\t<div class=\"masthead-background show-for-small-only\">\n\t\t\t\t\t<img decoding=\"async\" src=\"data:image\/image\/jpeg;base64, \/9j\/4AAQSkZJRgABAQEAYABgAAD\/\/gA7Q1JFQVRPUjogZ2QtanBlZyB2MS4wICh1c2luZyBJSkcgSlBFRyB2NjIpLCBxdWFsaXR5ID0gODIK\/9sAQwAGBAQFBAQGBQUFBgYGBwkOCQkICAkSDQ0KDhUSFhYVEhQUFxohHBcYHxkUFB0nHR8iIyUlJRYcKSwoJCshJCUk\/9sAQwEGBgYJCAkRCQkRJBgUGCQkJCQkJCQkJCQkJCQkJCQkJCQkJCQkJCQkJCQkJCQkJCQkJCQkJCQkJCQkJCQkJCQk\/8AAEQgAawC+AwEiAAIRAQMRAf\/EAB8AAAEFAQEBAQEBAAAAAAAAAAABAgMEBQYHCAkKC\/\/EALUQAAIBAwMCBAMFBQQEAAABfQECAwAEEQUSITFBBhNRYQcicRQygZGhCCNCscEVUtHwJDNicoIJChYXGBkaJSYnKCkqNDU2Nzg5OkNERUZHSElKU1RVVldYWVpjZGVmZ2hpanN0dXZ3eHl6g4SFhoeIiYqSk5SVlpeYmZqio6Slpqeoqaqys7S1tre4ubrCw8TFxsfIycrS09TV1tfY2drh4uPk5ebn6Onq8fLz9PX29\/j5+v\/EAB8BAAMBAQEBAQEBAQEAAAAAAAABAgMEBQYHCAkKC\/\/EALURAAIBAgQEAwQHBQQEAAECdwABAgMRBAUhMQYSQVEHYXETIjKBCBRCkaGxwQkjM1LwFWJy0QoWJDThJfEXGBkaJicoKSo1Njc4OTpDREVGR0hJSlNUVVZXWFlaY2RlZmdoaWpzdHV2d3h5eoKDhIWGh4iJipKTlJWWl5iZmqKjpKWmp6ipqrKztLW2t7i5usLDxMXGx8jJytLT1NXW19jZ2uLj5OXm5+jp6vLz9PX29\/j5+v\/aAAwDAQACEQMRAD8A8mgNenfD1sXENefRae2cYFdV4W8Q2ui3cYmdV2nnNbw0epzVNVofQttIfITiraSnHSuHs\/iXoxiVftUWcdMiopvivpEUmwTg49BTZgkz0JZT6U8SmvOh8W9K\/wCe36V0PhvxXH4hYm3yUHfFFrlao6K8lJtz9K46Jv3\/AONdfdywrCVdgCBXHxSQ\/aj+8XGTVxWhEty3KCRUukHZckmnSmJIi5YYrNsvEFhFeMjyKCPeqW5MtiXxbJuKCpfBwyCfeqXiC+trwL5TAn2rR8GL8p+tRJe8aQ+E6538qImvMPFnxpv9D1I2mhGCZ4+JvOBZc46DkcivS79GNu2D26V8zeLdKmuNYv8AUbKN2tGlbDY\/iH3j9M5rOeiN4bkHjT4h6\/4xuw2rXpeAH5IIvkjjP09fc5rnri7wmGIZfWortPMj3MRuB2v\/AENUJWLqUY4b\/wBm7isHdG6RehvFj3KSMdgKbLdByHXHPpWS8jAA55HJHtUMNw294mOB2NJMqx2vhDxtqng\/V49S0q4aGRSBJET8ky\/3WHcfyr668JeLtP8AG2hQ6vp7DbINskZPzROOqn6V8KPeMYyB99T2ru\/g98ULjwXrbEsz2NyQl1Af0ce4\/lVqWpMo6HunxNO25hPua5zwz89yTVf4gfEfQ9QuYRb3Ub8EnB6ZrI8P+PNItZf3k8S5Pc12yepwJOx6Lqi\/6M30qr8PwEmvyTjJFYt78RdDmhYC7gOR\/eFZnh\/4g6RYT3BN1EA\/I+arUkiXFnE2WgyNC00\/yDHC964fVyI9SlRTkKcV2dzqd9qvmJbZhgAxnu1ee6gxjvpUY5IODXJVloddNO+pcimPrVlLg+tZMclTrLWVy7HQaYkt5NsjBPr7V7N8Mrr+y7aSOXjPNeL+HNQa2d9qbs13+h6pOtq0zgqSDx6V0UbGNS52Wt6zd3V+4imCx4rLCShw4nGfrXPpfSXDFy7fnTLvUGtYixc\/nRKeolTT3O3a9MlqYml5IxXOS+G0mmaU3DBic8GuOk8YurECRsVZ07xTLdy7BI1T7QPZ2O9sLGO0XDSlj6k5rqPD2q29gCrOBzXmv22YjPmGgX046SsKfNrcOU9V1nxViF\/Jw\/HrUGk6FbppEVu8IGU+Ye55P6mvIbzxNNa3Ma+ZvAYEq3Q89\/avUbLxrFcaVJeeQ37j\/WJGwk+mCDgg\/wCcVz4meiOrDQ1dzzL4l+AZdEL6lp8Ze0b\/AFqgf6v3+leW3LbQW6EYz9Ox\/Doa+kLDx5H4hhlYaHfCHJR2kCY\/LdzXh3j3RYtN1iaewjY2sh3CMqQV9V59qzjJvRmso21Ryy3Ku+G4zkEeh7j+v51DdJtAbnIO0\/0\/X+dVLoGOUOn3TjB9R2\/z9aub1uVQA8TIQSexHT+VUSRREq2SSWXr7j1\/T+dST\/6K8dzDxnr9f\/1fyquzsojlbgg4etCLZJbyQsR9wsvsRTsIm8RubnRre\/hJVlOxiD+X+Fcp9tuP+ez\/AJ10mnObrT7jTm56OmT1Hp+tcxfWklnKyMDwccitYyujNx1Br+5\/57P+dQvf3Of9e\/51EzVEzc1dxWR9GpaLBK6xD5JOntXMa54OPmvdxKSTyy1t2mswrJHG5zkgZzW7\/aFiCqTkBW6Ma0cE9DDna1PKktYFJXjNatpocLRCRx8h5Jrb8R6dpagzW4RWPOR61JavajQCzMN205NZcmpfPcpRvp+nYK7M+1W\/+Eqtki8sYrjPNDqSTk1FvpXa2KsdrB4mtgQoYDNN13UkktMq3UVwznMqjJ6jpXYJp\/2mxQGInOOaWrA5sy+9a3h5szlvetmDwL9piDBGBpsnh7+wRuJIJ9aFFhdGv54A6017tFUncOBWK18WyM1DJlxy55rT2bI5kR+YLzUznlRXtHgbw1Z6N4X82OFVl1bEkmOAFXIHH414zppg0+8WaVd6ZyRXri+Mzr1pbz6bpUs9pBiHZBIE2EDof8+lYV4yUTow7jKRV8SeAbh7qG90S5ubOXADCGUqr9eCp4PX61Wv\/BdxcaQ8eqXHnzbPvFQOfWuvt9Yu7SyVL2Py2fJT5skegJ9cVi6prJlBTJOetc3P0O2NHqfO+s6SdOu5baUAxkkA\/wAx\/WstbeS2TbkHyn3g+o713\/jnSpGke4AyrckVxCkuIWzlJQY8j1\/x6VrF3OeceVkN8u2eSPtLyPwJqtaTtFcqrEkg9fUY\/wAP5Vc1MjyoJO6tjPuMf41SvEMMqSge3HYg8fpVNEIuaa3lXckecPGxK+6+lO8TRRywR3AHI+V\/p\/8AW5H5VXuQVltbtDgE7H\/lWzp62esQPG7EOMq69TnoQR61USWcBICpIzkdj61Ea7i48H2h+RJCGGSA2QcfQ\/55rlbzS5YLh40RmUHrWri7GaknofS6+G9DhYZdQR706fRtClI3ygkf7Vcw3ga3c5+13H1PNJ\/wga\/w30n4rXTyS7HKpLudHPpGgGPbvU\/Vq5DxXa2FjZsLaQKOwDdasHwDJnK3pP1z\/jUU3w9lmGGuEce5NS4SfQamu5xcbx7eopryoOhFdiPhtMo+Uxn\/AIEajf4cXWeFU\/Rqz9lI09rHucXFcpHeRO+CqsCa9NsfF+jQWShmTcBXNzfDa7OT5bfg1Zt38Prq3DO0kyL35qVGcdkPmi+p10vxX063YxRNk5x8oqrqHiF9bCyYKp15rhE8NCG4RklaTa3IIrpVAigwOwqqfM9WKpZbD42JkqwxqhaNvkzVqRtoNbGRTv5iqnBrq\/hlf30ceoWlpcTxzMY5kRJQgcZw+cq3T5T07YrjLxy+FHc13PwvtrF\/En2a\/wBjJLauCh+qn+lY1rcrudOGdpo61JvFWo6mlq82nS6eHG92YmTb+Cgbvwq1qVkluz5Odtb88WkaHGWhdUXHyrwK898UeNLMSSLDIHPovOa8yT5ndHquSRl+L7q3Wwk3FQcVzXh7wrPq3h2G2tY4zKWfUpGc4CJuAX8wBge9VryC98S3SpJvjhdsc8ADuT7Yrtfhtei48WXNnEqCCWzaNEbsqFdv6CuuhC0JTPPrT5pxieT6pa7ra7iHWNg4\/HI\/oKozZeK5Qn5o8MP5102tW4g1SeI4AdXiP4HI\/lj8a51I1kuZI84DoP5f\/WFStSthYzHNpjCUYXv7A8f1quiy2WrvOg\/cuQWYd93P5in7ilnPBtyxwuD65xVK91ia3uJUhSEoCUJZSSccetCTewXR2Gq3cltZ7J0Lqw3RsPvAj0PqP1rkLzWLqG7ljSNGCng460k\/iXUL1YEuGjkSDlF242nHXj096ZbwR3SkrP8AvgfmWT09Qa6Y36mMkj2dblx0kYfj\/wDXp6X8y9J2\/wC+qyUuR6gflS\/aR6\/qa7jgNxNVuh0mapV1e6H\/AC0z9RWCtwO\/8qlW6X1A\/KkBvDXbkDqh\/AUo12bqQlYBuwB97+dV59RCjrRcLHSS+JGjX5kFc1rvil7iNo1GB9ax77VC2QDWHc3JfPNZymaQgXtP1BpJQCeN2DV+aQmBiDXM6bMRKfZq3LqTbaA5+9zUp3iXJak+mvkk1He6p5cjRoAdvUmotIm2xyOTwoJrHeYzOzZzlifrSb0ElqaAuJJG3BsFccj3q0vn6dqMsqyyRNBIdroxBLDvmsuNyYJI+7ALuHUDIrpL\/wCzzaSt4p3Iy7iw6k+v55\/OvMxl1ZnoYaxDr2u6tf6c5l1CcuwOCGxgYPp7iur+Hfhy18ZaVZST3CWjwJsnmI+YlTj8SeK5nQrWHVNQsILy2up7VlL3C2iksq5J98DJAr1nwre\/DuWA+HLOx+yi5JjdbpHBmIHZm6nHoaimm43NJNXsyTxF8O7FtIkGgXc0twUIEsjAqfUcAYzyM+5riPhNpMsvjO4e5L28mmwuXQ9S5+UKfbkn8BXoVj4cvvB2om00+dLjQr9yYbZgfNt3PXbgY2H0ODzn62ZLWLw5NdXL28Ia8HzShQHLAYAJ6kY6VsqrjFw6My9kpPm6ng3jF\/L1qRlAysm847jjP8jXKPI0N0NvJjUD\/e\/zgVveK5WutSKLy7OUXHcAmsK+Vre\/aI9fK+YfWs6ci5otXSFJGuUGVOJuehwM\/wBK5NstGGPVmJ\/lXX6g2\/Q1KkfdKMfYgn+YFcpdARyiEDmJQp\/3u\/8Ah+FdFPVmUhi96glZmbCnpUjOFUmoV55Pet5djNdz1FdSGMBv1pV1AE\/e\/nXFx6+\/erUetg\/wit1URzezZ2CXoPOak+3cdf1rlItYXutS\/wBrRsOMj8armRPIzoZb\/jrWdc35PesttQDdCahe4B71LkUoE89yTnmqbSEnqTTZJh2qFpyOmBWTNUiayl23Dr+Nb14m6zSQtgBelc1BIDcZPUita+usaYPm7Yqo\/CTLcsW83laTJJnrVCHhFB9BVpk2eHDk8k\/0rMubjyoWI7ChgjXsEa5EiR5O7CAjsSf8Aav3c6LDa2UzmOE\/6p1HyjnofYgVjeGPNkt5iz7I2G53P8C9z+Wce5FdApXUBiHamE8rymGQwDEgfUA8H1xXDiPeOqj7poeCfFOq+FtZEmmiFnkHlyRy\/cdCcg59sfrXsTf8I18SbSO113TY4b5jvjw+yVSOd0bDDe\/bp0rw\/SdOuopHlHmybGOBghQv1x3+oratvtJurO62mAWdx5mYcPtOxhnIbJ6\/ln6UUqbtZjqVNbo92h0y28P28fmX8t3JFGqI1w+59qjHJ7k45PeuM8RatNqjrvbEaMSBXQ3O2\/sIrwZKSoGHPIBFclrEZWJljHPasJp31NqbVtDyS7dYPEN9PKymODd5YPZjzn+QrDnbz9YupSDhYQCD67Rn9TUniwzWN9Kt0rKrt5rD\/npzwPpxzWRp93LcXM4JLSSqS3uTiiGkbhLWVjZM6QaPNu+YKx6enBrj2O1m+bdz19a6PV1Ftoslv5gaUbWYjpknt+GPzrli3aumk+pjNdBxbeeeg604NnpwKjUetONbIiw9N4blWH4VchYY5IzUtjNI5IZs\/Wm3oBLcDgZ4FNKyM27uxYjPFS5AqvCT5a\/Sn5qk7IRIXFHmE1ETSChMCQkmmPmnHpUb1RNxscm2dKuX85NtFGP4nxWcP9av1q1cctbj\/poKForDOivsR6PBH+P6VzV0\/mxqhOBnDewFdDrPFtAB0x\/hXOEAyEHkF1B+hNOZMTSsrmWGONHZth52ZwF4449q7XwB4VvfEkeozWsgEVooZQV3FnPqBllGM\/NtIz1IrhkOX5r3bwCBYeCfDqwKoF\/cymcOocEhsAruzsPuuDSVNNjdRpGZoukvpNwY72GJj\/fheJyre7Ikjc\/pioPFaXSXcckzNDFJEMqxCl1DY6GKMt16jPbNeieJ7GC0RZ1DzSFtubmRpxj6SFhXlut6lcXs97FKIFSCIqiwwJEAM99gGenetIwUdEZOfM7s7nR9cfalk4ihi3bI03AcegXcT2rqE8NQajAztMowMjHWsHwxZRanYL9oacb0AYQzPEDx3CEVqWJMFwyxkqqyFQM9s1wYmmlqdeHqXdjzf4geAl1aQwqR5sZJiY9D6g+xrxa40+70TUZY7pHjlQ7WUivq\/WYkJLFRnPWvGPjfbQxWdpdJGqztJ5ZcdSuDxXJTevKds46cyPK72+e4VlPLM25m9f8APH5Vn9TUv8FRDrXby2SSOW99SVQcUEe9KegpH4AxWuxJ\/9k=\" class=\"lii-lazy\" data-src='https:\/\/lii-mkt-content.s3.amazonaws.com\/livingston-content\/uploads\/2020\/11\/06082934\/masthead-services-gtm-import-operations.jpg' alt=\"\" \/>\n\t\t\t<\/div>\n\n\t<!--\t\t<div class=\"masthead-breadcrumbs\">-->\n<!--\t\t\t<div class=\"grid-container\">-->\n<!--\t\t\t\t<div class=\"grid-x\">-->\n<!--\t\t\t\t\t<div class=\"small-12 cell\">-->\n<!--\t\t\t\t\t\t--><!--\t\t\t\t\t<\/div>-->\n<!--\t\t\t\t<\/div>-->\n<!--\t\t\t<\/div>-->\n<!--\t\t<\/div>-->\n\t\n<\/section>\n<!-- \/ MASTHEAD: MAIN -->\n","protected":false},"excerpt":{"rendered":"<p>Nous vous aidons \u00e0 raffiner les partenariats de votre cha\u00eene d\u2019approvisionnement mondiale et tous les aspects du commerce.<\/p>\n","protected":false},"author":36,"featured_media":27307,"parent":103,"menu_order":275,"comment_status":"closed","ping_status":"closed","template":"template-retired\/page-default-child.php","meta":{"_acf_changed":false,"footnotes":""},"class_list":["post-134","page","type-page","status-publish","has-post-thumbnail","hentry"],"acf":[],"yoast_head":"<!-- This site is optimized with the Yoast SEO plugin v26.8 - https:\/\/yoast.com\/product\/yoast-seo-wordpress\/ -->\n<title>Op\u00e9rations d\u2019importation - Livingston International<\/title>\n<meta name=\"robots\" content=\"noindex, follow, max-snippet:-1, max-image-preview:large, max-video-preview:-1\" \/>\n<meta property=\"og:locale\" content=\"fr_FR\" \/>\n<meta property=\"og:type\" content=\"article\" \/>\n<meta property=\"og:title\" content=\"Op\u00e9rations d\u2019importation - Livingston International\" \/>\n<meta property=\"og:description\" content=\"Nous vous aidons \u00e0 raffiner les partenariats de votre cha\u00eene d\u2019approvisionnement mondiale et tous les aspects du commerce.\" \/>\n<meta property=\"og:url\" content=\"https:\/\/staging.livingstonintl.com\/fr\/services-fr\/gestion-du-commerce-mondial\/solutions-pour-operations-dimportation\/\" \/>\n<meta property=\"og:site_name\" content=\"Livingston International\" \/>\n<meta property=\"article:publisher\" content=\"https:\/\/www.facebook.com\/livingstoninternational\" \/>\n<meta property=\"article:modified_time\" content=\"2020-12-23T23:04:26+00:00\" \/>\n<script type=\"application\/ld+json\" class=\"yoast-schema-graph\">{\"@context\":\"https:\/\/schema.org\",\"@graph\":[{\"@type\":\"WebPage\",\"@id\":\"https:\/\/staging.livingstonintl.com\/fr\/services-fr\/gestion-du-commerce-mondial\/solutions-pour-operations-dimportation\/\",\"url\":\"https:\/\/staging.livingstonintl.com\/fr\/services-fr\/gestion-du-commerce-mondial\/solutions-pour-operations-dimportation\/\",\"name\":\"Op\u00e9rations d\u2019importation - Livingston International\",\"isPartOf\":{\"@id\":\"https:\/\/staging.livingstonintl.com\/fr\/#website\"},\"primaryImageOfPage\":{\"@id\":\"https:\/\/staging.livingstonintl.com\/fr\/services-fr\/gestion-du-commerce-mondial\/solutions-pour-operations-dimportation\/#primaryimage\"},\"image\":{\"@id\":\"https:\/\/staging.livingstonintl.com\/fr\/services-fr\/gestion-du-commerce-mondial\/solutions-pour-operations-dimportation\/#primaryimage\"},\"thumbnailUrl\":\"https:\/\/lii-mkt-content.s3.amazonaws.com\/livingston-content\/uploads\/2015\/04\/25230445\/icon-import-operations-solutions.svg\",\"datePublished\":\"2015-04-27T20:31:19+00:00\",\"dateModified\":\"2020-12-23T23:04:26+00:00\",\"breadcrumb\":{\"@id\":\"https:\/\/staging.livingstonintl.com\/fr\/services-fr\/gestion-du-commerce-mondial\/solutions-pour-operations-dimportation\/#breadcrumb\"},\"inLanguage\":\"fr-FR\",\"potentialAction\":[{\"@type\":\"ReadAction\",\"target\":[\"https:\/\/staging.livingstonintl.com\/fr\/services-fr\/gestion-du-commerce-mondial\/solutions-pour-operations-dimportation\/\"]}]},{\"@type\":\"ImageObject\",\"inLanguage\":\"fr-FR\",\"@id\":\"https:\/\/staging.livingstonintl.com\/fr\/services-fr\/gestion-du-commerce-mondial\/solutions-pour-operations-dimportation\/#primaryimage\",\"url\":\"https:\/\/lii-mkt-content.s3.amazonaws.com\/livingston-content\/uploads\/2015\/04\/25230445\/icon-import-operations-solutions.svg\",\"contentUrl\":\"https:\/\/lii-mkt-content.s3.amazonaws.com\/livingston-content\/uploads\/2015\/04\/25230445\/icon-import-operations-solutions.svg\",\"width\":60,\"height\":60},{\"@type\":\"BreadcrumbList\",\"@id\":\"https:\/\/staging.livingstonintl.com\/fr\/services-fr\/gestion-du-commerce-mondial\/solutions-pour-operations-dimportation\/#breadcrumb\",\"itemListElement\":[{\"@type\":\"ListItem\",\"position\":1,\"name\":\"Accueil\",\"item\":\"https:\/\/staging.livingstonintl.com\/fr\/\"},{\"@type\":\"ListItem\",\"position\":2,\"name\":\"Services\",\"item\":\"https:\/\/staging.livingstonintl.com\/fr\/services-fr\/\"},{\"@type\":\"ListItem\",\"position\":3,\"name\":\"Gestion du commerce mondial\",\"item\":\"https:\/\/staging.livingstonintl.com\/fr\/services-fr\/gestion-du-commerce-mondial\/\"},{\"@type\":\"ListItem\",\"position\":4,\"name\":\"Op\u00e9rations d\u2019importation\"}]},{\"@type\":\"WebSite\",\"@id\":\"https:\/\/staging.livingstonintl.com\/fr\/#website\",\"url\":\"https:\/\/staging.livingstonintl.com\/fr\/\",\"name\":\"Livingston International\",\"description\":\"Simplify Trade\",\"potentialAction\":[{\"@type\":\"SearchAction\",\"target\":{\"@type\":\"EntryPoint\",\"urlTemplate\":\"https:\/\/staging.livingstonintl.com\/fr\/?s={search_term_string}\"},\"query-input\":{\"@type\":\"PropertyValueSpecification\",\"valueRequired\":true,\"valueName\":\"search_term_string\"}}],\"inLanguage\":\"fr-FR\"}]}<\/script>\n<!-- \/ Yoast SEO plugin. -->","yoast_head_json":{"title":"Op\u00e9rations d\u2019importation - Livingston International","robots":{"index":"noindex","follow":"follow","max-snippet":"max-snippet:-1","max-image-preview":"max-image-preview:large","max-video-preview":"max-video-preview:-1"},"og_locale":"fr_FR","og_type":"article","og_title":"Op\u00e9rations d\u2019importation - Livingston International","og_description":"Nous vous aidons \u00e0 raffiner les partenariats de votre cha\u00eene d\u2019approvisionnement mondiale et tous les aspects du commerce.","og_url":"https:\/\/staging.livingstonintl.com\/fr\/services-fr\/gestion-du-commerce-mondial\/solutions-pour-operations-dimportation\/","og_site_name":"Livingston International","article_publisher":"https:\/\/www.facebook.com\/livingstoninternational","article_modified_time":"2020-12-23T23:04:26+00:00","schema":{"@context":"https:\/\/schema.org","@graph":[{"@type":"WebPage","@id":"https:\/\/staging.livingstonintl.com\/fr\/services-fr\/gestion-du-commerce-mondial\/solutions-pour-operations-dimportation\/","url":"https:\/\/staging.livingstonintl.com\/fr\/services-fr\/gestion-du-commerce-mondial\/solutions-pour-operations-dimportation\/","name":"Op\u00e9rations d\u2019importation - Livingston International","isPartOf":{"@id":"https:\/\/staging.livingstonintl.com\/fr\/#website"},"primaryImageOfPage":{"@id":"https:\/\/staging.livingstonintl.com\/fr\/services-fr\/gestion-du-commerce-mondial\/solutions-pour-operations-dimportation\/#primaryimage"},"image":{"@id":"https:\/\/staging.livingstonintl.com\/fr\/services-fr\/gestion-du-commerce-mondial\/solutions-pour-operations-dimportation\/#primaryimage"},"thumbnailUrl":"https:\/\/lii-mkt-content.s3.amazonaws.com\/livingston-content\/uploads\/2015\/04\/25230445\/icon-import-operations-solutions.svg","datePublished":"2015-04-27T20:31:19+00:00","dateModified":"2020-12-23T23:04:26+00:00","breadcrumb":{"@id":"https:\/\/staging.livingstonintl.com\/fr\/services-fr\/gestion-du-commerce-mondial\/solutions-pour-operations-dimportation\/#breadcrumb"},"inLanguage":"fr-FR","potentialAction":[{"@type":"ReadAction","target":["https:\/\/staging.livingstonintl.com\/fr\/services-fr\/gestion-du-commerce-mondial\/solutions-pour-operations-dimportation\/"]}]},{"@type":"ImageObject","inLanguage":"fr-FR","@id":"https:\/\/staging.livingstonintl.com\/fr\/services-fr\/gestion-du-commerce-mondial\/solutions-pour-operations-dimportation\/#primaryimage","url":"https:\/\/lii-mkt-content.s3.amazonaws.com\/livingston-content\/uploads\/2015\/04\/25230445\/icon-import-operations-solutions.svg","contentUrl":"https:\/\/lii-mkt-content.s3.amazonaws.com\/livingston-content\/uploads\/2015\/04\/25230445\/icon-import-operations-solutions.svg","width":60,"height":60},{"@type":"BreadcrumbList","@id":"https:\/\/staging.livingstonintl.com\/fr\/services-fr\/gestion-du-commerce-mondial\/solutions-pour-operations-dimportation\/#breadcrumb","itemListElement":[{"@type":"ListItem","position":1,"name":"Accueil","item":"https:\/\/staging.livingstonintl.com\/fr\/"},{"@type":"ListItem","position":2,"name":"Services","item":"https:\/\/staging.livingstonintl.com\/fr\/services-fr\/"},{"@type":"ListItem","position":3,"name":"Gestion du commerce mondial","item":"https:\/\/staging.livingstonintl.com\/fr\/services-fr\/gestion-du-commerce-mondial\/"},{"@type":"ListItem","position":4,"name":"Op\u00e9rations d\u2019importation"}]},{"@type":"WebSite","@id":"https:\/\/staging.livingstonintl.com\/fr\/#website","url":"https:\/\/staging.livingstonintl.com\/fr\/","name":"Livingston International","description":"Simplify Trade","potentialAction":[{"@type":"SearchAction","target":{"@type":"EntryPoint","urlTemplate":"https:\/\/staging.livingstonintl.com\/fr\/?s={search_term_string}"},"query-input":{"@type":"PropertyValueSpecification","valueRequired":true,"valueName":"search_term_string"}}],"inLanguage":"fr-FR"}]}},"_links":{"self":[{"href":"https:\/\/staging.livingstonintl.com\/fr\/wp-json\/wp\/v2\/pages\/134","targetHints":{"allow":["GET"]}}],"collection":[{"href":"https:\/\/staging.livingstonintl.com\/fr\/wp-json\/wp\/v2\/pages"}],"about":[{"href":"https:\/\/staging.livingstonintl.com\/fr\/wp-json\/wp\/v2\/types\/page"}],"author":[{"embeddable":true,"href":"https:\/\/staging.livingstonintl.com\/fr\/wp-json\/wp\/v2\/users\/36"}],"replies":[{"embeddable":true,"href":"https:\/\/staging.livingstonintl.com\/fr\/wp-json\/wp\/v2\/comments?post=134"}],"version-history":[{"count":2,"href":"https:\/\/staging.livingstonintl.com\/fr\/wp-json\/wp\/v2\/pages\/134\/revisions"}],"predecessor-version":[{"id":52729,"href":"https:\/\/staging.livingstonintl.com\/fr\/wp-json\/wp\/v2\/pages\/134\/revisions\/52729"}],"up":[{"embeddable":true,"href":"https:\/\/staging.livingstonintl.com\/fr\/wp-json\/wp\/v2\/pages\/103"}],"wp:featuredmedia":[{"embeddable":true,"href":"https:\/\/staging.livingstonintl.com\/fr\/wp-json\/wp\/v2\/media\/27307"}],"wp:attachment":[{"href":"https:\/\/staging.livingstonintl.com\/fr\/wp-json\/wp\/v2\/media?parent=134"}],"curies":[{"name":"wp","href":"https:\/\/api.w.org\/{rel}","templated":true}]}}