{"id":104,"date":"2015-04-27T19:46:19","date_gmt":"2015-04-27T19:46:19","guid":{"rendered":"http:\/\/livingston.gocactus.com\/services\/customs-brokerage\/"},"modified":"2020-12-23T15:07:40","modified_gmt":"2020-12-23T20:07:40","slug":"courtage-en-douane","status":"publish","type":"page","link":"https:\/\/staging.livingstonintl.com\/fr\/services-fr\/courtage-en-douane\/","title":{"rendered":"Courtage en douane"},"content":{"rendered":"\n\n\n<!-- MASTHEAD: MAIN -->\n<section id=\"masthead-block\" class=\"lii-block lii-block-masthead\">\n\n\t<div class=\"masthead-background hide-for-small-only\">\n\t\t\t\t<img decoding=\"async\" src=\"data:image\/image\/jpeg;base64, \/9j\/4AAQSkZJRgABAQEAYABgAAD\/\/gA7Q1JFQVRPUjogZ2QtanBlZyB2MS4wICh1c2luZyBJSkcgSlBFRyB2NjIpLCBxdWFsaXR5ID0gODIK\/9sAQwAGBAQFBAQGBQUFBgYGBwkOCQkICAkSDQ0KDhUSFhYVEhQUFxohHBcYHxkUFB0nHR8iIyUlJRYcKSwoJCshJCUk\/9sAQwEGBgYJCAkRCQkRJBgUGCQkJCQkJCQkJCQkJCQkJCQkJCQkJCQkJCQkJCQkJCQkJCQkJCQkJCQkJCQkJCQkJCQk\/8AAEQgAawC+AwEiAAIRAQMRAf\/EAB8AAAEFAQEBAQEBAAAAAAAAAAABAgMEBQYHCAkKC\/\/EALUQAAIBAwMCBAMFBQQEAAABfQECAwAEEQUSITFBBhNRYQcicRQygZGhCCNCscEVUtHwJDNicoIJChYXGBkaJSYnKCkqNDU2Nzg5OkNERUZHSElKU1RVVldYWVpjZGVmZ2hpanN0dXZ3eHl6g4SFhoeIiYqSk5SVlpeYmZqio6Slpqeoqaqys7S1tre4ubrCw8TFxsfIycrS09TV1tfY2drh4uPk5ebn6Onq8fLz9PX29\/j5+v\/EAB8BAAMBAQEBAQEBAQEAAAAAAAABAgMEBQYHCAkKC\/\/EALURAAIBAgQEAwQHBQQEAAECdwABAgMRBAUhMQYSQVEHYXETIjKBCBRCkaGxwQkjM1LwFWJy0QoWJDThJfEXGBkaJicoKSo1Njc4OTpDREVGR0hJSlNUVVZXWFlaY2RlZmdoaWpzdHV2d3h5eoKDhIWGh4iJipKTlJWWl5iZmqKjpKWmp6ipqrKztLW2t7i5usLDxMXGx8jJytLT1NXW19jZ2uLj5OXm5+jp6vLz9PX29\/j5+v\/aAAwDAQACEQMRAD8A9IDIRyg\/EUwi3zkLj6VXeQkVHux3r6NI+Yci\/wCeiDAximiZecVRLmmlyO9NRJcyS9CSDOwA+tUDEM1b8z15pPk6mtYuxlJXdyn5fpSGP2q58vt+VGF9KtSIcSqqspyKQx5OauqEIycClCxA80+YXIUfJo8o+layLbAZOT7VFI6BjtHHampjcLGf5R9KBEfStGOIyklQeKdkp\/D09qHUEoGb5JxnFXNM0wX0+xyypg\/MB3qyLjI+bGPccVahufs5UfIm7pg4zUTqO2hpCmr3exVm8NNGcfaBx1ylZt1p5t3xuDr6gVsz3ss7HaxrNui7sFOAR6VMJz+0yqkIfZRS+ySdSOKa1pIATtJAq3DIyna3Qmrv22OOMLGB1zVSm0TGCZlPp0qQLM3Q\/wAPcURWiL88p4x90itGTUFCEsc88AVnTXXmEnpmkpSe5TjFbFSQLvbA4zxSLE8n3FJxTwMnnmplmCDg4+lU5EKK6mkWphb3phemb65rmrJN1NJphaml6tMljywo3VHmk3VRLRMDTg1QhqXdTTJJS1MLelMLU3dVXAnSTbRv5zUG+gSUXAtLOwGM1ILg4xmqJlo8w+tIaZPfXIS0kPYD86hvLxft1ijHnc7Y+iH\/ABqnqUhNuU9VY\/kpqjf3eNStOekTt+aN\/hUN6lrY6PzztypwD0pplOOlVIZD5SAnsKcZDjGasm47JzkHBqGRiD1oZveoXOe9Fxil88ZoJA71EaYW96LiJjIKaZAKhJz3pM0hl5tQi\/vUw6hF\/erizqjf3jTG1NuzVPIS6yO2Ooxf3qadRiH8VcQdTbP3jUbaq2fvGnyEOujuTqcQ\/ipP7Uhxy1cI2qP\/AHzTDqb\/AN81SgZvEI7\/APtWH1FIdWh9RXAHUX\/vGmnUZP75p8pDxPkd+dYh9aadZh9RXAG\/f+8aab9\/7xpqKF9Z8jvzrMPrSf21D6iuAN+\/ZzSfbn\/vGjlQfWH2PQP7ah9RS\/2zD61599uf+9UtvNcXMyQwh3kc4VVGST9KGl1GsQ27JHaS6mlzJKqfNtgkb\/x05rKutRWSWKcsFRcQ7mOAMxN\/jU1lpkPh+0n1TxHLLbxhTH5AA\/eAjGMg8k8jAweK5yTWYtZu3a9hit7GUf6NFvBEJAwpOOh5Oe35VxOopSfLqj0lTlGC9po30Owh8SRPCHSCbyugkYBVP5kU9fEcLHGxh7nH+Ned\/wBpTXD+bMxZu3oo9B6VKl83rXZGPc86Vdp6I9C\/tqFv4gPxpratF\/eX864MX7+tOa+ccEkHrT5EL6y+x251WI\/xCm\/2pCf4hXEfbWPej7Y\/qaORD+svsdsdThP8YpP7Sh\/viuK+2N60v2xvWjkQfWn2I2nPXOaa1xVcyqRUZkHqKi5lZlkz5ppmqsZPSmmQ07i5blrzfemmWqplpPM96Lj5C35vPXNIZKq+b70nm0XD2Za833ppl96qmWk8yi5Splrzj604zFm4AGe1VocyuEUFieAB613vhf4emVBeauCkYwRCM5J7A\/4Dn6dKxq1401eR0UMHOs7RRi+HfDd94gkPlIEgU\/NPIMKo7\/U\/54rumj0TwFp8l88jpsXDSuBvlPoo6jPp1Pt1O9fXGn6DpTTXBS1t4EyFHAQD1x1PoBwK8wOjah8QYbjxFdNIlnGW+wWuC28A4Mje\/HH0+lebOtKrrJ2ie5SwtPDr3VeRa+w6p4m1vS9V1uMrY3Af7PaA\/LCvlsVJ7byMH26dq4u7kgW1kiDnz47rYF9UAPP516LrGsNongzSrm3UCaKKEDzF3Icx4PH0ryATPPcPKzjc7Fjjpk1vhm36HLi0tO\/+ZsRXGB0NTmYBiAdw9az4nbpvBqwrjHLE16KZ5EoItCUnsaUyn3qqJADwCKXzv9pqdzPkLHm\/Wjzar+bn+KlD+9Fw5CwJfejzfeq+\/wBxRvP+zRcOQaz+9NMnSoS9MLj2rK5uok5l5ppl\/KoGfrz0phkPXIIouUoFnzab5lVy4xyaaZfY8UXHyFnzKTzKreZnp+lafh\/w7qnijUFsNJs5LqYjJ2\/dRe7Mx4UD1PFJysrspU23ZFMyVpaXot5q1wsNtGzZAbJ4AHqT2H+Rmtux+H0v9pSQT31pPBC2x5rV\/MVm\/upkDP16fWvR9H0i30u3WC3gUsclYs8n\/ac\/1PXtXHVxaS9w78PgebWZm+HfB9nocSTun2m7JwuBhmPooPQepPP06V1ElwmnxPc3LxxmNSSf4Yh7e\/v\/AEqLzYrKOSeWZTJj95KeAo9F9BXlWs6\/dfEjxCvhvSJjDpkRLXU4OMoCAcepzgf\/AFq4UnN3keppTVooyvGnjC68Y3n7jKaPbPhB2mPqfUV6h4AeZPCGnFbd3jZZPmXGM+Y3HUVzXjvwtaaPo4OnQCG3hQRlVwQCMYb8e\/v9a5zRvifqehaXbadDaxPDb7sEuQTkk88H1PSuhrnpJQXU4uf2dZub6HO63qN1MZLeW7neJZCBG7kqMZAGPasyFUz9KguriS7meVjtLsWK9QMnpSQlgetddPQ5JRdtWa8WFzgj86mWX2H4GqMDN7fnVgHP4V0JnJKOpa8xAOhoDx9mIqvg0mWzz0+tVcjkLW5TwSDQGXnH6VUzjtinBue4ouHIWQ\/+1+lLuH96q28\/3vzpVkYDofwp3FyERkx0P9aaXwPT3qEvzmmF8HggH25NY3N1EmaT3x9aa0nvUBkA9j2zyTTS+Dljg\/lSuWoExk9T19aFcb1DlgnfHWq4ZnPygn+tbvh\/wveazcBIY8hTl2PCRj\/aPr7fnjNRKooq7NYUnJ2RVtLGW8uFjQOVLbR8uWY+gHc16Rf6jrtt4btvCnh3RRaIxX7UYZNzXDY+Z5nCgYyRhST0PoK3PCXhG2sLaOWFC80oy07csfUL6D\/PrXTSHYn2ewdUZeJJ8Z2D\/Z9T7\/l6159Wvzu3Q9GlhVFeZx3g7wJc6AWlvbuS51BzuZSx8qHPcjoTx09vbnrcxW8bLG5Jzullfkn3\/wDrf1PLdwt0FvbgKq8sznrxySa8y+Knj7+ybddL0yTNzLwQp5Huf6Dt+dZJObN0lBWRnfFLx7Je3P8AwjmjyHdn97Ip6eoOO\/8AL9S74M2iWuuXMERwVsnO7Gct5kfJrz2xt\/s6NLKS9xL8zu3Jr0L4QSCPxFeMziP\/AEFwGPT\/AFkddsqahSZwuq5VV2PQvHQmHhnUQxQgRZ4BHcf4V4NLNhD9O1e3+Mb1bjw\/qTx3cLp5OCNxBH+cV8\/yXW4ZJJ9qjDaQY8TDnmmPL8nPGasQPjoazVlYnkbfpVqN+2f0rqgzKcNDTjZT1wPpxT8gcqfzqnFLxySKl83HXitrnK4ak+89iG9qBM47VB5ufUj3pfMBHU4+lO4uUsiXPUc\/lTtwx0z7VT3gD\/GlzjoD+FFxchbD98il8zFVAx9Qfpmnb8D\/AB4p3E4EDPz1+mKY0m0csF9ec4qNyQyqOAeKReWA7bsVhc6FEd5mQcZx6nilijaY\/LtC927D8agQmW5VHJKmTbj2zXoHw+0yzvNeEU8CyJHsKKegJB5+vvWM6nKjop0uZi+E\/AU19tvLxpLe27MQQ8nsB1A\/X6d\/VNM0aCztkhhijgt0XdsU4wPVj\/n8Kjsf3koLAHCjAxgD6Cr2qyvCdPgjYrHNhpAP4j5m3r9K4pzcnqd8IKK0KtjfGaz+zRLIkcX7p5AuN4HGBn\/Pr\/dp7zO+yGFURMZwG6dzn+ZOfrSX7FMRr8qA7QB0ArK12aS30aR4mKMzMpI9AoIH51KVy9jB8c+P7fw1ZtDA4kncYTg\/O307KP8A659B4xCbi\/un1LUJPNmk5GTnFQeJbma48Rz+bIz+WSFyenH\/ANc1a2hVXH90N+NdlGKRx1pOy8yYygjCnjvilivLi0fzLa5mhl6bonKn8xVckkDJ70yRinCnAreTujlUbPQs3Ot6pJbSRPqFwyOMFWfOazXfjg4P406bkc1WA3DkVgtDpgrrUmSTL4P\/AOurEUgPC5OO1U4zlM8Z5qwoyoY9a2iKUUXopeMA49jUnmEdP1qkrFYHYHkHipSTtU9yOT+FacxzyhqWC5HcijcD259TUIGFzzn600MxYLnincnlLKsQOc\/XilDH0z+NQsAFDY5p5HGffFMViUOOzD\/gI5pRJ2JB\/Q1FgHH1xQ7sBwadyeU\/\/9k=\" data-src='https:\/\/lii-mkt-content.s3.amazonaws.com\/livingston-content\/uploads\/2020\/11\/07093505\/masthead-services-customs-brokerage-home-1.jpg' alt=\"\" \/>\n\t\t\t<\/div>\n\n\t<div class=\"masthead-container\" style=\"background: linear-gradient(90deg, rgba(0, 14, 28, 0) 0%, rgba(49, 70, 87, 0) 67%);\">\n\t\t<div class=\"grid-container\">\n\t\t\t<div id=\"mastheadContent\" class=\"masthead-content \" style=\"filter: drop-shadow(0px 0px 40px rgba(42, 52, 61, 0.2))\">\n\t\t\t\t<div class=\"grid-x masthead-breadcrumbs\">\n\t\t\t\t\t<div class=\"small-12 cell\">\n\t\t\t\t\t\t\n\n\t<section class=\"breadcrumbs hide-for-small-only clearfix\" itemprop=\"breadcrumb\">\n\t\t<span property=\"itemListElement\" typeof=\"ListItem\">\n\t\t\t\t\t<a property=\"item\" typeof=\"WebPage\" title=\"Aller \u00e0 Soci\u00e9t\u00e9 internationale Livingston.\" href=\"https:\/\/staging.livingstonintl.com\/fr\/\" class=\"home\"><span property=\"name\">Accueil<\/span><\/a>&nbsp;\/&nbsp;\n\t\t\t\t<meta property=\"position\" content=\"1\"><\/span>\n\t\t<\/section>\n\t\t\t\t\t<\/div>\n\t\t\t\t<\/div>\n\t\t\t\t<div class=\"grid-x\">\n\t\t\t\t\t<div class=\"small-12 cell\">\n\t\t\t\t\t\t<h1 style=\"filter: drop-shadow(0px 0px 40px rgba(42, 52, 61, 0.2)); width:calc(1em * 10.7);\">\n\t\t\t\t\t\t\t<span class=\"white\">COURTAGE <br>EN DOUANE<\/span>\n\t\t\t\t\t\t\t<span class=\"orange\">OUVRIR LA VOIE.<\/span>\n\t\t\t\t\t\t<\/h1>\n\t\t\t\t\t<\/div>\n\t\t\t\t<\/div>\n\t\t\t\t<div class=\"grid-x\">\n\t\t\t\t\t<div class=\"small-12 cell\">\n\t\t\t\t\t\t<p style=\"width:calc(1em * 24);\">\n\t\t\t\t\t\t\tLe commerce international devient de plus en plus complexe. Nous le simplifions, en connaissant votre entreprise, en anticipant vos besoins et en ouvrant la voie.\t\t\t\t\t\t<\/p>\n\t\t\t\t\t\t\t\t\t\t\t<\/div>\n\t\t\t\t<\/div>\n\t\t\t<\/div>\n\t\t<\/div>\n\t<\/div>\n\n\t<div class=\"masthead-background show-for-small-only\">\n\t\t\t\t\t<img decoding=\"async\" src=\"data:image\/image\/jpeg;base64, \/9j\/4AAQSkZJRgABAQEAYABgAAD\/\/gA7Q1JFQVRPUjogZ2QtanBlZyB2MS4wICh1c2luZyBJSkcgSlBFRyB2NjIpLCBxdWFsaXR5ID0gODIK\/9sAQwAGBAQFBAQGBQUFBgYGBwkOCQkICAkSDQ0KDhUSFhYVEhQUFxohHBcYHxkUFB0nHR8iIyUlJRYcKSwoJCshJCUk\/9sAQwEGBgYJCAkRCQkRJBgUGCQkJCQkJCQkJCQkJCQkJCQkJCQkJCQkJCQkJCQkJCQkJCQkJCQkJCQkJCQkJCQkJCQk\/8AAEQgAawC+AwEiAAIRAQMRAf\/EAB8AAAEFAQEBAQEBAAAAAAAAAAABAgMEBQYHCAkKC\/\/EALUQAAIBAwMCBAMFBQQEAAABfQECAwAEEQUSITFBBhNRYQcicRQygZGhCCNCscEVUtHwJDNicoIJChYXGBkaJSYnKCkqNDU2Nzg5OkNERUZHSElKU1RVVldYWVpjZGVmZ2hpanN0dXZ3eHl6g4SFhoeIiYqSk5SVlpeYmZqio6Slpqeoqaqys7S1tre4ubrCw8TFxsfIycrS09TV1tfY2drh4uPk5ebn6Onq8fLz9PX29\/j5+v\/EAB8BAAMBAQEBAQEBAQEAAAAAAAABAgMEBQYHCAkKC\/\/EALURAAIBAgQEAwQHBQQEAAECdwABAgMRBAUhMQYSQVEHYXETIjKBCBRCkaGxwQkjM1LwFWJy0QoWJDThJfEXGBkaJicoKSo1Njc4OTpDREVGR0hJSlNUVVZXWFlaY2RlZmdoaWpzdHV2d3h5eoKDhIWGh4iJipKTlJWWl5iZmqKjpKWmp6ipqrKztLW2t7i5usLDxMXGx8jJytLT1NXW19jZ2uLj5OXm5+jp6vLz9PX29\/j5+v\/aAAwDAQACEQMRAD8A9IDIRyg\/EUwi3zkLj6VXeQkVHux3r6NI+Yci\/wCeiDAximiZecVRLmmlyO9NRJcyS9CSDOwA+tUDEM1b8z15pPk6mtYuxlJXdyn5fpSGP2q58vt+VGF9KtSIcSqqspyKQx5OauqEIycClCxA80+YXIUfJo8o+layLbAZOT7VFI6BjtHHampjcLGf5R9KBEfStGOIyklQeKdkp\/D09qHUEoGb5JxnFXNM0wX0+xyypg\/MB3qyLjI+bGPccVahufs5UfIm7pg4zUTqO2hpCmr3exVm8NNGcfaBx1ylZt1p5t3xuDr6gVsz3ss7HaxrNui7sFOAR6VMJz+0yqkIfZRS+ySdSOKa1pIATtJAq3DIyna3Qmrv22OOMLGB1zVSm0TGCZlPp0qQLM3Q\/wAPcURWiL88p4x90itGTUFCEsc88AVnTXXmEnpmkpSe5TjFbFSQLvbA4zxSLE8n3FJxTwMnnmplmCDg4+lU5EKK6mkWphb3phemb65rmrJN1NJphaml6tMljywo3VHmk3VRLRMDTg1QhqXdTTJJS1MLelMLU3dVXAnSTbRv5zUG+gSUXAtLOwGM1ILg4xmqJlo8w+tIaZPfXIS0kPYD86hvLxft1ijHnc7Y+iH\/ABqnqUhNuU9VY\/kpqjf3eNStOekTt+aN\/hUN6lrY6PzztypwD0pplOOlVIZD5SAnsKcZDjGasm47JzkHBqGRiD1oZveoXOe9Fxil88ZoJA71EaYW96LiJjIKaZAKhJz3pM0hl5tQi\/vUw6hF\/erizqjf3jTG1NuzVPIS6yO2Ooxf3qadRiH8VcQdTbP3jUbaq2fvGnyEOujuTqcQ\/ipP7Uhxy1cI2qP\/AHzTDqb\/AN81SgZvEI7\/APtWH1FIdWh9RXAHUX\/vGmnUZP75p8pDxPkd+dYh9aadZh9RXAG\/f+8aab9\/7xpqKF9Z8jvzrMPrSf21D6iuAN+\/ZzSfbn\/vGjlQfWH2PQP7ah9RS\/2zD61599uf+9UtvNcXMyQwh3kc4VVGST9KGl1GsQ27JHaS6mlzJKqfNtgkb\/x05rKutRWSWKcsFRcQ7mOAMxN\/jU1lpkPh+0n1TxHLLbxhTH5AA\/eAjGMg8k8jAweK5yTWYtZu3a9hit7GUf6NFvBEJAwpOOh5Oe35VxOopSfLqj0lTlGC9po30Owh8SRPCHSCbyugkYBVP5kU9fEcLHGxh7nH+Ned\/wBpTXD+bMxZu3oo9B6VKl83rXZGPc86Vdp6I9C\/tqFv4gPxpratF\/eX864MX7+tOa+ccEkHrT5EL6y+x251WI\/xCm\/2pCf4hXEfbWPej7Y\/qaORD+svsdsdThP8YpP7Sh\/viuK+2N60v2xvWjkQfWn2I2nPXOaa1xVcyqRUZkHqKi5lZlkz5ppmqsZPSmmQ07i5blrzfemmWqplpPM96Lj5C35vPXNIZKq+b70nm0XD2Za833ppl96qmWk8yi5Splrzj604zFm4AGe1VocyuEUFieAB613vhf4emVBeauCkYwRCM5J7A\/4Dn6dKxq1401eR0UMHOs7RRi+HfDd94gkPlIEgU\/NPIMKo7\/U\/54rumj0TwFp8l88jpsXDSuBvlPoo6jPp1Pt1O9fXGn6DpTTXBS1t4EyFHAQD1x1PoBwK8wOjah8QYbjxFdNIlnGW+wWuC28A4Mje\/HH0+lebOtKrrJ2ie5SwtPDr3VeRa+w6p4m1vS9V1uMrY3Af7PaA\/LCvlsVJ7byMH26dq4u7kgW1kiDnz47rYF9UAPP516LrGsNongzSrm3UCaKKEDzF3Icx4PH0ryATPPcPKzjc7Fjjpk1vhm36HLi0tO\/+ZsRXGB0NTmYBiAdw9az4nbpvBqwrjHLE16KZ5EoItCUnsaUyn3qqJADwCKXzv9pqdzPkLHm\/Wjzar+bn+KlD+9Fw5CwJfejzfeq+\/wBxRvP+zRcOQaz+9NMnSoS9MLj2rK5uok5l5ppl\/KoGfrz0phkPXIIouUoFnzab5lVy4xyaaZfY8UXHyFnzKTzKreZnp+lafh\/w7qnijUFsNJs5LqYjJ2\/dRe7Mx4UD1PFJysrspU23ZFMyVpaXot5q1wsNtGzZAbJ4AHqT2H+Rmtux+H0v9pSQT31pPBC2x5rV\/MVm\/upkDP16fWvR9H0i30u3WC3gUsclYs8n\/ac\/1PXtXHVxaS9w78PgebWZm+HfB9nocSTun2m7JwuBhmPooPQepPP06V1ElwmnxPc3LxxmNSSf4Yh7e\/v\/AEqLzYrKOSeWZTJj95KeAo9F9BXlWs6\/dfEjxCvhvSJjDpkRLXU4OMoCAcepzgf\/AFq4UnN3keppTVooyvGnjC68Y3n7jKaPbPhB2mPqfUV6h4AeZPCGnFbd3jZZPmXGM+Y3HUVzXjvwtaaPo4OnQCG3hQRlVwQCMYb8e\/v9a5zRvifqehaXbadDaxPDb7sEuQTkk88H1PSuhrnpJQXU4uf2dZub6HO63qN1MZLeW7neJZCBG7kqMZAGPasyFUz9KguriS7meVjtLsWK9QMnpSQlgetddPQ5JRdtWa8WFzgj86mWX2H4GqMDN7fnVgHP4V0JnJKOpa8xAOhoDx9mIqvg0mWzz0+tVcjkLW5TwSDQGXnH6VUzjtinBue4ouHIWQ\/+1+lLuH96q28\/3vzpVkYDofwp3FyERkx0P9aaXwPT3qEvzmmF8HggH25NY3N1EmaT3x9aa0nvUBkA9j2zyTTS+Dljg\/lSuWoExk9T19aFcb1DlgnfHWq4ZnPygn+tbvh\/wveazcBIY8hTl2PCRj\/aPr7fnjNRKooq7NYUnJ2RVtLGW8uFjQOVLbR8uWY+gHc16Rf6jrtt4btvCnh3RRaIxX7UYZNzXDY+Z5nCgYyRhST0PoK3PCXhG2sLaOWFC80oy07csfUL6D\/PrXTSHYn2ewdUZeJJ8Z2D\/Z9T7\/l6159Wvzu3Q9GlhVFeZx3g7wJc6AWlvbuS51BzuZSx8qHPcjoTx09vbnrcxW8bLG5Jzullfkn3\/wDrf1PLdwt0FvbgKq8sznrxySa8y+Knj7+ybddL0yTNzLwQp5Huf6Dt+dZJObN0lBWRnfFLx7Je3P8AwjmjyHdn97Ip6eoOO\/8AL9S74M2iWuuXMERwVsnO7Gct5kfJrz2xt\/s6NLKS9xL8zu3Jr0L4QSCPxFeMziP\/AEFwGPT\/AFkddsqahSZwuq5VV2PQvHQmHhnUQxQgRZ4BHcf4V4NLNhD9O1e3+Mb1bjw\/qTx3cLp5OCNxBH+cV8\/yXW4ZJJ9qjDaQY8TDnmmPL8nPGasQPjoazVlYnkbfpVqN+2f0rqgzKcNDTjZT1wPpxT8gcqfzqnFLxySKl83HXitrnK4ak+89iG9qBM47VB5ufUj3pfMBHU4+lO4uUsiXPUc\/lTtwx0z7VT3gD\/GlzjoD+FFxchbD98il8zFVAx9Qfpmnb8D\/AB4p3E4EDPz1+mKY0m0csF9ec4qNyQyqOAeKReWA7bsVhc6FEd5mQcZx6nilijaY\/LtC927D8agQmW5VHJKmTbj2zXoHw+0yzvNeEU8CyJHsKKegJB5+vvWM6nKjop0uZi+E\/AU19tvLxpLe27MQQ8nsB1A\/X6d\/VNM0aCztkhhijgt0XdsU4wPVj\/n8Kjsf3koLAHCjAxgD6Cr2qyvCdPgjYrHNhpAP4j5m3r9K4pzcnqd8IKK0KtjfGaz+zRLIkcX7p5AuN4HGBn\/Pr\/dp7zO+yGFURMZwG6dzn+ZOfrSX7FMRr8qA7QB0ArK12aS30aR4mKMzMpI9AoIH51KVy9jB8c+P7fw1ZtDA4kncYTg\/O307KP8A659B4xCbi\/un1LUJPNmk5GTnFQeJbma48Rz+bIz+WSFyenH\/ANc1a2hVXH90N+NdlGKRx1pOy8yYygjCnjvilivLi0fzLa5mhl6bonKn8xVckkDJ70yRinCnAreTujlUbPQs3Ot6pJbSRPqFwyOMFWfOazXfjg4P406bkc1WA3DkVgtDpgrrUmSTL4P\/AOurEUgPC5OO1U4zlM8Z5qwoyoY9a2iKUUXopeMA49jUnmEdP1qkrFYHYHkHipSTtU9yOT+FacxzyhqWC5HcijcD259TUIGFzzn600MxYLnincnlLKsQOc\/XilDH0z+NQsAFDY5p5HGffFMViUOOzD\/gI5pRJ2JB\/Q1FgHH1xQ7sBwadyeU\/\/9k=\" class=\"lii-lazy\" data-src='https:\/\/lii-mkt-content.s3.amazonaws.com\/livingston-content\/uploads\/2020\/11\/07093505\/masthead-services-customs-brokerage-home-1.jpg' alt=\"\" \/>\n\t\t\t<\/div>\n\n\t<!--\t\t<div class=\"masthead-breadcrumbs\">-->\n<!--\t\t\t<div class=\"grid-container\">-->\n<!--\t\t\t\t<div class=\"grid-x\">-->\n<!--\t\t\t\t\t<div class=\"small-12 cell\">-->\n<!--\t\t\t\t\t\t--><!--\t\t\t\t\t<\/div>-->\n<!--\t\t\t\t<\/div>-->\n<!--\t\t\t<\/div>-->\n<!--\t\t<\/div>-->\n\t\n<\/section>\n<!-- \/ MASTHEAD: MAIN -->\n","protected":false},"excerpt":{"rendered":"","protected":false},"author":36,"featured_media":0,"parent":27117,"menu_order":284,"comment_status":"closed","ping_status":"closed","template":"template-retired\/page-services-customs-brokerage-advert.php","meta":{"_acf_changed":false,"footnotes":""},"class_list":["post-104","page","type-page","status-publish","hentry"],"acf":[],"yoast_head":"<!-- This site is optimized with the Yoast SEO plugin v26.8 - https:\/\/yoast.com\/product\/yoast-seo-wordpress\/ -->\n<title>Courtage en douane - Livingston International<\/title>\n<meta name=\"robots\" content=\"noindex, follow, max-snippet:-1, max-image-preview:large, max-video-preview:-1\" \/>\n<meta property=\"og:locale\" content=\"fr_FR\" \/>\n<meta property=\"og:type\" content=\"article\" \/>\n<meta property=\"og:title\" content=\"Courtage en douane - Livingston International\" \/>\n<meta property=\"og:url\" content=\"https:\/\/staging.livingstonintl.com\/fr\/services-fr\/courtage-en-douane\/\" \/>\n<meta property=\"og:site_name\" content=\"Livingston International\" \/>\n<meta property=\"article:publisher\" content=\"https:\/\/www.facebook.com\/livingstoninternational\" \/>\n<meta property=\"article:modified_time\" content=\"2020-12-23T20:07:40+00:00\" \/>\n<script type=\"application\/ld+json\" class=\"yoast-schema-graph\">{\"@context\":\"https:\/\/schema.org\",\"@graph\":[{\"@type\":\"WebPage\",\"@id\":\"https:\/\/staging.livingstonintl.com\/fr\/services-fr\/courtage-en-douane\/\",\"url\":\"https:\/\/staging.livingstonintl.com\/fr\/services-fr\/courtage-en-douane\/\",\"name\":\"Courtage en douane - Livingston International\",\"isPartOf\":{\"@id\":\"https:\/\/staging.livingstonintl.com\/fr\/#website\"},\"datePublished\":\"2015-04-27T19:46:19+00:00\",\"dateModified\":\"2020-12-23T20:07:40+00:00\",\"breadcrumb\":{\"@id\":\"https:\/\/staging.livingstonintl.com\/fr\/services-fr\/courtage-en-douane\/#breadcrumb\"},\"inLanguage\":\"fr-FR\",\"potentialAction\":[{\"@type\":\"ReadAction\",\"target\":[\"https:\/\/staging.livingstonintl.com\/fr\/services-fr\/courtage-en-douane\/\"]}]},{\"@type\":\"BreadcrumbList\",\"@id\":\"https:\/\/staging.livingstonintl.com\/fr\/services-fr\/courtage-en-douane\/#breadcrumb\",\"itemListElement\":[{\"@type\":\"ListItem\",\"position\":1,\"name\":\"Accueil\",\"item\":\"https:\/\/staging.livingstonintl.com\/fr\/\"},{\"@type\":\"ListItem\",\"position\":2,\"name\":\"Services\",\"item\":\"https:\/\/staging.livingstonintl.com\/fr\/services-fr\/\"},{\"@type\":\"ListItem\",\"position\":3,\"name\":\"Courtage en douane\"}]},{\"@type\":\"WebSite\",\"@id\":\"https:\/\/staging.livingstonintl.com\/fr\/#website\",\"url\":\"https:\/\/staging.livingstonintl.com\/fr\/\",\"name\":\"Livingston International\",\"description\":\"Simplify Trade\",\"potentialAction\":[{\"@type\":\"SearchAction\",\"target\":{\"@type\":\"EntryPoint\",\"urlTemplate\":\"https:\/\/staging.livingstonintl.com\/fr\/?s={search_term_string}\"},\"query-input\":{\"@type\":\"PropertyValueSpecification\",\"valueRequired\":true,\"valueName\":\"search_term_string\"}}],\"inLanguage\":\"fr-FR\"}]}<\/script>\n<!-- \/ Yoast SEO plugin. -->","yoast_head_json":{"title":"Courtage en douane - Livingston International","robots":{"index":"noindex","follow":"follow","max-snippet":"max-snippet:-1","max-image-preview":"max-image-preview:large","max-video-preview":"max-video-preview:-1"},"og_locale":"fr_FR","og_type":"article","og_title":"Courtage en douane - Livingston International","og_url":"https:\/\/staging.livingstonintl.com\/fr\/services-fr\/courtage-en-douane\/","og_site_name":"Livingston International","article_publisher":"https:\/\/www.facebook.com\/livingstoninternational","article_modified_time":"2020-12-23T20:07:40+00:00","schema":{"@context":"https:\/\/schema.org","@graph":[{"@type":"WebPage","@id":"https:\/\/staging.livingstonintl.com\/fr\/services-fr\/courtage-en-douane\/","url":"https:\/\/staging.livingstonintl.com\/fr\/services-fr\/courtage-en-douane\/","name":"Courtage en douane - Livingston International","isPartOf":{"@id":"https:\/\/staging.livingstonintl.com\/fr\/#website"},"datePublished":"2015-04-27T19:46:19+00:00","dateModified":"2020-12-23T20:07:40+00:00","breadcrumb":{"@id":"https:\/\/staging.livingstonintl.com\/fr\/services-fr\/courtage-en-douane\/#breadcrumb"},"inLanguage":"fr-FR","potentialAction":[{"@type":"ReadAction","target":["https:\/\/staging.livingstonintl.com\/fr\/services-fr\/courtage-en-douane\/"]}]},{"@type":"BreadcrumbList","@id":"https:\/\/staging.livingstonintl.com\/fr\/services-fr\/courtage-en-douane\/#breadcrumb","itemListElement":[{"@type":"ListItem","position":1,"name":"Accueil","item":"https:\/\/staging.livingstonintl.com\/fr\/"},{"@type":"ListItem","position":2,"name":"Services","item":"https:\/\/staging.livingstonintl.com\/fr\/services-fr\/"},{"@type":"ListItem","position":3,"name":"Courtage en douane"}]},{"@type":"WebSite","@id":"https:\/\/staging.livingstonintl.com\/fr\/#website","url":"https:\/\/staging.livingstonintl.com\/fr\/","name":"Livingston International","description":"Simplify Trade","potentialAction":[{"@type":"SearchAction","target":{"@type":"EntryPoint","urlTemplate":"https:\/\/staging.livingstonintl.com\/fr\/?s={search_term_string}"},"query-input":{"@type":"PropertyValueSpecification","valueRequired":true,"valueName":"search_term_string"}}],"inLanguage":"fr-FR"}]}},"_links":{"self":[{"href":"https:\/\/staging.livingstonintl.com\/fr\/wp-json\/wp\/v2\/pages\/104","targetHints":{"allow":["GET"]}}],"collection":[{"href":"https:\/\/staging.livingstonintl.com\/fr\/wp-json\/wp\/v2\/pages"}],"about":[{"href":"https:\/\/staging.livingstonintl.com\/fr\/wp-json\/wp\/v2\/types\/page"}],"author":[{"embeddable":true,"href":"https:\/\/staging.livingstonintl.com\/fr\/wp-json\/wp\/v2\/users\/36"}],"replies":[{"embeddable":true,"href":"https:\/\/staging.livingstonintl.com\/fr\/wp-json\/wp\/v2\/comments?post=104"}],"version-history":[{"count":2,"href":"https:\/\/staging.livingstonintl.com\/fr\/wp-json\/wp\/v2\/pages\/104\/revisions"}],"predecessor-version":[{"id":52579,"href":"https:\/\/staging.livingstonintl.com\/fr\/wp-json\/wp\/v2\/pages\/104\/revisions\/52579"}],"up":[{"embeddable":true,"href":"https:\/\/staging.livingstonintl.com\/fr\/wp-json\/wp\/v2\/pages\/27117"}],"wp:attachment":[{"href":"https:\/\/staging.livingstonintl.com\/fr\/wp-json\/wp\/v2\/media?parent=104"}],"curies":[{"name":"wp","href":"https:\/\/api.w.org\/{rel}","templated":true}]}}