{"id":103,"date":"2015-04-27T19:46:43","date_gmt":"2015-04-27T19:46:43","guid":{"rendered":"http:\/\/livingston.gocactus.com\/services\/global-trade-management\/"},"modified":"2020-12-23T18:01:35","modified_gmt":"2020-12-23T23:01:35","slug":"gestion-du-commerce-mondial","status":"publish","type":"page","link":"https:\/\/staging.livingstonintl.com\/fr\/services-fr\/gestion-du-commerce-mondial\/","title":{"rendered":"Gestion du commerce mondial"},"content":{"rendered":"\n\n\n<!-- MASTHEAD: MAIN -->\n<section id=\"masthead-block\" class=\"lii-block lii-block-masthead\">\n\n\t<div class=\"masthead-background hide-for-small-only\">\n\t\t\t\t<img decoding=\"async\" src=\"data:image\/image\/jpeg;base64, \/9j\/4AAQSkZJRgABAQEAYABgAAD\/\/gA7Q1JFQVRPUjogZ2QtanBlZyB2MS4wICh1c2luZyBJSkcgSlBFRyB2NjIpLCBxdWFsaXR5ID0gODIK\/9sAQwAGBAQFBAQGBQUFBgYGBwkOCQkICAkSDQ0KDhUSFhYVEhQUFxohHBcYHxkUFB0nHR8iIyUlJRYcKSwoJCshJCUk\/9sAQwEGBgYJCAkRCQkRJBgUGCQkJCQkJCQkJCQkJCQkJCQkJCQkJCQkJCQkJCQkJCQkJCQkJCQkJCQkJCQkJCQkJCQk\/8AAEQgAawC+AwEiAAIRAQMRAf\/EAB8AAAEFAQEBAQEBAAAAAAAAAAABAgMEBQYHCAkKC\/\/EALUQAAIBAwMCBAMFBQQEAAABfQECAwAEEQUSITFBBhNRYQcicRQygZGhCCNCscEVUtHwJDNicoIJChYXGBkaJSYnKCkqNDU2Nzg5OkNERUZHSElKU1RVVldYWVpjZGVmZ2hpanN0dXZ3eHl6g4SFhoeIiYqSk5SVlpeYmZqio6Slpqeoqaqys7S1tre4ubrCw8TFxsfIycrS09TV1tfY2drh4uPk5ebn6Onq8fLz9PX29\/j5+v\/EAB8BAAMBAQEBAQEBAQEAAAAAAAABAgMEBQYHCAkKC\/\/EALURAAIBAgQEAwQHBQQEAAECdwABAgMRBAUhMQYSQVEHYXETIjKBCBRCkaGxwQkjM1LwFWJy0QoWJDThJfEXGBkaJicoKSo1Njc4OTpDREVGR0hJSlNUVVZXWFlaY2RlZmdoaWpzdHV2d3h5eoKDhIWGh4iJipKTlJWWl5iZmqKjpKWmp6ipqrKztLW2t7i5usLDxMXGx8jJytLT1NXW19jZ2uLj5OXm5+jp6vLz9PX29\/j5+v\/aAAwDAQACEQMRAD8A8fhvnbSZbfHzFNzc5IxwMj8f0rnGQDJYNmvUB4L06KxlihEys4+Z92WNcPqmgy6fKUWGdgP4ivWhRaE5Jl\/wJH515cAKP9WP517P8I\/EMqXEuhMZv3haSEo5GCOo\/rXj3gWdrS\/njWzurmeRPkigiLscc9BWroOv3S6rmKF7dkkOCrESI39K9CjKLgoPc86vCXO5dEfTWdQjIG+74zn52q9o0l22fMnmY9w5zivNdL+KmuWUUaXDC7Uf89VG4j\/eH9c16BpPi99V06O8t\/KO7hlK8o3oeairSmlqkKnOF92bMl7LvEUbMT\/Ewx8vX\/61R6fa6jdTNLdXJW3DEBSoywzx2pq6s6QLJLErMwyFReT1\/wAKdFql1cxlntQqFEdQSc8jkH6VzWdtEdKkr3bF1jU7mKxuF0mNfOhZV+ZeDk8\/pmuD+Kd1MraXHMihSZGYqOcjaP616HJOEWcm3U4I\/wCBV518YL2POnw+XggSvvz0xs4\/WqpLW1gqO6vc57RWDx3LqMAAY\/OpJWyxOaboVtLFaXqTIUkVUYqSMjOCOlRzHYxGOa1kkKBBc4Peuk+Fdstx8M9QiIyDcy8f8BSuYdGY812nweQf8IBejH\/L1L\/6AlTeyuElfT1Ok02zEXhK7t9vGJOK1NMgEdoygYyB\/IUlvHjSLpfXf\/KrNuVityzkKABkmspybv6hGNrehyHhrTQLu3udwHlJKuO5y3\/1qyvGtlJc+KIY4ioZo0IJOOhb\/CtrQJrWbUbYR3CtIqS\/Ipz1Oear6jpGoa3qb3MqW8KIoRcnfwCcH9a6lK1S77HLy3p2XcsTkWXhoLdMqP5QXlup+avmSRf9DtD\/ANMYv\/QBX1FJpyS2dpaXFul2IWBJkAxnDcgfiK+ZLmLbY23HSKMf+Oio3TOmnobWlpu00n\/a\/pWHrEeCa6XRIt2lE\/7X9KwdbTBaqmvcNIPVnGXg+aquKuXo+c1UNcR0Ht4jGzpXIeK2CSDPoK9Ca88KzW0ckWqtHvXoy7sGuR8aaLvhW7sriK7t2HDx1vD3tjCp7u5d8Ha7rOmaM76RaafbhwQ2oNaiSYc\/dyT27fWqcei7kjuYZZPtaHcScfvMnlTnNdl4Gezj+Gt1Zi3YXjSZLk5B+YEY\/AVj2Vs0t8qNJHEjOMswOB7120oJ62OCrN7I1NM0ebUli+yhpjKSqqF5Dd1I7Ef\/AF+ld34b0qbwnffZ7mGOTz1G+JXDbTuUAn0+8fwrJubqy0G23+FbhpNXK\/vrl8qky\/3NpH5NjI9etXPAF5\/bCXN3KW84PtlWT76NlSQf881NScnF32CMYprl3PQ0MOyNzDtJAwPTipPMi252HGBTgYCBycduKB5LDgnH0rzLnooZLJD5chIOB1rzj4sLayTWKlS8+JB5QYBmUlcnocAY6njt1Nekv5RDIGXzCM4YZA9MivPPHmnWcOoWcgffdSxzGR2HzSDdH1PoOw6DNa0fiIqLQ4a38WWlpBcGXT72OdkWEykbl2ryuVAwoGfXNbD24mCyrgh1DDHuK6Dw\/Bt029GBhiMgqDnP1qvNbKj7FXaoAAHoKuUtbDguphG0x2rofhTdR2PgG7eRXYG8kUBFJJJVaqtbZU460z4NJMPBt5DLK0hjvXySc5OFoWq1JqabFvxt8U7fwppwgTTb+aaYln2R\/JGnux4z+dXvAHjbTPiHpN0sEzyP8omt7gANEO3A6g4615v8TNT1aFJWltYHt5nWO2MEzBycFnJB7Aj05zxTv2dYlk8QancySsJxZqvlFTyDJyScYyCF\/M1lTqqXNZaG1XD+zSbep7YulwWwUQxrEQcfuxjirIgSGMhFAHWpihY59Oaa7xrAWkdUXJGWOOlVzXMVFIqlQI8kZBHWvlu9g\/4l8Jx0VR+lfTV\/rem2lsJpLyHyxgcMCTyRwB7gV86XcQfS43UfKRxW9JaMlvVGn4fhzo54\/irndfj2lq7Hw7D\/AMSVv96uZ8SR4LVrJe6EPiPPL4Yc1TIq\/qA+c1RNcDOss2moyR2gXgg8ZY9K6Xwtr0MMotrmfZDNwTnIU+prjI1Xy5XVDsxjk5wa1PDVpbXd4n2hm2g5O0gH9adK6loKtZx1PoPSdH03TfCk041W3a6yXEAYfMu7jHrwc1h6c0czMWbYwxtGODXWfD\/wTBrnhyW6O8CQMkJZ84xkdBXKxw3FncyWksLLJCxVl6YPcV6dGSu0meRVi7XaOjs7fCqSNxPfFaEVrNYSHUdNXZqA4MROI7lAR8j+\/XDdvpxVXSriV4VBiYIn8RrjviL8StT8Oa6mn6WlqIzCsjNLGWbcSffGOB2oqvuKjFt6HvWjXdvq2mw3CuA+NsiE8xuOCpHrU32uy82OCK9txNLkIN4JOODgdyP0ryXwz\/wmOr+GotbuNcW1W8+79kjiwVJCjPB+bOfcVeh8CeIX1jSdVm1K4uxZuSpYpgLkHAx+NcfsVvzHX7Z7KJ6ssEcSY3AepJ5J9TXE+O7JX1PT5QwJEM64zzy0X+FbOp+H57+ymhkuJmP2gSxnPKjJ4HtziuL+M1zqOkDTb6wm8p\/MeItsVuCASOQf7o\/KopRvJJM0nPS7Whv6HZkafcj1I\/mKguLUozFxgDuelcJ4S8fX8kdyNRmO1JNu5PlH5CsTxl42juLiUC4Zo16ZPWtfqzvqyViFbRHpIuLBo7kR3lvJcRRlxAkqlz77c5x+FcTD4zk0NI9M0Z2t7SSUyzyLgs2RjIJ6dB0rzfwt4ne0vtY1GMnK26xrxn7zen4VPbzTXVu1wAQCF647rnGa55JptJ6HSrNJtamf411LUlksvtiXhuERhDNKQVeJXZcqeeOD3GDnjvXuPwVm0i28IXqaQ8J1hYVkumY\/vHfBIyCfuDOBjj8Sa4i18M2\/irwxbrdeXDBa6mXur2ecKscCoTtO4gYLMOnPJPY15zBq17baw+p2bvZSuxePyGI2L2APXpRTSV0Os3KzufTnhLxLruu6jBJcwCO0YSbuechT2+tYHxG0i+kbVnh1KaFRtliiBO05zuyew4\/M10Pw0ubi68OaRdyPG7XEDPMyrgE8\/lzXJfF2VLbVLiXVLFbhREhsnjkdNuWIYOQMHntmnialr8mhngqalL39bHgN1qdwdwbAOSMjrXUeEdUl1TR7m0nJc2pUox\/unPH4YrlNR3TXkqpHzLKSoUfoK0vB17JY6obVwAl2NjA9QRkr\/n3pUZcsjWsro9f8PQ40Zxj+KuV8Tx4312uhR7dJkH+1\/jXnPjfX0t76SyhRWdMb2boCRnFdkmlHU5IJ8xxGpDEhrPNXLqYzEs2M+1UzXCzsNm40CTTNE+03ilBI5jjA6swwSfpiufF26yK8PyFTxivZ\/HKxXujtYQssoFwLiB8dIpBn\/wBCD\/hiuHHg+xsohe3V03lKQWTbkt7VUFpcqtvY9Y+EHxUurLwvNaXNhlbbOyZT98nJ6U5byXUtRn1C9Kq8x3FVXBP4V57p\/jeOxjmjtLBEhZQql3wVA79OK2fDuvTXrkqI5h1yJ8k\/pXXRqQXvPRs8+vRley1R6JbXQZBFGwVRzjFeK\/E+VpfGdwHYHy0RePpn+te06U02wlbSEHAwTIf\/AImvC\/iHctN4z1N3AyJQvByOFAp1K0JK0WRSozjK8kb3g\/xbd2unSaQ1ywhAMkKbsDrkgfz\/ADrrbn4m32nQ6XYRz3AgdG8wxrlvvDHH4V5Ba3Rt5oZggby2DbT0Yelei6ZqMNz4r0ERWhZHEYVd\/A3SHnpUtXVzOVNqenU90034o+G7yMxi8uEcckS20iY\/MVyfxh8Q6Vq2mabDa3iSOZ9xAB4BGATx6mtX4g62iWdobi0yv2reAsuP4CP7teX+Lr6O+a12Q+Xs8offzn5j7CopRSfOjrldrlZQ1Up4cs2hnuYS8zGYeXu5UkDuvWvNtf1AXN25jcleO2O1dz491iGN7eGUsMx8YGR1rznUpEluJNh5GMjHtWlWo3EilSUZMuaHK6aLrBQKSyxr8yBuMsT16dOtdTb6gU0OBAE+ZkBOOQBwensKxPB+6bS9ehwpMlvGgOMbfnzn8gR+Nbum2D\/Z4I5IGljyDhck5\/CuVnUjRfVrAeF9V067LNdC4RoYicqy4VifbG059mrjpL1NQnMMVqVkUBHlEnyCMc4C4457kmtjXUMWuyRzOqwNKuV4YZZAvB9sjP0qQaHaaRHKsU6yyT2sU7hlOULxhyuRx36ULuD7H0b8JYPs3w\/0pXyGa3ZgG64LMf5Gr+vaBpeu61HFqtnHdRJCWCyE4B3egNcj4D8aW1l4N0SM2U0hitdu4MOuCK1b\/wAdWxee\/ksZUhjt23szjgDJJ\/KtPZNu7Ry+0S0T1PB\/inolp4T1waXaSeZ5TGZWDZKo3KA\/7QHB9eDXFW9yI7mO5hLLKjBsMc8g+tWdd1efW9XvdQueHuZGlxn7oJ4H4DA\/CstW2sDWFktjt5m9z6M8L3aX+gJdIMLKqvjPQ85FeT\/ELTBaa7NcpcROJ8OYtw3ocY6elb3w88V22k+D9XFzKDLanzYomPLBsAAf8C6+ma88uruW9uZbm4cvLKxZmPcmt6lROCRhCLUmyBz8tQHrUznioCea5zc9HvfFOmw+E9PC3DXclvGbYnYVbbkMgOfQZGRxXNDxMbhz9rhlaFukSgAf41z3nxWtm8G9ponIdM\/KQRn9OTVGW5aQ4X5V9K3sokOTep0Oq6hakxxrprwCQ4x5g+b61paPqN\/p2p2kGiRok9wmJAxBDLnoc9OlcgsiTyRG4+VF+Xcg\/nXR2Wj3X2iG60+6tEIO1xK4UAj2JJb8Aai+tkFtNT2bTZfF5jzFpFi68fwoeMf71c7c\/CTUvEN5JqEsDQyXLl2wyAc+gLCtLwzp6XcPl3fifSLWfsLezMgH+8zgL+grZ1u01jQ1hFi6avZsn766tLRWlXnoQuQuR0IU1SUl0IbT6nGzfCW2s9sVxc3KyhiHxIgHtjr\/AD9a6LwL4b07TfFlrJrN5bQW9pABbedcRq0jA4BIzkdc9O1cl43+ID6Pv07SpZDLJEEkaSNB5IPPyjGQ5z1PTt7c9o17qr6AXimP2Uy75eBuJDZ4YjOeQSc1fPpy9SOX3ubofQXxNtbV9PtJLD7NcLHId4Eythscfpn9K8tv9CnvbO81JlhjisRbs6vMAxzJjgd8ZrodO8QWureHV0QXWoahqK3JvJ5rgBhyu3AOSTg1W1yG90\/wpqOntplza\/bXVZnl2MsiKdyMuGBUeow3bpzUxbSszV66o4LW9ObXGE0cNxCbEs9yZwAsaAjgjsd2Bjnr25qk3hq98Wy3WpaNp8QtTKVEUcijywAML8xBJwR071J4a8R3t9KfD0t2lla6lNvuZ\/I809Dg7QMkdeORya7jRNNOhXtvb6Bq+lalbyhpXkt1cMOcbmjbAXp\/ewOePRTaRSipNcvzOH8L6XdaJNqCX8DW6uqxlpWCqpBPVs4A6c1IusazbSsLWbQotpwrxX0PI9fmkP8AKuultNO1C1u5H1Wyudkh+1NE37uINnbkk45xjAJwT715JrscMF9Pb294s0ERJjlAI8z26dR\/Ss7qWw2nF6m3LObd7i91u\/MjSgmJdPuYA7S9fnMe7C\/l1q7pPiN\/7Ii0mKQy388rJ5jYypJAAZyecevTGK4AMevzfWr2kWEuq6jBZQSRJJM21TK2FJ7AmhWW4aydkfRuh6RDpelWunjUtPfyF2ljMOTnJ7dMmsb4h3oi8NS2dnNbzXF7ItuoibJxnLdumFNYPhXRPiBp9zHDcKI7ENtJuW85QP8AZ2Zbp+Fb2v8AhvWrnxHpl1iODRbOVbiZ70C3yc4YDJJY4LYAH+NU8UmuVMhYOUXzSTPEc7pDjnA61Ex5rU8S6MPDuqNardx3UbIrxyxjAdT\/APXBH4Vjl8ms73LtYtROSNualJxxVWFwGBNSl8mgY5zxUJNSycRg+tVy3NAFD5tuSeOgoRdzgFgoPc9BSKNxqaJxF95M1ZB0Ph600zbL9rvFkUrzGsLNkfjjmun0\/wAV6FoixGDw8Lp1HE00eWz7bt2K8+TUFQjajD6HFbsWs7bJTslAIwfm681V1YVnc7tviy1+PL1DTLEwr9xDp6Sbf++iR+lVJ\/E2k3enXOnW95\/ZUd0yvJ5dgqLlTkEhCM1x0ficRD\/USH\/gdWB40WPH+hE\/WT\/61F0Go+78K6VKN9t4ilvp3b7qWTDk+pZgBXTeBfDvi7RYLprWMqruNipJE6uTxuPzEjHXgHNc8vxE8scaf\/5F\/wDrVf0fx9cCR5hpwEZG3\/XEZP5UJK4nsetab4c8YaYXvNRk0WTcuAyWQVu3UoFJ\/GpbvVdeew1E3Ou3biW3eIW6Ro0XIxgBlJx+NeXT\/EWdxj7AuPQzE\/0qBPiPcxH5dOg\/FzV2XVBCbiZWl+HNXstYtbtYWzE4YExMRx6gY\/nXZeJ11PUdOiSSCC6b5F8qC3ECbVHAcYJb8xXNS\/FPUcnFjajnuW\/xqs3xQ1XqLWzH4N\/jTco9hJu1rnSx2Hh0QgHSdUgY7Sfs9suRj0c5459BWXq+h+Hb5gyaX4ocqMcyRL\/7IaxT8RtViiSJYLTCKFB2t2\/Gq7\/ELV26Laj6If8AGs2i0y1J4HsLm3EsDapZuZNghmjWU7cZ3EjaPas618EahJGJXdYSGx5bq4Yj1BCkUj+O9Yc\/fgH0jqNvGust\/wAvCD6Rr\/hSGej2enXY077O3jS5tVIA8kISAB24FZ2r6c+6Nx4m\/tAqwzE0TruA7E8VwjeLdYbreY+ka\/4VG3iDU3OTdvn2AH9KVo\/yornl3NO98Matdur5WZVXAYsBj2qi\/h29j+8EGP8AaqH+39UIx9umx7NioG1K8f71zKf+BGkyUWTpc8f3in51ADg4NR\/aZW6yOfq1IH96kosznEaD2qqW5p7ybkA9Kh3c0AVlcqciguW60lFWQAPNW0u3SHy1Y8HoeRiqlOycmgaJxOzcbE+oGKY0jZwcD6UdqGHFAWNrw8kEkUxkiR3VgQWGSBj\/AOtWhM\/UdqxtAYieVQeCmSPxrSkJLHJqkyGtRjtUDtg05ic1BITVXJsVZW+Y\/Woi1Ep+Y\/Wos1JSQ6U\/MajJpz\/eP1qM0myhc0ZppopAPzShqYKd2oAduo3U2jvQBIGpQajFKDUtFJjyTimlqWTrj2qOkM\/\/2Q==\" data-src='https:\/\/lii-mkt-content.s3.amazonaws.com\/livingston-content\/uploads\/2020\/11\/06103754\/masthead-services-gtm-home.jpg' alt=\"\" \/>\n\t\t\t<\/div>\n\n\t<div class=\"masthead-container\" style=\"background: linear-gradient(90deg, rgba(0, 14, 28, 0.7) 0%, rgba(49, 70, 87, 0) 67%);\">\n\t\t<div class=\"grid-container\">\n\t\t\t<div id=\"mastheadContent\" class=\"masthead-content \" style=\"filter: drop-shadow(0px 0px 40px rgba(42, 52, 61, 0.5))\">\n\t\t\t\t<div class=\"grid-x masthead-breadcrumbs\">\n\t\t\t\t\t<div class=\"small-12 cell\">\n\t\t\t\t\t\t\n\n\t<section class=\"breadcrumbs hide-for-small-only clearfix\" itemprop=\"breadcrumb\">\n\t\t<span property=\"itemListElement\" typeof=\"ListItem\">\n\t\t\t\t\t<a property=\"item\" typeof=\"WebPage\" title=\"Aller \u00e0 Soci\u00e9t\u00e9 internationale Livingston.\" href=\"https:\/\/staging.livingstonintl.com\/fr\/\" class=\"home\"><span property=\"name\">Accueil<\/span><\/a>&nbsp;\/&nbsp;\n\t\t\t\t<meta property=\"position\" content=\"1\"><\/span>\n\t\t<\/section>\n\t\t\t\t\t<\/div>\n\t\t\t\t<\/div>\n\t\t\t\t<div class=\"grid-x\">\n\t\t\t\t\t<div class=\"small-12 cell\">\n\t\t\t\t\t\t<h1 style=\"filter: drop-shadow(0px 0px 40px rgba(42, 52, 61, 0.5)); width:calc(1em * 10.7);\">\n\t\t\t\t\t\t\t<span class=\"white\">EXPERTISE COMPL\u00c8TE <br>EN MATI\u00c8RE DE<\/span>\n\t\t\t\t\t\t\t<span class=\"orange\">GESTION DU <br>COMMERCE MONDIAL.<\/span>\n\t\t\t\t\t\t<\/h1>\n\t\t\t\t\t<\/div>\n\t\t\t\t<\/div>\n\t\t\t\t<div class=\"grid-x\">\n\t\t\t\t\t<div class=\"small-12 cell\">\n\t\t\t\t\t\t<p style=\"width:calc(1em * 29);\">\n\t\t\t\t\t\t\tChaque portion du commerce mondial peut \u00eatre effectu\u00e9e plus efficacement. Nous r\u00e9unissons les meilleurs talents, processus et technologies de leur cat\u00e9gorie pour vous aider \u00e0 optimiser vos co\u00fbts et les d\u00e9lais d\u2019acheminement.\t\t\t\t\t\t<\/p>\n\t\t\t\t\t\t\t\t\t\t\t<\/div>\n\t\t\t\t<\/div>\n\t\t\t<\/div>\n\t\t<\/div>\n\t<\/div>\n\n\t<div class=\"masthead-background show-for-small-only\">\n\t\t\t\t\t<img decoding=\"async\" src=\"data:image\/image\/jpeg;base64, \/9j\/4AAQSkZJRgABAQEAYABgAAD\/\/gA7Q1JFQVRPUjogZ2QtanBlZyB2MS4wICh1c2luZyBJSkcgSlBFRyB2NjIpLCBxdWFsaXR5ID0gODIK\/9sAQwAGBAQFBAQGBQUFBgYGBwkOCQkICAkSDQ0KDhUSFhYVEhQUFxohHBcYHxkUFB0nHR8iIyUlJRYcKSwoJCshJCUk\/9sAQwEGBgYJCAkRCQkRJBgUGCQkJCQkJCQkJCQkJCQkJCQkJCQkJCQkJCQkJCQkJCQkJCQkJCQkJCQkJCQkJCQkJCQk\/8AAEQgAawC+AwEiAAIRAQMRAf\/EAB8AAAEFAQEBAQEBAAAAAAAAAAABAgMEBQYHCAkKC\/\/EALUQAAIBAwMCBAMFBQQEAAABfQECAwAEEQUSITFBBhNRYQcicRQygZGhCCNCscEVUtHwJDNicoIJChYXGBkaJSYnKCkqNDU2Nzg5OkNERUZHSElKU1RVVldYWVpjZGVmZ2hpanN0dXZ3eHl6g4SFhoeIiYqSk5SVlpeYmZqio6Slpqeoqaqys7S1tre4ubrCw8TFxsfIycrS09TV1tfY2drh4uPk5ebn6Onq8fLz9PX29\/j5+v\/EAB8BAAMBAQEBAQEBAQEAAAAAAAABAgMEBQYHCAkKC\/\/EALURAAIBAgQEAwQHBQQEAAECdwABAgMRBAUhMQYSQVEHYXETIjKBCBRCkaGxwQkjM1LwFWJy0QoWJDThJfEXGBkaJicoKSo1Njc4OTpDREVGR0hJSlNUVVZXWFlaY2RlZmdoaWpzdHV2d3h5eoKDhIWGh4iJipKTlJWWl5iZmqKjpKWmp6ipqrKztLW2t7i5usLDxMXGx8jJytLT1NXW19jZ2uLj5OXm5+jp6vLz9PX29\/j5+v\/aAAwDAQACEQMRAD8A8fhvnbSZbfHzFNzc5IxwMj8f0rnGQDJYNmvUB4L06KxlihEys4+Z92WNcPqmgy6fKUWGdgP4ivWhRaE5Jl\/wJH515cAKP9WP517P8I\/EMqXEuhMZv3haSEo5GCOo\/rXj3gWdrS\/njWzurmeRPkigiLscc9BWroOv3S6rmKF7dkkOCrESI39K9CjKLgoPc86vCXO5dEfTWdQjIG+74zn52q9o0l22fMnmY9w5zivNdL+KmuWUUaXDC7Uf89VG4j\/eH9c16BpPi99V06O8t\/KO7hlK8o3oeairSmlqkKnOF92bMl7LvEUbMT\/Ewx8vX\/61R6fa6jdTNLdXJW3DEBSoywzx2pq6s6QLJLErMwyFReT1\/wAKdFql1cxlntQqFEdQSc8jkH6VzWdtEdKkr3bF1jU7mKxuF0mNfOhZV+ZeDk8\/pmuD+Kd1MraXHMihSZGYqOcjaP616HJOEWcm3U4I\/wCBV518YL2POnw+XggSvvz0xs4\/WqpLW1gqO6vc57RWDx3LqMAAY\/OpJWyxOaboVtLFaXqTIUkVUYqSMjOCOlRzHYxGOa1kkKBBc4Peuk+Fdstx8M9QiIyDcy8f8BSuYdGY812nweQf8IBejH\/L1L\/6AlTeyuElfT1Ok02zEXhK7t9vGJOK1NMgEdoygYyB\/IUlvHjSLpfXf\/KrNuVityzkKABkmspybv6hGNrehyHhrTQLu3udwHlJKuO5y3\/1qyvGtlJc+KIY4ioZo0IJOOhb\/CtrQJrWbUbYR3CtIqS\/Ipz1Oear6jpGoa3qb3MqW8KIoRcnfwCcH9a6lK1S77HLy3p2XcsTkWXhoLdMqP5QXlup+avmSRf9DtD\/ANMYv\/QBX1FJpyS2dpaXFul2IWBJkAxnDcgfiK+ZLmLbY23HSKMf+Oio3TOmnobWlpu00n\/a\/pWHrEeCa6XRIt2lE\/7X9KwdbTBaqmvcNIPVnGXg+aquKuXo+c1UNcR0Ht4jGzpXIeK2CSDPoK9Ca88KzW0ckWqtHvXoy7sGuR8aaLvhW7sriK7t2HDx1vD3tjCp7u5d8Ha7rOmaM76RaafbhwQ2oNaiSYc\/dyT27fWqcei7kjuYZZPtaHcScfvMnlTnNdl4Gezj+Gt1Zi3YXjSZLk5B+YEY\/AVj2Vs0t8qNJHEjOMswOB7120oJ62OCrN7I1NM0ebUli+yhpjKSqqF5Dd1I7Ef\/AF+ld34b0qbwnffZ7mGOTz1G+JXDbTuUAn0+8fwrJubqy0G23+FbhpNXK\/vrl8qky\/3NpH5NjI9etXPAF5\/bCXN3KW84PtlWT76NlSQf881NScnF32CMYprl3PQ0MOyNzDtJAwPTipPMi252HGBTgYCBycduKB5LDgnH0rzLnooZLJD5chIOB1rzj4sLayTWKlS8+JB5QYBmUlcnocAY6njt1Nekv5RDIGXzCM4YZA9MivPPHmnWcOoWcgffdSxzGR2HzSDdH1PoOw6DNa0fiIqLQ4a38WWlpBcGXT72OdkWEykbl2ryuVAwoGfXNbD24mCyrgh1DDHuK6Dw\/Bt029GBhiMgqDnP1qvNbKj7FXaoAAHoKuUtbDguphG0x2rofhTdR2PgG7eRXYG8kUBFJJJVaqtbZU460z4NJMPBt5DLK0hjvXySc5OFoWq1JqabFvxt8U7fwppwgTTb+aaYln2R\/JGnux4z+dXvAHjbTPiHpN0sEzyP8omt7gANEO3A6g4615v8TNT1aFJWltYHt5nWO2MEzBycFnJB7Aj05zxTv2dYlk8QancySsJxZqvlFTyDJyScYyCF\/M1lTqqXNZaG1XD+zSbep7YulwWwUQxrEQcfuxjirIgSGMhFAHWpihY59Oaa7xrAWkdUXJGWOOlVzXMVFIqlQI8kZBHWvlu9g\/4l8Jx0VR+lfTV\/rem2lsJpLyHyxgcMCTyRwB7gV86XcQfS43UfKRxW9JaMlvVGn4fhzo54\/irndfj2lq7Hw7D\/AMSVv96uZ8SR4LVrJe6EPiPPL4Yc1TIq\/qA+c1RNcDOss2moyR2gXgg8ZY9K6Xwtr0MMotrmfZDNwTnIU+prjI1Xy5XVDsxjk5wa1PDVpbXd4n2hm2g5O0gH9adK6loKtZx1PoPSdH03TfCk041W3a6yXEAYfMu7jHrwc1h6c0czMWbYwxtGODXWfD\/wTBrnhyW6O8CQMkJZ84xkdBXKxw3FncyWksLLJCxVl6YPcV6dGSu0meRVi7XaOjs7fCqSNxPfFaEVrNYSHUdNXZqA4MROI7lAR8j+\/XDdvpxVXSriV4VBiYIn8RrjviL8StT8Oa6mn6WlqIzCsjNLGWbcSffGOB2oqvuKjFt6HvWjXdvq2mw3CuA+NsiE8xuOCpHrU32uy82OCK9txNLkIN4JOODgdyP0ryXwz\/wmOr+GotbuNcW1W8+79kjiwVJCjPB+bOfcVeh8CeIX1jSdVm1K4uxZuSpYpgLkHAx+NcfsVvzHX7Z7KJ6ssEcSY3AepJ5J9TXE+O7JX1PT5QwJEM64zzy0X+FbOp+H57+ymhkuJmP2gSxnPKjJ4HtziuL+M1zqOkDTb6wm8p\/MeItsVuCASOQf7o\/KopRvJJM0nPS7Whv6HZkafcj1I\/mKguLUozFxgDuelcJ4S8fX8kdyNRmO1JNu5PlH5CsTxl42juLiUC4Zo16ZPWtfqzvqyViFbRHpIuLBo7kR3lvJcRRlxAkqlz77c5x+FcTD4zk0NI9M0Z2t7SSUyzyLgs2RjIJ6dB0rzfwt4ne0vtY1GMnK26xrxn7zen4VPbzTXVu1wAQCF647rnGa55JptJ6HSrNJtamf411LUlksvtiXhuERhDNKQVeJXZcqeeOD3GDnjvXuPwVm0i28IXqaQ8J1hYVkumY\/vHfBIyCfuDOBjj8Sa4i18M2\/irwxbrdeXDBa6mXur2ecKscCoTtO4gYLMOnPJPY15zBq17baw+p2bvZSuxePyGI2L2APXpRTSV0Os3KzufTnhLxLruu6jBJcwCO0YSbuechT2+tYHxG0i+kbVnh1KaFRtliiBO05zuyew4\/M10Pw0ubi68OaRdyPG7XEDPMyrgE8\/lzXJfF2VLbVLiXVLFbhREhsnjkdNuWIYOQMHntmnialr8mhngqalL39bHgN1qdwdwbAOSMjrXUeEdUl1TR7m0nJc2pUox\/unPH4YrlNR3TXkqpHzLKSoUfoK0vB17JY6obVwAl2NjA9QRkr\/n3pUZcsjWsro9f8PQ40Zxj+KuV8Tx4312uhR7dJkH+1\/jXnPjfX0t76SyhRWdMb2boCRnFdkmlHU5IJ8xxGpDEhrPNXLqYzEs2M+1UzXCzsNm40CTTNE+03ilBI5jjA6swwSfpiufF26yK8PyFTxivZ\/HKxXujtYQssoFwLiB8dIpBn\/wBCD\/hiuHHg+xsohe3V03lKQWTbkt7VUFpcqtvY9Y+EHxUurLwvNaXNhlbbOyZT98nJ6U5byXUtRn1C9Kq8x3FVXBP4V57p\/jeOxjmjtLBEhZQql3wVA79OK2fDuvTXrkqI5h1yJ8k\/pXXRqQXvPRs8+vRley1R6JbXQZBFGwVRzjFeK\/E+VpfGdwHYHy0RePpn+te06U02wlbSEHAwTIf\/AImvC\/iHctN4z1N3AyJQvByOFAp1K0JK0WRSozjK8kb3g\/xbd2unSaQ1ywhAMkKbsDrkgfz\/ADrrbn4m32nQ6XYRz3AgdG8wxrlvvDHH4V5Ba3Rt5oZggby2DbT0Yelei6ZqMNz4r0ERWhZHEYVd\/A3SHnpUtXVzOVNqenU90034o+G7yMxi8uEcckS20iY\/MVyfxh8Q6Vq2mabDa3iSOZ9xAB4BGATx6mtX4g62iWdobi0yv2reAsuP4CP7teX+Lr6O+a12Q+Xs8offzn5j7CopRSfOjrldrlZQ1Up4cs2hnuYS8zGYeXu5UkDuvWvNtf1AXN25jcleO2O1dz491iGN7eGUsMx8YGR1rznUpEluJNh5GMjHtWlWo3EilSUZMuaHK6aLrBQKSyxr8yBuMsT16dOtdTb6gU0OBAE+ZkBOOQBwensKxPB+6bS9ehwpMlvGgOMbfnzn8gR+Nbum2D\/Z4I5IGljyDhck5\/CuVnUjRfVrAeF9V067LNdC4RoYicqy4VifbG059mrjpL1NQnMMVqVkUBHlEnyCMc4C4457kmtjXUMWuyRzOqwNKuV4YZZAvB9sjP0qQaHaaRHKsU6yyT2sU7hlOULxhyuRx36ULuD7H0b8JYPs3w\/0pXyGa3ZgG64LMf5Gr+vaBpeu61HFqtnHdRJCWCyE4B3egNcj4D8aW1l4N0SM2U0hitdu4MOuCK1b\/wAdWxee\/ksZUhjt23szjgDJJ\/KtPZNu7Ry+0S0T1PB\/inolp4T1waXaSeZ5TGZWDZKo3KA\/7QHB9eDXFW9yI7mO5hLLKjBsMc8g+tWdd1efW9XvdQueHuZGlxn7oJ4H4DA\/CstW2sDWFktjt5m9z6M8L3aX+gJdIMLKqvjPQ85FeT\/ELTBaa7NcpcROJ8OYtw3ocY6elb3w88V22k+D9XFzKDLanzYomPLBsAAf8C6+ma88uruW9uZbm4cvLKxZmPcmt6lROCRhCLUmyBz8tQHrUznioCea5zc9HvfFOmw+E9PC3DXclvGbYnYVbbkMgOfQZGRxXNDxMbhz9rhlaFukSgAf41z3nxWtm8G9ponIdM\/KQRn9OTVGW5aQ4X5V9K3sokOTep0Oq6hakxxrprwCQ4x5g+b61paPqN\/p2p2kGiRok9wmJAxBDLnoc9OlcgsiTyRG4+VF+Xcg\/nXR2Wj3X2iG60+6tEIO1xK4UAj2JJb8Aai+tkFtNT2bTZfF5jzFpFi68fwoeMf71c7c\/CTUvEN5JqEsDQyXLl2wyAc+gLCtLwzp6XcPl3fifSLWfsLezMgH+8zgL+grZ1u01jQ1hFi6avZsn766tLRWlXnoQuQuR0IU1SUl0IbT6nGzfCW2s9sVxc3KyhiHxIgHtjr\/AD9a6LwL4b07TfFlrJrN5bQW9pABbedcRq0jA4BIzkdc9O1cl43+ID6Pv07SpZDLJEEkaSNB5IPPyjGQ5z1PTt7c9o17qr6AXimP2Uy75eBuJDZ4YjOeQSc1fPpy9SOX3ubofQXxNtbV9PtJLD7NcLHId4Eythscfpn9K8tv9CnvbO81JlhjisRbs6vMAxzJjgd8ZrodO8QWureHV0QXWoahqK3JvJ5rgBhyu3AOSTg1W1yG90\/wpqOntplza\/bXVZnl2MsiKdyMuGBUeow3bpzUxbSszV66o4LW9ObXGE0cNxCbEs9yZwAsaAjgjsd2Bjnr25qk3hq98Wy3WpaNp8QtTKVEUcijywAML8xBJwR071J4a8R3t9KfD0t2lla6lNvuZ\/I809Dg7QMkdeORya7jRNNOhXtvb6Bq+lalbyhpXkt1cMOcbmjbAXp\/ewOePRTaRSipNcvzOH8L6XdaJNqCX8DW6uqxlpWCqpBPVs4A6c1IusazbSsLWbQotpwrxX0PI9fmkP8AKuultNO1C1u5H1Wyudkh+1NE37uINnbkk45xjAJwT715JrscMF9Pb294s0ERJjlAI8z26dR\/Ss7qWw2nF6m3LObd7i91u\/MjSgmJdPuYA7S9fnMe7C\/l1q7pPiN\/7Ii0mKQy388rJ5jYypJAAZyecevTGK4AMevzfWr2kWEuq6jBZQSRJJM21TK2FJ7AmhWW4aydkfRuh6RDpelWunjUtPfyF2ljMOTnJ7dMmsb4h3oi8NS2dnNbzXF7ItuoibJxnLdumFNYPhXRPiBp9zHDcKI7ENtJuW85QP8AZ2Zbp+Fb2v8AhvWrnxHpl1iODRbOVbiZ70C3yc4YDJJY4LYAH+NU8UmuVMhYOUXzSTPEc7pDjnA61Ex5rU8S6MPDuqNardx3UbIrxyxjAdT\/APXBH4Vjl8ms73LtYtROSNualJxxVWFwGBNSl8mgY5zxUJNSycRg+tVy3NAFD5tuSeOgoRdzgFgoPc9BSKNxqaJxF95M1ZB0Ph600zbL9rvFkUrzGsLNkfjjmun0\/wAV6FoixGDw8Lp1HE00eWz7bt2K8+TUFQjajD6HFbsWs7bJTslAIwfm681V1YVnc7tviy1+PL1DTLEwr9xDp6Sbf++iR+lVJ\/E2k3enXOnW95\/ZUd0yvJ5dgqLlTkEhCM1x0ficRD\/USH\/gdWB40WPH+hE\/WT\/61F0Go+78K6VKN9t4ilvp3b7qWTDk+pZgBXTeBfDvi7RYLprWMqruNipJE6uTxuPzEjHXgHNc8vxE8scaf\/5F\/wDrVf0fx9cCR5hpwEZG3\/XEZP5UJK4nsetab4c8YaYXvNRk0WTcuAyWQVu3UoFJ\/GpbvVdeew1E3Ou3biW3eIW6Ro0XIxgBlJx+NeXT\/EWdxj7AuPQzE\/0qBPiPcxH5dOg\/FzV2XVBCbiZWl+HNXstYtbtYWzE4YExMRx6gY\/nXZeJ11PUdOiSSCC6b5F8qC3ECbVHAcYJb8xXNS\/FPUcnFjajnuW\/xqs3xQ1XqLWzH4N\/jTco9hJu1rnSx2Hh0QgHSdUgY7Sfs9suRj0c5459BWXq+h+Hb5gyaX4ocqMcyRL\/7IaxT8RtViiSJYLTCKFB2t2\/Gq7\/ELV26Laj6If8AGs2i0y1J4HsLm3EsDapZuZNghmjWU7cZ3EjaPas618EahJGJXdYSGx5bq4Yj1BCkUj+O9Yc\/fgH0jqNvGust\/wAvCD6Rr\/hSGej2enXY077O3jS5tVIA8kISAB24FZ2r6c+6Nx4m\/tAqwzE0TruA7E8VwjeLdYbreY+ka\/4VG3iDU3OTdvn2AH9KVo\/yornl3NO98Matdur5WZVXAYsBj2qi\/h29j+8EGP8AaqH+39UIx9umx7NioG1K8f71zKf+BGkyUWTpc8f3in51ADg4NR\/aZW6yOfq1IH96kosznEaD2qqW5p7ybkA9Kh3c0AVlcqciguW60lFWQAPNW0u3SHy1Y8HoeRiqlOycmgaJxOzcbE+oGKY0jZwcD6UdqGHFAWNrw8kEkUxkiR3VgQWGSBj\/AOtWhM\/UdqxtAYieVQeCmSPxrSkJLHJqkyGtRjtUDtg05ic1BITVXJsVZW+Y\/Woi1Ep+Y\/Wos1JSQ6U\/MajJpz\/eP1qM0myhc0ZppopAPzShqYKd2oAduo3U2jvQBIGpQajFKDUtFJjyTimlqWTrj2qOkM\/\/2Q==\" class=\"lii-lazy\" data-src='https:\/\/lii-mkt-content.s3.amazonaws.com\/livingston-content\/uploads\/2020\/11\/06103754\/masthead-services-gtm-home.jpg' alt=\"\" \/>\n\t\t\t<\/div>\n\n\t<!--\t\t<div class=\"masthead-breadcrumbs\">-->\n<!--\t\t\t<div class=\"grid-container\">-->\n<!--\t\t\t\t<div class=\"grid-x\">-->\n<!--\t\t\t\t\t<div class=\"small-12 cell\">-->\n<!--\t\t\t\t\t\t--><!--\t\t\t\t\t<\/div>-->\n<!--\t\t\t\t<\/div>-->\n<!--\t\t\t<\/div>-->\n<!--\t\t<\/div>-->\n\t\n<\/section>\n<!-- \/ MASTHEAD: MAIN -->\n","protected":false},"excerpt":{"rendered":"","protected":false},"author":36,"featured_media":0,"parent":27117,"menu_order":273,"comment_status":"closed","ping_status":"closed","template":"template-retired\/page-services-global-trade-advert.php","meta":{"_acf_changed":false,"footnotes":""},"class_list":["post-103","page","type-page","status-publish","hentry"],"acf":[],"yoast_head":"<!-- This site is optimized with the Yoast SEO plugin v26.8 - https:\/\/yoast.com\/product\/yoast-seo-wordpress\/ -->\n<title>Gestion du commerce mondial - Livingston International<\/title>\n<meta name=\"robots\" content=\"noindex, follow, max-snippet:-1, max-image-preview:large, max-video-preview:-1\" \/>\n<meta property=\"og:locale\" content=\"fr_FR\" \/>\n<meta property=\"og:type\" content=\"article\" \/>\n<meta property=\"og:title\" content=\"Gestion du commerce mondial - Livingston International\" \/>\n<meta property=\"og:url\" content=\"https:\/\/staging.livingstonintl.com\/fr\/services-fr\/gestion-du-commerce-mondial\/\" \/>\n<meta property=\"og:site_name\" content=\"Livingston International\" \/>\n<meta property=\"article:publisher\" content=\"https:\/\/www.facebook.com\/livingstoninternational\" \/>\n<meta property=\"article:modified_time\" content=\"2020-12-23T23:01:35+00:00\" \/>\n<script type=\"application\/ld+json\" class=\"yoast-schema-graph\">{\"@context\":\"https:\/\/schema.org\",\"@graph\":[{\"@type\":\"WebPage\",\"@id\":\"https:\/\/staging.livingstonintl.com\/fr\/services-fr\/gestion-du-commerce-mondial\/\",\"url\":\"https:\/\/staging.livingstonintl.com\/fr\/services-fr\/gestion-du-commerce-mondial\/\",\"name\":\"Gestion du commerce mondial - Livingston International\",\"isPartOf\":{\"@id\":\"https:\/\/staging.livingstonintl.com\/fr\/#website\"},\"datePublished\":\"2015-04-27T19:46:43+00:00\",\"dateModified\":\"2020-12-23T23:01:35+00:00\",\"breadcrumb\":{\"@id\":\"https:\/\/staging.livingstonintl.com\/fr\/services-fr\/gestion-du-commerce-mondial\/#breadcrumb\"},\"inLanguage\":\"fr-FR\",\"potentialAction\":[{\"@type\":\"ReadAction\",\"target\":[\"https:\/\/staging.livingstonintl.com\/fr\/services-fr\/gestion-du-commerce-mondial\/\"]}]},{\"@type\":\"BreadcrumbList\",\"@id\":\"https:\/\/staging.livingstonintl.com\/fr\/services-fr\/gestion-du-commerce-mondial\/#breadcrumb\",\"itemListElement\":[{\"@type\":\"ListItem\",\"position\":1,\"name\":\"Accueil\",\"item\":\"https:\/\/staging.livingstonintl.com\/fr\/\"},{\"@type\":\"ListItem\",\"position\":2,\"name\":\"Services\",\"item\":\"https:\/\/staging.livingstonintl.com\/fr\/services-fr\/\"},{\"@type\":\"ListItem\",\"position\":3,\"name\":\"Gestion du commerce mondial\"}]},{\"@type\":\"WebSite\",\"@id\":\"https:\/\/staging.livingstonintl.com\/fr\/#website\",\"url\":\"https:\/\/staging.livingstonintl.com\/fr\/\",\"name\":\"Livingston International\",\"description\":\"Simplify Trade\",\"potentialAction\":[{\"@type\":\"SearchAction\",\"target\":{\"@type\":\"EntryPoint\",\"urlTemplate\":\"https:\/\/staging.livingstonintl.com\/fr\/?s={search_term_string}\"},\"query-input\":{\"@type\":\"PropertyValueSpecification\",\"valueRequired\":true,\"valueName\":\"search_term_string\"}}],\"inLanguage\":\"fr-FR\"}]}<\/script>\n<!-- \/ Yoast SEO plugin. -->","yoast_head_json":{"title":"Gestion du commerce mondial - Livingston International","robots":{"index":"noindex","follow":"follow","max-snippet":"max-snippet:-1","max-image-preview":"max-image-preview:large","max-video-preview":"max-video-preview:-1"},"og_locale":"fr_FR","og_type":"article","og_title":"Gestion du commerce mondial - Livingston International","og_url":"https:\/\/staging.livingstonintl.com\/fr\/services-fr\/gestion-du-commerce-mondial\/","og_site_name":"Livingston International","article_publisher":"https:\/\/www.facebook.com\/livingstoninternational","article_modified_time":"2020-12-23T23:01:35+00:00","schema":{"@context":"https:\/\/schema.org","@graph":[{"@type":"WebPage","@id":"https:\/\/staging.livingstonintl.com\/fr\/services-fr\/gestion-du-commerce-mondial\/","url":"https:\/\/staging.livingstonintl.com\/fr\/services-fr\/gestion-du-commerce-mondial\/","name":"Gestion du commerce mondial - Livingston International","isPartOf":{"@id":"https:\/\/staging.livingstonintl.com\/fr\/#website"},"datePublished":"2015-04-27T19:46:43+00:00","dateModified":"2020-12-23T23:01:35+00:00","breadcrumb":{"@id":"https:\/\/staging.livingstonintl.com\/fr\/services-fr\/gestion-du-commerce-mondial\/#breadcrumb"},"inLanguage":"fr-FR","potentialAction":[{"@type":"ReadAction","target":["https:\/\/staging.livingstonintl.com\/fr\/services-fr\/gestion-du-commerce-mondial\/"]}]},{"@type":"BreadcrumbList","@id":"https:\/\/staging.livingstonintl.com\/fr\/services-fr\/gestion-du-commerce-mondial\/#breadcrumb","itemListElement":[{"@type":"ListItem","position":1,"name":"Accueil","item":"https:\/\/staging.livingstonintl.com\/fr\/"},{"@type":"ListItem","position":2,"name":"Services","item":"https:\/\/staging.livingstonintl.com\/fr\/services-fr\/"},{"@type":"ListItem","position":3,"name":"Gestion du commerce mondial"}]},{"@type":"WebSite","@id":"https:\/\/staging.livingstonintl.com\/fr\/#website","url":"https:\/\/staging.livingstonintl.com\/fr\/","name":"Livingston International","description":"Simplify Trade","potentialAction":[{"@type":"SearchAction","target":{"@type":"EntryPoint","urlTemplate":"https:\/\/staging.livingstonintl.com\/fr\/?s={search_term_string}"},"query-input":{"@type":"PropertyValueSpecification","valueRequired":true,"valueName":"search_term_string"}}],"inLanguage":"fr-FR"}]}},"_links":{"self":[{"href":"https:\/\/staging.livingstonintl.com\/fr\/wp-json\/wp\/v2\/pages\/103","targetHints":{"allow":["GET"]}}],"collection":[{"href":"https:\/\/staging.livingstonintl.com\/fr\/wp-json\/wp\/v2\/pages"}],"about":[{"href":"https:\/\/staging.livingstonintl.com\/fr\/wp-json\/wp\/v2\/types\/page"}],"author":[{"embeddable":true,"href":"https:\/\/staging.livingstonintl.com\/fr\/wp-json\/wp\/v2\/users\/36"}],"replies":[{"embeddable":true,"href":"https:\/\/staging.livingstonintl.com\/fr\/wp-json\/wp\/v2\/comments?post=103"}],"version-history":[{"count":3,"href":"https:\/\/staging.livingstonintl.com\/fr\/wp-json\/wp\/v2\/pages\/103\/revisions"}],"predecessor-version":[{"id":52726,"href":"https:\/\/staging.livingstonintl.com\/fr\/wp-json\/wp\/v2\/pages\/103\/revisions\/52726"}],"up":[{"embeddable":true,"href":"https:\/\/staging.livingstonintl.com\/fr\/wp-json\/wp\/v2\/pages\/27117"}],"wp:attachment":[{"href":"https:\/\/staging.livingstonintl.com\/fr\/wp-json\/wp\/v2\/media?parent=103"}],"curies":[{"name":"wp","href":"https:\/\/api.w.org\/{rel}","templated":true}]}}