{"id":102,"date":"2015-04-27T19:47:01","date_gmt":"2015-04-27T19:47:01","guid":{"rendered":"http:\/\/livingston.gocactus.com\/services\/trade-consulting\/"},"modified":"2020-12-23T18:41:04","modified_gmt":"2020-12-23T23:41:04","slug":"conseil-en-commerce","status":"publish","type":"page","link":"https:\/\/staging.livingstonintl.com\/fr\/services-fr\/conseil-en-commerce\/","title":{"rendered":"Conseil en commerce"},"content":{"rendered":"\n\n\n<!-- MASTHEAD: MAIN -->\n<section id=\"masthead-block\" class=\"lii-block lii-block-masthead\">\n\n\t<div class=\"masthead-background hide-for-small-only\">\n\t\t\t\t<img decoding=\"async\" src=\"data:image\/image\/jpeg;base64, \/9j\/4AAQSkZJRgABAQEAYABgAAD\/\/gA7Q1JFQVRPUjogZ2QtanBlZyB2MS4wICh1c2luZyBJSkcgSlBFRyB2NjIpLCBxdWFsaXR5ID0gODIK\/9sAQwAGBAQFBAQGBQUFBgYGBwkOCQkICAkSDQ0KDhUSFhYVEhQUFxohHBcYHxkUFB0nHR8iIyUlJRYcKSwoJCshJCUk\/9sAQwEGBgYJCAkRCQkRJBgUGCQkJCQkJCQkJCQkJCQkJCQkJCQkJCQkJCQkJCQkJCQkJCQkJCQkJCQkJCQkJCQkJCQk\/8AAEQgAawC+AwEiAAIRAQMRAf\/EAB8AAAEFAQEBAQEBAAAAAAAAAAABAgMEBQYHCAkKC\/\/EALUQAAIBAwMCBAMFBQQEAAABfQECAwAEEQUSITFBBhNRYQcicRQygZGhCCNCscEVUtHwJDNicoIJChYXGBkaJSYnKCkqNDU2Nzg5OkNERUZHSElKU1RVVldYWVpjZGVmZ2hpanN0dXZ3eHl6g4SFhoeIiYqSk5SVlpeYmZqio6Slpqeoqaqys7S1tre4ubrCw8TFxsfIycrS09TV1tfY2drh4uPk5ebn6Onq8fLz9PX29\/j5+v\/EAB8BAAMBAQEBAQEBAQEAAAAAAAABAgMEBQYHCAkKC\/\/EALURAAIBAgQEAwQHBQQEAAECdwABAgMRBAUhMQYSQVEHYXETIjKBCBRCkaGxwQkjM1LwFWJy0QoWJDThJfEXGBkaJicoKSo1Njc4OTpDREVGR0hJSlNUVVZXWFlaY2RlZmdoaWpzdHV2d3h5eoKDhIWGh4iJipKTlJWWl5iZmqKjpKWmp6ipqrKztLW2t7i5usLDxMXGx8jJytLT1NXW19jZ2uLj5OXm5+jp6vLz9PX29\/j5+v\/aAAwDAQACEQMRAD8A8oMAUcU+3iLyqKvR2csgysTsPpU8EBgfc6FfqK7DkuQXl40CrEg5xW54QtjcxvJIMlm4+lZMluszliBW3ol8mnx7eBimtyHsT61tsIndhyT0rL0ib7TJ8w9zU2rztqcuTnaKZYRLbZI61QktCxrEqRJsTqaw8E9a0btGuJCxziofspqWUmkVgKcBU\/2c+lOW3OelFh8xCq0tTGEjtTfJb0osS2R1PZ20l1MI04z1J6AetM8pvSrMhlt7SC1tztu9Sl8lCOqp\/Ef5VMnZXKhHmditd28up36WNirugbaWH8zRr1u2lSNaomEj44Fe0eGfh1Z6bpse5iJCoJIqzf8AhTThCUMCMO5YZJri9urnpLCabnzVJMCSQce1Ri6wRzg16n4p+HGmXO97TNrP6p90\/UV5brGi3uizeXdICp4WReQa2jNNHPOm4PU0LS9875HPzdj61ZJrmreZklHNbtuWuFDj8a2i76GEkOkDkfLVcWzs3zVoDEY5HNRtmQ8DFVYm5XZBGPlXJqrIsrnoRWpsVR81V5ZlB4FAHe2cUEMQUrz9Kr6haLPwi10dtZxuvIFWF0uM84FNyI5ThhpJHanjTCO1dv8A2TGewo\/sZWOAKnmQ+U4n7AR2pwsiO1dpPoQjjzt5rPOntk\/LTTDlOb+xn0o+yH0rojYH+7Ub2eOoAp3FZmB9lPpR9mI7Vt\/ZQegBpptP9mncLGL9n9qjkjCdRW9\/Z7EZC1BLpzNxii4WMZEDHAHJqtbXAvPH1hbIcpa\/u1+o6\/rmtuS1FnFJcMBiFTJz7DNee6TNKuq2890jTPJM6sEO3oOgIwec\/lWNXXQ3o6an1faXUMdogaRS23oGqhqmp2ltBvmmVEHJJNeIrPrXmi6tNLltmCl1b0xn72ee3rV691DxPdXOlR60tvBFe2wmhSEYDk4xuPUHBHGe9cXsLNK56X1i6bsbuveO9N80xwwzyAD72Aox681xus6jYa1byBJVUkH5ZOMf0rUvvDuuysv2aVYkPLIqng1l\/wDCJtcTXcl3GuYcRZA+UsRknH4j9a3Sitjmk5y3PPFBjuxEf72K6DRpcSPCe43CqesaQNP1GMRH5c55p9kSl7Bju2PzFaxepzyWljaeIMaQhY145NSuhpqRgt81bHOUpmc+1VWHNa95CgUFetZrDmkWmeif8JHFCNqkZrS0jxDBfv5ZYBulcZLpcvnhwDtArGEt1p2tQvGSoLgH3FRzJlum0rntaxt1FWrWLB3NVXTbgSWkJY8lRWhuXZgEUiBlw6P8lVzBF6VIYiSTmkMRFAxV05ZIyyjp3rhtf3PcskVwFK9hXf8AlXd7afY7MfvH4J9KoRfCwRF57yVnc8muWdRqVmzuo0FKKsjySbVdQsp8LISo7mun8NeIY9SfyLjAkFamu+FLOEMqJyOM157cJJpGpK8eQFbt6VtTncyrUXDRnqkgRB90VWYKe1P0u4jv7GKYnJIqZ4Uxwa3OU5zxQwTR51Ucv8p+n+cVw\/hWIyeMrK0+ziffMzqhbbyoY8H6D+Vd54mtt9mUXnKE\/jvSvP3uTo3iizvUfYIroHd6KWwf0JrGe7OinbS57jqUkV1atpltp8ti1wPKmuJ1UeXGR823BOTjPPbrz0rM8fPpd9d2cVtdwRvBt8liQApXpjP8qsPNNYwS6vfxT39uVx5cK7tq9yRTZPCl\/cIL+00SO2hZd4a4uF27eOwPvXJT3uenNK2omn6zey2ixulnGx4E2Cc\/Qf8A1zWZq3lW9qYoznOSSTyxJySfcnJqtNfao+oR6dHaWFxuYB2ilyqL3Jq3rVlBZqqBixC7jk9PQVdrMh6xPMdfANztKgkAHPp1rPs4idRt1A7k\/kKuao\/2vWZmRjsXCY7Z6mjRoxLrS+gU4rpjujzp7Gk6n0qIhs8VsSWyjtVKeML0rpOQpyRMUySagis2uGIUdKsSO+0gVJp1wIGcsOtTYaZ2upWco1FreNMKATXC6gkkuolQPmSTA\/OvQdRku470zkcGPI968z1LUpLK+e5fnD7sVywT6npVnG10euaRFcLZRbkbO2r487PKtTfAXjPRta0+GN5Iw4AGCeRXocGjWd0geLawPpXQ42OBO5wQaT0NPLPjoa7uXw5EFJCiqcWhwPJtyufSpsBmeErjy70hh1HGa2dY1WCASBmBIGSBU0fhwRHfF8rY4IrmD4cuYtVubi7uS6MpAUniuWtCzuepgp3XL2OV1XWY9QZ0gjZiTjOK5bWtF+QPKuDXWWWpadYXEsLqpYMeawvFWopMrMhG3tinB2dki68U43b1JPDuY4xEp+THAradGFZ\/w5hTXJzB0ZRXfzeDJAOC1dMb2PMqtX0OB1KHzITkdFx+oP8ASvKvF9qU3KR8wcj8ia981PwtNb2s78kIhY8egNeNeObTFw\/GMyM36\/8A16xm2pmtNXhc634U+PY7+CPRdRlUXAXYhc8Sj\/H1\/OuzvvC1\/OWS3k\/cdg0asV+hr5nuPMtpEkido5EIKupwVPqDXomj\/HTV4LGK01CMyumF8+M4Le5Hr9KxlSad4nZRxVlyyPSoNETRSzyHDdXZjkmvPvGfinbK8Fud9xM2FUdh2zVzVfFGq6xDwwVXGdwOSRXFWtm11qkk5ydpwCe59acV1ZNWrfSI9bcWtsztyQMZP8THqaPDI36pI\/XZGfzJFT6vkqsUfCr+Wan8MeFNcv0kv9OhZYlO3zH+VX9frWtOWtzkqLSxryOxPSoTCznpU6LeW85t7+zeKQfxDofeta0tVJBK5FddzkasY0ekvN\/BU8fhwkcg1vyXdvaDGBkVl3XiJEbAIoAt+KPEUQ8L2VzFgyMgU15L4guzOF6Zbk1oXuuNJoFtbA5KYBPsK566uPtMinsBiiaW6LjKT0ZHa3M9nKJbeV4nHIZTg17Z8FPiPq99ra6TfS+dHtyHPX8a8Qziuh8Ba4dB19Lsf3CtRF20HJXPqDx98Rbfw5GLeIGS4ccIvJrxK5+L\/iGy1FphtC5zsbNdf4f8jxVdz6reENkYUHsK5vxj4bsbuVxb4D9sVn7dKXKjf6q3DnZ6f8M\/jFZ+KCLO7Ihuh1Rj1+lWviPd3mnXEc0AZ4ZRjj1r5ogsdQ0LVEnt5GjkiO5WFfSngXXbT4h+HFtb3H2iMbW9Qwpyiqi8yaU5UZX6HnN7oMzxmZiY3lOTzXO+Jg1hBFbq5Y+tepeMdI1LS4iI7OS4WPo6+leS3Ud5rGoBpo2QA4CkdKwjGV7NHZVlTteDOn+G13daLeR3iJvU8OvqK99sPF2jX0CFrmJJDwUZgDmvEVeLQdEaZ8KQtcx4H8L3\/j\/W5LyaeaO1ifPysRXf7JKKT3PLdRuV1sfUn2e2v0lQbXR0IOOeCDXzF45tCsgB5Klh+n\/1q9vtZLjw7amO0Mrqi4Jc5rxrxa5uI3Z\/vpM+fzJ\/z9K48QuWSOrDO8ZI8uv0ByPQ1Rjj3Ae1al7GS4P51Bbw4JBHehPQGjvfBN2l1pC28oHmRfJk9x2q3\/ZIsoyQAWbkCsPwNAz35UZ2qNzY9M12l6pmkA6c8+w7\/wCFctWVnZHXSjzRuzW8CeA\/7X04am1lZXj\/AGxY9l1u2pGo3MQBwSSRwR2+tevvp1mIYwyKCigbVGVHHQcCq\/g2w\/svw\/a2zpskVAzjHRm5I\/DpWjduqp0wK0jcwnZs5DxBotncxsoVQf8AaXFcPHZxw3DWrfK3Qe9d5rc+1Grg9YmeRBLHgOjfMe\/sa66VzkqIw\/EGmNFlsmuWkiBNd5r10t3piSjG4jDAdj3riH61qZHnoYm325qqrYzU\/SPHtVQtgmpqO1jWA\/dk4q9py4lLegqhCrOxIUkDrgdK0LI4LVl0LW56L8Nri7ujLCkuIwSMV3P9i2n7yd5MyD1NeL+FPEsmgakfmxFIefavTotUhniNyJwQ46ZrnnF3uj0KEo8tmc14pxDM8gGAO9V\/h14ym8MeIVlcslvOwDA9M+tehaT4Ak8TFbm7UrBnIX1pnjT4e6dHaCK2UK46EdQa3pOxx1tbnr0GtW+r2CSqVdXXmuOvvDWnTXzzQGPzGP3RWJ4ca+8PeCpZrh2aRFO0n9K4nRtf1K6vYr5pn\/eNyQeAK3laLTHhMO8RzxXRXLvxZifToYLQONrnkA13fwVhtrLwkkg275CSxryT4jXrXepRlpmkO0nk9KvfDrxtPpu3SCfldsr7VrJ8zszhS5Vc971edXsZ9p5K4\/OvEvEUZaS5Q\/xyAivTI7yW4t2UnOcZ\/OuG1azMl\/ECMbpFzXFiY2aR2YV3TPLbqD5m471UVMSDiui1Sz8u4lXGOapaTph1DUViwdinc59FBrHm0NeU7DwjpY07TPtDjDzDJ+nauv8ACenLfavHLKAYoSZnB9F6D8WI\/Wsd13iK3jGNwzx0Ciut0BBYhWP\/AC0cIfoG5\/WuVe9M637sND0mF2hgXcCWPG0dWY9ahnU7cyHLeg6CrMYH3j\/CMD+tVbps5wa60cTOY13lG+lcJdRlhImPvKa7jXHxG57CuNnYK7v6Ka6qexzVDnLppEhkRj8hH61gP1rorpc2+w\/eKmuakkUH7wrVmR527YWqbHk1af7tVD1NZVDogj0v4P8Ahq18SQatFOVDoqlc\/jXI3lo2maldWbjBikZPyNbXwlvrm08RlIJmjWSMhwO9UvF5LeJr4nqXyae8CNpmHcJhs11Pw5s7zWvElpZCVzArb3XPGBXLycqc16x+z5BE+q3MrIC4wAfasTbqe+zGLStLSFAFwtceI21i92HlFPJrf8TSMEIyelZmhfJBIy8E55q6MbkVZGN8ULlbTwrNbQEL8uOK4LwjZE6PGrjBALV0nxEdnsXViSCelYJka2sIvJYp8naqxMbuMD1sil7ONbEfyx\/M4LxBcF9QlDMTtO3msZb6S1uEmhYq6HIIqxq7s17MWJJLmsx+pq29Txkr7nrvhv4iJd2SxtJsuEXLKT1xXQRX8WprBdgjBO4fXJzXglq7LOCpIOG6f7pr0bwhPL\/wiDnzGJWWTBz06VjXlzJN9zWguVtLsXtftN19MVAw3zCovDdmxkkwu2BDulkI+8ew\/wDrf41dvGJsUkJyxhXJ\/Cl8MzyXBEcjZTzgu0AAYwT0FcctbnVHRo1tMYzXM1w\/y9lHoM12elKs99YwjlQ4Y+\/euSKKqTMBg7gOK6nwySdUs+fX\/wBBNKirtsuu2kkeiNLtCxr1qneSBEIHWpouTI3fdjPtVO\/\/ANWa3W5yHKa3M3luCxxnpXJXEpMc2ff+VdJrjHY\/PeuSuCfs556k5\/OuumtDmm9SlIckk\/3TXlmoajcxX08QPCSMo\/A16pcjCceleUa6Aur3WOPnqmKJ\/9k=\" data-src='https:\/\/lii-mkt-content.s3.amazonaws.com\/livingston-content\/uploads\/2020\/11\/08050418\/masthead-services-trade-consulting-home.jpg' alt=\"\" \/>\n\t\t\t<\/div>\n\n\t<div class=\"masthead-container\" style=\"background: linear-gradient(90deg, rgba(0, 14, 28, 0.6) 0%, rgba(49, 70, 87, 0) 67%);\">\n\t\t<div class=\"grid-container\">\n\t\t\t<div id=\"mastheadContent\" class=\"masthead-content \" style=\"filter: drop-shadow(0px 0px 80px rgba(42, 52, 61, 0.5))\">\n\t\t\t\t<div class=\"grid-x masthead-breadcrumbs\">\n\t\t\t\t\t<div class=\"small-12 cell\">\n\t\t\t\t\t\t\n\n\t<section class=\"breadcrumbs hide-for-small-only clearfix\" itemprop=\"breadcrumb\">\n\t\t<span property=\"itemListElement\" typeof=\"ListItem\">\n\t\t\t\t\t<a property=\"item\" typeof=\"WebPage\" title=\"Aller \u00e0 Soci\u00e9t\u00e9 internationale Livingston.\" href=\"https:\/\/staging.livingstonintl.com\/fr\/\" class=\"home\"><span property=\"name\">Accueil<\/span><\/a>&nbsp;\/&nbsp;\n\t\t\t\t<meta property=\"position\" content=\"1\"><\/span>\n\t\t<\/section>\n\t\t\t\t\t<\/div>\n\t\t\t\t<\/div>\n\t\t\t\t<div class=\"grid-x\">\n\t\t\t\t\t<div class=\"small-12 cell\">\n\t\t\t\t\t\t<h1 style=\"filter: drop-shadow(0px 0px 80px rgba(42, 52, 61, 0.5)); width:calc(1em * 10.7);\">\n\t\t\t\t\t\t\t<span class=\"white\">CONSEIL <br>EN COMMERCE <\/span>\n\t\t\t\t\t\t\t<span class=\"orange\">INTERNATIONAL<\/span>\n\t\t\t\t\t\t<\/h1>\n\t\t\t\t\t<\/div>\n\t\t\t\t<\/div>\n\t\t\t\t<div class=\"grid-x\">\n\t\t\t\t\t<div class=\"small-12 cell\">\n\t\t\t\t\t\t<p style=\"width:calc(1em * 23);\">\n\t\t\t\t\t\t\tLivingston ajoute de la puissance \u00e0 votre programme, r\u00e9duisant ainsi au minimum les risques et la responsabilit\u00e9 tout en lib\u00e9rant du temps et des ressources. Dans le commerce, la simplicit\u00e9 est une force. Livingston simplifie. \t\t\t\t\t\t<\/p>\n\t\t\t\t\t\t\t\t\t\t\t<\/div>\n\t\t\t\t<\/div>\n\t\t\t<\/div>\n\t\t<\/div>\n\t<\/div>\n\n\t<div class=\"masthead-background show-for-small-only\">\n\t\t\t\t\t<img decoding=\"async\" src=\"data:image\/image\/jpeg;base64, \/9j\/4AAQSkZJRgABAQEAYABgAAD\/\/gA7Q1JFQVRPUjogZ2QtanBlZyB2MS4wICh1c2luZyBJSkcgSlBFRyB2NjIpLCBxdWFsaXR5ID0gODIK\/9sAQwAGBAQFBAQGBQUFBgYGBwkOCQkICAkSDQ0KDhUSFhYVEhQUFxohHBcYHxkUFB0nHR8iIyUlJRYcKSwoJCshJCUk\/9sAQwEGBgYJCAkRCQkRJBgUGCQkJCQkJCQkJCQkJCQkJCQkJCQkJCQkJCQkJCQkJCQkJCQkJCQkJCQkJCQkJCQkJCQk\/8AAEQgAawC+AwEiAAIRAQMRAf\/EAB8AAAEFAQEBAQEBAAAAAAAAAAABAgMEBQYHCAkKC\/\/EALUQAAIBAwMCBAMFBQQEAAABfQECAwAEEQUSITFBBhNRYQcicRQygZGhCCNCscEVUtHwJDNicoIJChYXGBkaJSYnKCkqNDU2Nzg5OkNERUZHSElKU1RVVldYWVpjZGVmZ2hpanN0dXZ3eHl6g4SFhoeIiYqSk5SVlpeYmZqio6Slpqeoqaqys7S1tre4ubrCw8TFxsfIycrS09TV1tfY2drh4uPk5ebn6Onq8fLz9PX29\/j5+v\/EAB8BAAMBAQEBAQEBAQEAAAAAAAABAgMEBQYHCAkKC\/\/EALURAAIBAgQEAwQHBQQEAAECdwABAgMRBAUhMQYSQVEHYXETIjKBCBRCkaGxwQkjM1LwFWJy0QoWJDThJfEXGBkaJicoKSo1Njc4OTpDREVGR0hJSlNUVVZXWFlaY2RlZmdoaWpzdHV2d3h5eoKDhIWGh4iJipKTlJWWl5iZmqKjpKWmp6ipqrKztLW2t7i5usLDxMXGx8jJytLT1NXW19jZ2uLj5OXm5+jp6vLz9PX29\/j5+v\/aAAwDAQACEQMRAD8A8oMAUcU+3iLyqKvR2csgysTsPpU8EBgfc6FfqK7DkuQXl40CrEg5xW54QtjcxvJIMlm4+lZMluszliBW3ol8mnx7eBimtyHsT61tsIndhyT0rL0ib7TJ8w9zU2rztqcuTnaKZYRLbZI61QktCxrEqRJsTqaw8E9a0btGuJCxziofspqWUmkVgKcBU\/2c+lOW3OelFh8xCq0tTGEjtTfJb0osS2R1PZ20l1MI04z1J6AetM8pvSrMhlt7SC1tztu9Sl8lCOqp\/Ef5VMnZXKhHmditd28up36WNirugbaWH8zRr1u2lSNaomEj44Fe0eGfh1Z6bpse5iJCoJIqzf8AhTThCUMCMO5YZJri9urnpLCabnzVJMCSQce1Ri6wRzg16n4p+HGmXO97TNrP6p90\/UV5brGi3uizeXdICp4WReQa2jNNHPOm4PU0LS9875HPzdj61ZJrmreZklHNbtuWuFDj8a2i76GEkOkDkfLVcWzs3zVoDEY5HNRtmQ8DFVYm5XZBGPlXJqrIsrnoRWpsVR81V5ZlB4FAHe2cUEMQUrz9Kr6haLPwi10dtZxuvIFWF0uM84FNyI5ThhpJHanjTCO1dv8A2TGewo\/sZWOAKnmQ+U4n7AR2pwsiO1dpPoQjjzt5rPOntk\/LTTDlOb+xn0o+yH0rojYH+7Ub2eOoAp3FZmB9lPpR9mI7Vt\/ZQegBpptP9mncLGL9n9qjkjCdRW9\/Z7EZC1BLpzNxii4WMZEDHAHJqtbXAvPH1hbIcpa\/u1+o6\/rmtuS1FnFJcMBiFTJz7DNee6TNKuq2890jTPJM6sEO3oOgIwec\/lWNXXQ3o6an1faXUMdogaRS23oGqhqmp2ltBvmmVEHJJNeIrPrXmi6tNLltmCl1b0xn72ee3rV691DxPdXOlR60tvBFe2wmhSEYDk4xuPUHBHGe9cXsLNK56X1i6bsbuveO9N80xwwzyAD72Aox681xus6jYa1byBJVUkH5ZOMf0rUvvDuuysv2aVYkPLIqng1l\/wDCJtcTXcl3GuYcRZA+UsRknH4j9a3Sitjmk5y3PPFBjuxEf72K6DRpcSPCe43CqesaQNP1GMRH5c55p9kSl7Bju2PzFaxepzyWljaeIMaQhY145NSuhpqRgt81bHOUpmc+1VWHNa95CgUFetZrDmkWmeif8JHFCNqkZrS0jxDBfv5ZYBulcZLpcvnhwDtArGEt1p2tQvGSoLgH3FRzJlum0rntaxt1FWrWLB3NVXTbgSWkJY8lRWhuXZgEUiBlw6P8lVzBF6VIYiSTmkMRFAxV05ZIyyjp3rhtf3PcskVwFK9hXf8AlXd7afY7MfvH4J9KoRfCwRF57yVnc8muWdRqVmzuo0FKKsjySbVdQsp8LISo7mun8NeIY9SfyLjAkFamu+FLOEMqJyOM157cJJpGpK8eQFbt6VtTncyrUXDRnqkgRB90VWYKe1P0u4jv7GKYnJIqZ4Uxwa3OU5zxQwTR51Ucv8p+n+cVw\/hWIyeMrK0+ziffMzqhbbyoY8H6D+Vd54mtt9mUXnKE\/jvSvP3uTo3iizvUfYIroHd6KWwf0JrGe7OinbS57jqUkV1atpltp8ti1wPKmuJ1UeXGR823BOTjPPbrz0rM8fPpd9d2cVtdwRvBt8liQApXpjP8qsPNNYwS6vfxT39uVx5cK7tq9yRTZPCl\/cIL+00SO2hZd4a4uF27eOwPvXJT3uenNK2omn6zey2ixulnGx4E2Cc\/Qf8A1zWZq3lW9qYoznOSSTyxJySfcnJqtNfao+oR6dHaWFxuYB2ilyqL3Jq3rVlBZqqBixC7jk9PQVdrMh6xPMdfANztKgkAHPp1rPs4idRt1A7k\/kKuao\/2vWZmRjsXCY7Z6mjRoxLrS+gU4rpjujzp7Gk6n0qIhs8VsSWyjtVKeML0rpOQpyRMUySagis2uGIUdKsSO+0gVJp1wIGcsOtTYaZ2upWco1FreNMKATXC6gkkuolQPmSTA\/OvQdRku470zkcGPI968z1LUpLK+e5fnD7sVywT6npVnG10euaRFcLZRbkbO2r487PKtTfAXjPRta0+GN5Iw4AGCeRXocGjWd0geLawPpXQ42OBO5wQaT0NPLPjoa7uXw5EFJCiqcWhwPJtyufSpsBmeErjy70hh1HGa2dY1WCASBmBIGSBU0fhwRHfF8rY4IrmD4cuYtVubi7uS6MpAUniuWtCzuepgp3XL2OV1XWY9QZ0gjZiTjOK5bWtF+QPKuDXWWWpadYXEsLqpYMeawvFWopMrMhG3tinB2dki68U43b1JPDuY4xEp+THAradGFZ\/w5hTXJzB0ZRXfzeDJAOC1dMb2PMqtX0OB1KHzITkdFx+oP8ASvKvF9qU3KR8wcj8ia981PwtNb2s78kIhY8egNeNeObTFw\/GMyM36\/8A16xm2pmtNXhc634U+PY7+CPRdRlUXAXYhc8Sj\/H1\/OuzvvC1\/OWS3k\/cdg0asV+hr5nuPMtpEkido5EIKupwVPqDXomj\/HTV4LGK01CMyumF8+M4Le5Hr9KxlSad4nZRxVlyyPSoNETRSzyHDdXZjkmvPvGfinbK8Fud9xM2FUdh2zVzVfFGq6xDwwVXGdwOSRXFWtm11qkk5ydpwCe59acV1ZNWrfSI9bcWtsztyQMZP8THqaPDI36pI\/XZGfzJFT6vkqsUfCr+Wan8MeFNcv0kv9OhZYlO3zH+VX9frWtOWtzkqLSxryOxPSoTCznpU6LeW85t7+zeKQfxDofeta0tVJBK5FddzkasY0ekvN\/BU8fhwkcg1vyXdvaDGBkVl3XiJEbAIoAt+KPEUQ8L2VzFgyMgU15L4guzOF6Zbk1oXuuNJoFtbA5KYBPsK566uPtMinsBiiaW6LjKT0ZHa3M9nKJbeV4nHIZTg17Z8FPiPq99ra6TfS+dHtyHPX8a8Qziuh8Ba4dB19Lsf3CtRF20HJXPqDx98Rbfw5GLeIGS4ccIvJrxK5+L\/iGy1FphtC5zsbNdf4f8jxVdz6reENkYUHsK5vxj4bsbuVxb4D9sVn7dKXKjf6q3DnZ6f8M\/jFZ+KCLO7Ihuh1Rj1+lWviPd3mnXEc0AZ4ZRjj1r5ogsdQ0LVEnt5GjkiO5WFfSngXXbT4h+HFtb3H2iMbW9Qwpyiqi8yaU5UZX6HnN7oMzxmZiY3lOTzXO+Jg1hBFbq5Y+tepeMdI1LS4iI7OS4WPo6+leS3Ud5rGoBpo2QA4CkdKwjGV7NHZVlTteDOn+G13daLeR3iJvU8OvqK99sPF2jX0CFrmJJDwUZgDmvEVeLQdEaZ8KQtcx4H8L3\/j\/W5LyaeaO1ifPysRXf7JKKT3PLdRuV1sfUn2e2v0lQbXR0IOOeCDXzF45tCsgB5Klh+n\/1q9vtZLjw7amO0Mrqi4Jc5rxrxa5uI3Z\/vpM+fzJ\/z9K48QuWSOrDO8ZI8uv0ByPQ1Rjj3Ae1al7GS4P51Bbw4JBHehPQGjvfBN2l1pC28oHmRfJk9x2q3\/ZIsoyQAWbkCsPwNAz35UZ2qNzY9M12l6pmkA6c8+w7\/wCFctWVnZHXSjzRuzW8CeA\/7X04am1lZXj\/AGxY9l1u2pGo3MQBwSSRwR2+tevvp1mIYwyKCigbVGVHHQcCq\/g2w\/svw\/a2zpskVAzjHRm5I\/DpWjduqp0wK0jcwnZs5DxBotncxsoVQf8AaXFcPHZxw3DWrfK3Qe9d5rc+1Grg9YmeRBLHgOjfMe\/sa66VzkqIw\/EGmNFlsmuWkiBNd5r10t3piSjG4jDAdj3riH61qZHnoYm325qqrYzU\/SPHtVQtgmpqO1jWA\/dk4q9py4lLegqhCrOxIUkDrgdK0LI4LVl0LW56L8Nri7ujLCkuIwSMV3P9i2n7yd5MyD1NeL+FPEsmgakfmxFIefavTotUhniNyJwQ46ZrnnF3uj0KEo8tmc14pxDM8gGAO9V\/h14ym8MeIVlcslvOwDA9M+tehaT4Ak8TFbm7UrBnIX1pnjT4e6dHaCK2UK46EdQa3pOxx1tbnr0GtW+r2CSqVdXXmuOvvDWnTXzzQGPzGP3RWJ4ca+8PeCpZrh2aRFO0n9K4nRtf1K6vYr5pn\/eNyQeAK3laLTHhMO8RzxXRXLvxZifToYLQONrnkA13fwVhtrLwkkg275CSxryT4jXrXepRlpmkO0nk9KvfDrxtPpu3SCfldsr7VrJ8zszhS5Vc971edXsZ9p5K4\/OvEvEUZaS5Q\/xyAivTI7yW4t2UnOcZ\/OuG1azMl\/ECMbpFzXFiY2aR2YV3TPLbqD5m471UVMSDiui1Sz8u4lXGOapaTph1DUViwdinc59FBrHm0NeU7DwjpY07TPtDjDzDJ+nauv8ACenLfavHLKAYoSZnB9F6D8WI\/Wsd13iK3jGNwzx0Ciut0BBYhWP\/AC0cIfoG5\/WuVe9M637sND0mF2hgXcCWPG0dWY9ahnU7cyHLeg6CrMYH3j\/CMD+tVbps5wa60cTOY13lG+lcJdRlhImPvKa7jXHxG57CuNnYK7v6Ka6qexzVDnLppEhkRj8hH61gP1rorpc2+w\/eKmuakkUH7wrVmR527YWqbHk1af7tVD1NZVDogj0v4P8Ahq18SQatFOVDoqlc\/jXI3lo2maldWbjBikZPyNbXwlvrm08RlIJmjWSMhwO9UvF5LeJr4nqXyae8CNpmHcJhs11Pw5s7zWvElpZCVzArb3XPGBXLycqc16x+z5BE+q3MrIC4wAfasTbqe+zGLStLSFAFwtceI21i92HlFPJrf8TSMEIyelZmhfJBIy8E55q6MbkVZGN8ULlbTwrNbQEL8uOK4LwjZE6PGrjBALV0nxEdnsXViSCelYJka2sIvJYp8naqxMbuMD1sil7ONbEfyx\/M4LxBcF9QlDMTtO3msZb6S1uEmhYq6HIIqxq7s17MWJJLmsx+pq29Txkr7nrvhv4iJd2SxtJsuEXLKT1xXQRX8WprBdgjBO4fXJzXglq7LOCpIOG6f7pr0bwhPL\/wiDnzGJWWTBz06VjXlzJN9zWguVtLsXtftN19MVAw3zCovDdmxkkwu2BDulkI+8ew\/wDrf41dvGJsUkJyxhXJ\/Cl8MzyXBEcjZTzgu0AAYwT0FcctbnVHRo1tMYzXM1w\/y9lHoM12elKs99YwjlQ4Y+\/euSKKqTMBg7gOK6nwySdUs+fX\/wBBNKirtsuu2kkeiNLtCxr1qneSBEIHWpouTI3fdjPtVO\/\/ANWa3W5yHKa3M3luCxxnpXJXEpMc2ff+VdJrjHY\/PeuSuCfs556k5\/OuumtDmm9SlIckk\/3TXlmoajcxX08QPCSMo\/A16pcjCceleUa6Aur3WOPnqmKJ\/9k=\" class=\"lii-lazy\" data-src='https:\/\/lii-mkt-content.s3.amazonaws.com\/livingston-content\/uploads\/2020\/11\/08050418\/masthead-services-trade-consulting-home.jpg' alt=\"\" \/>\n\t\t\t<\/div>\n\n\t<!--\t\t<div class=\"masthead-breadcrumbs\">-->\n<!--\t\t\t<div class=\"grid-container\">-->\n<!--\t\t\t\t<div class=\"grid-x\">-->\n<!--\t\t\t\t\t<div class=\"small-12 cell\">-->\n<!--\t\t\t\t\t\t--><!--\t\t\t\t\t<\/div>-->\n<!--\t\t\t\t<\/div>-->\n<!--\t\t\t<\/div>-->\n<!--\t\t<\/div>-->\n\t\n<\/section>\n<!-- \/ MASTHEAD: MAIN -->\n","protected":false},"excerpt":{"rendered":"","protected":false},"author":36,"featured_media":0,"parent":27117,"menu_order":373,"comment_status":"closed","ping_status":"closed","template":"template-retired\/page-services-trade-consulting-advert.php","meta":{"_acf_changed":false,"footnotes":""},"class_list":["post-102","page","type-page","status-publish","hentry"],"acf":[],"yoast_head":"<!-- This site is optimized with the Yoast SEO plugin v26.8 - https:\/\/yoast.com\/product\/yoast-seo-wordpress\/ -->\n<title>Conseil en commerce - Livingston International<\/title>\n<meta name=\"robots\" content=\"noindex, follow, max-snippet:-1, max-image-preview:large, max-video-preview:-1\" \/>\n<meta property=\"og:locale\" content=\"fr_FR\" \/>\n<meta property=\"og:type\" content=\"article\" \/>\n<meta property=\"og:title\" content=\"Conseil en commerce - Livingston International\" \/>\n<meta property=\"og:url\" content=\"https:\/\/staging.livingstonintl.com\/fr\/services-fr\/conseil-en-commerce\/\" \/>\n<meta property=\"og:site_name\" content=\"Livingston International\" \/>\n<meta property=\"article:publisher\" content=\"https:\/\/www.facebook.com\/livingstoninternational\" \/>\n<meta property=\"article:modified_time\" content=\"2020-12-23T23:41:04+00:00\" \/>\n<script type=\"application\/ld+json\" class=\"yoast-schema-graph\">{\"@context\":\"https:\/\/schema.org\",\"@graph\":[{\"@type\":\"WebPage\",\"@id\":\"https:\/\/staging.livingstonintl.com\/fr\/services-fr\/conseil-en-commerce\/\",\"url\":\"https:\/\/staging.livingstonintl.com\/fr\/services-fr\/conseil-en-commerce\/\",\"name\":\"Conseil en commerce - Livingston International\",\"isPartOf\":{\"@id\":\"https:\/\/staging.livingstonintl.com\/fr\/#website\"},\"datePublished\":\"2015-04-27T19:47:01+00:00\",\"dateModified\":\"2020-12-23T23:41:04+00:00\",\"breadcrumb\":{\"@id\":\"https:\/\/staging.livingstonintl.com\/fr\/services-fr\/conseil-en-commerce\/#breadcrumb\"},\"inLanguage\":\"fr-FR\",\"potentialAction\":[{\"@type\":\"ReadAction\",\"target\":[\"https:\/\/staging.livingstonintl.com\/fr\/services-fr\/conseil-en-commerce\/\"]}]},{\"@type\":\"BreadcrumbList\",\"@id\":\"https:\/\/staging.livingstonintl.com\/fr\/services-fr\/conseil-en-commerce\/#breadcrumb\",\"itemListElement\":[{\"@type\":\"ListItem\",\"position\":1,\"name\":\"Accueil\",\"item\":\"https:\/\/staging.livingstonintl.com\/fr\/\"},{\"@type\":\"ListItem\",\"position\":2,\"name\":\"Services\",\"item\":\"https:\/\/staging.livingstonintl.com\/fr\/services-fr\/\"},{\"@type\":\"ListItem\",\"position\":3,\"name\":\"Conseil en commerce\"}]},{\"@type\":\"WebSite\",\"@id\":\"https:\/\/staging.livingstonintl.com\/fr\/#website\",\"url\":\"https:\/\/staging.livingstonintl.com\/fr\/\",\"name\":\"Livingston International\",\"description\":\"Simplify Trade\",\"potentialAction\":[{\"@type\":\"SearchAction\",\"target\":{\"@type\":\"EntryPoint\",\"urlTemplate\":\"https:\/\/staging.livingstonintl.com\/fr\/?s={search_term_string}\"},\"query-input\":{\"@type\":\"PropertyValueSpecification\",\"valueRequired\":true,\"valueName\":\"search_term_string\"}}],\"inLanguage\":\"fr-FR\"}]}<\/script>\n<!-- \/ Yoast SEO plugin. -->","yoast_head_json":{"title":"Conseil en commerce - Livingston International","robots":{"index":"noindex","follow":"follow","max-snippet":"max-snippet:-1","max-image-preview":"max-image-preview:large","max-video-preview":"max-video-preview:-1"},"og_locale":"fr_FR","og_type":"article","og_title":"Conseil en commerce - Livingston International","og_url":"https:\/\/staging.livingstonintl.com\/fr\/services-fr\/conseil-en-commerce\/","og_site_name":"Livingston International","article_publisher":"https:\/\/www.facebook.com\/livingstoninternational","article_modified_time":"2020-12-23T23:41:04+00:00","schema":{"@context":"https:\/\/schema.org","@graph":[{"@type":"WebPage","@id":"https:\/\/staging.livingstonintl.com\/fr\/services-fr\/conseil-en-commerce\/","url":"https:\/\/staging.livingstonintl.com\/fr\/services-fr\/conseil-en-commerce\/","name":"Conseil en commerce - Livingston International","isPartOf":{"@id":"https:\/\/staging.livingstonintl.com\/fr\/#website"},"datePublished":"2015-04-27T19:47:01+00:00","dateModified":"2020-12-23T23:41:04+00:00","breadcrumb":{"@id":"https:\/\/staging.livingstonintl.com\/fr\/services-fr\/conseil-en-commerce\/#breadcrumb"},"inLanguage":"fr-FR","potentialAction":[{"@type":"ReadAction","target":["https:\/\/staging.livingstonintl.com\/fr\/services-fr\/conseil-en-commerce\/"]}]},{"@type":"BreadcrumbList","@id":"https:\/\/staging.livingstonintl.com\/fr\/services-fr\/conseil-en-commerce\/#breadcrumb","itemListElement":[{"@type":"ListItem","position":1,"name":"Accueil","item":"https:\/\/staging.livingstonintl.com\/fr\/"},{"@type":"ListItem","position":2,"name":"Services","item":"https:\/\/staging.livingstonintl.com\/fr\/services-fr\/"},{"@type":"ListItem","position":3,"name":"Conseil en commerce"}]},{"@type":"WebSite","@id":"https:\/\/staging.livingstonintl.com\/fr\/#website","url":"https:\/\/staging.livingstonintl.com\/fr\/","name":"Livingston International","description":"Simplify Trade","potentialAction":[{"@type":"SearchAction","target":{"@type":"EntryPoint","urlTemplate":"https:\/\/staging.livingstonintl.com\/fr\/?s={search_term_string}"},"query-input":{"@type":"PropertyValueSpecification","valueRequired":true,"valueName":"search_term_string"}}],"inLanguage":"fr-FR"}]}},"_links":{"self":[{"href":"https:\/\/staging.livingstonintl.com\/fr\/wp-json\/wp\/v2\/pages\/102","targetHints":{"allow":["GET"]}}],"collection":[{"href":"https:\/\/staging.livingstonintl.com\/fr\/wp-json\/wp\/v2\/pages"}],"about":[{"href":"https:\/\/staging.livingstonintl.com\/fr\/wp-json\/wp\/v2\/types\/page"}],"author":[{"embeddable":true,"href":"https:\/\/staging.livingstonintl.com\/fr\/wp-json\/wp\/v2\/users\/36"}],"replies":[{"embeddable":true,"href":"https:\/\/staging.livingstonintl.com\/fr\/wp-json\/wp\/v2\/comments?post=102"}],"version-history":[{"count":2,"href":"https:\/\/staging.livingstonintl.com\/fr\/wp-json\/wp\/v2\/pages\/102\/revisions"}],"predecessor-version":[{"id":52757,"href":"https:\/\/staging.livingstonintl.com\/fr\/wp-json\/wp\/v2\/pages\/102\/revisions\/52757"}],"up":[{"embeddable":true,"href":"https:\/\/staging.livingstonintl.com\/fr\/wp-json\/wp\/v2\/pages\/27117"}],"wp:attachment":[{"href":"https:\/\/staging.livingstonintl.com\/fr\/wp-json\/wp\/v2\/media?parent=102"}],"curies":[{"name":"wp","href":"https:\/\/api.w.org\/{rel}","templated":true}]}}