{"id":101,"date":"2015-04-27T19:47:25","date_gmt":"2015-04-27T19:47:25","guid":{"rendered":"http:\/\/livingston.gocactus.com\/services\/freight-forwarding\/"},"modified":"2020-12-23T16:20:41","modified_gmt":"2020-12-23T21:20:41","slug":"fret","status":"publish","type":"page","link":"https:\/\/staging.livingstonintl.com\/fr\/services-fr\/fret\/","title":{"rendered":"Fret"},"content":{"rendered":"\n\n\n<!-- MASTHEAD: MAIN -->\n<section id=\"masthead-block\" class=\"lii-block lii-block-masthead\">\n\n\t<div class=\"masthead-background hide-for-small-only\">\n\t\t\t\t<img decoding=\"async\" src=\"data:image\/image\/jpeg;base64, \/9j\/4AAQSkZJRgABAQEAYABgAAD\/\/gA7Q1JFQVRPUjogZ2QtanBlZyB2MS4wICh1c2luZyBJSkcgSlBFRyB2NjIpLCBxdWFsaXR5ID0gODIK\/9sAQwAGBAQFBAQGBQUFBgYGBwkOCQkICAkSDQ0KDhUSFhYVEhQUFxohHBcYHxkUFB0nHR8iIyUlJRYcKSwoJCshJCUk\/9sAQwEGBgYJCAkRCQkRJBgUGCQkJCQkJCQkJCQkJCQkJCQkJCQkJCQkJCQkJCQkJCQkJCQkJCQkJCQkJCQkJCQkJCQk\/8AAEQgAawC+AwEiAAIRAQMRAf\/EAB8AAAEFAQEBAQEBAAAAAAAAAAABAgMEBQYHCAkKC\/\/EALUQAAIBAwMCBAMFBQQEAAABfQECAwAEEQUSITFBBhNRYQcicRQygZGhCCNCscEVUtHwJDNicoIJChYXGBkaJSYnKCkqNDU2Nzg5OkNERUZHSElKU1RVVldYWVpjZGVmZ2hpanN0dXZ3eHl6g4SFhoeIiYqSk5SVlpeYmZqio6Slpqeoqaqys7S1tre4ubrCw8TFxsfIycrS09TV1tfY2drh4uPk5ebn6Onq8fLz9PX29\/j5+v\/EAB8BAAMBAQEBAQEBAQEAAAAAAAABAgMEBQYHCAkKC\/\/EALURAAIBAgQEAwQHBQQEAAECdwABAgMRBAUhMQYSQVEHYXETIjKBCBRCkaGxwQkjM1LwFWJy0QoWJDThJfEXGBkaJicoKSo1Njc4OTpDREVGR0hJSlNUVVZXWFlaY2RlZmdoaWpzdHV2d3h5eoKDhIWGh4iJipKTlJWWl5iZmqKjpKWmp6ipqrKztLW2t7i5usLDxMXGx8jJytLT1NXW19jZ2uLj5OXm5+jp6vLz9PX29\/j5+v\/aAAwDAQACEQMRAD8A5OGQbs+rgn\/v4P8AGpbZ8Rw\/7sJ\/mKz4pkeIOpx8ucH6xn\/GrMb4jXsVjX9H\/wDr1iepYfq1nBf2xhlUEGRlzXnF+88VxLA0u8xlR+8JJI+b9egzXpMz58wd1fdXmuusn9tXh+QFZABn6t\/9atISa0MK1NOz6mro94x123jYwBVkk27Byflbv3FegRuUMnshH\/jpNeb6BaW93rqRkKQN4AU9sGu7heW28uCYlxJkLIepyCoB989D3+vWlboTG63Ow0W\/8kyK43R7z+BPQ1sSTswK4GK5CC5CGRMjLYYfl\/8AWrqLGRZ0C5G5fl+uAK7sLVSfLI8vMMO2ueHzHBKesZq5Halj0qytgQOlek5pHjqmzPSIk1aS1yKuQaezuAAa04tHbAJNZTqpG0KTZjR2ZPRSfwq5b6a2Qdp5rbjhtbSI+ZgvjgVYtIDPyMY64rCVZ2udEaOtjOhsrleIEVW7kmpn0a9aPdJOWbtg1vRWhUcDFWktZMZK5x2rldd9DqVBdTlLSy1KKbJfcO4PetiPzU4cYrcW0RhyuD7U9rWNsZXkd6znW5t0aQpcuzMyFScZHFXYYUVNxUZqZoFxz2qndTrCvL8Vg3c2SCW7jgUuF3N0Vc9TXz78djHb+ObZ5SGkmsImJIzk+ZIMfTjpXukWZmMrjkkAD0Ga8O\/aCkK+LtMYJkNYquf+2sh7fWs+a7O6jT5dzy57qLyi424GR0HqtUb64SYAIF3DB4x0xUr3UjbXVBG204CkjoBzk1VuLmSUhZd5I5yXyMkemKDostUaEVxPADHExcYICSEBumBg9D90dccDqa2rbUI7gMinDKr5U8MBwRkdqxCQWII534H5yD\/ClRm+XB3\/AHQAxOVyvY9R\/WixPK1sdLLMCZW9UDV53fMH1i6+Rn3SqOoGOP8A69dMNUMcf7wsVCbMPw2AfXof0\/GuRuH8zVZNrMuZ+nTPC9c0RWplVasjofCx\/wCJ4p8qRD9nd8Eg5OOtdzII5olV1DLsAI\/EmvO\/CkjLqm95GbEDAZ7cjj9a7dbgMGAOMKB\/46asSXQsRSG2uo45WLRE+WjnrgHAB9\/fv9evbeDCL\/WbeAniRpD\/AOOZ\/pXEGRXRlYBgScg10PgC4e18Q26T5dMP5bg8\/cY4Pv796uD1SMaytFt7WPZrfQrZcFio+tLqkWj6JplzqV7IVt7ZN7lRkn0AHck4FYN7r9ppcAuLybyIiwUPI+Bn0\/Q15d43+JF74gtL7R7S2U2bzqFmV+dq8jI9zhvwrskmt5HkwaltE7\/wb8UvD3iDWX0y5i\/syWR8WryOCsg7Kx6K36dvr6Y+nhV2oAp7sa+fPCvwrsPFXhoarpt5dQagh8p4Ll0ZfMAy3zAd8gj06fTovC\/xJ1rwVdL4e8WQyvDGQiTuMvEO2fVf6dCazkm9UapqOjPVv7AiZ90jhvrV+3sreDABUH2qnbara39rHdWsyyxSDKyI2QaRpd\/R2FQ1J7spcsdkbPyDHSpFINZVqzhMs65+tWAJGGQQfpWTjY1Ui\/wKill28KpY0yNZD95j9KlEQ7moKuULh3KlnYIo684xWW485ywB2j7uf51uXkUbW027H3G\/lWHNMltA8krBVHU\/n+ZqZydrHRh4JvmZI0qQozuyoifMzMcADrk188\/HXW\/tfiPTHit5GiS2KhjxnDZ\/rXs9w8uo\/Ncbo7ZTuSHu57Fv6D8fQ15D8d2Ed9ossSKA6XC8D0Kex9ahLU6XLseUSzurbfIkJBcc49OfyqjcSyK4\/cNnaM5Oe2R2rRuZWmkxgja79c91PsPSq9wsiRRzFeG+XGGzxx6Vq4mam77lxZdzA56v\/wC1D\/8AFU+KTCofQRn8jiqKSYVT+P6oalD4T\/gJ\/RqzO2xbkKtGytggOeD+dcnKrf2n8kpQSTBOAf3ZwnzDH1\/SukkfLP7Nn9K5xV33QlMgULdYOQeeF4H5Hriric2JSsjS8MCW71TYHlQCFiATnGWXpkV2EU7RfLPgc4Eg6fj6fyrlPCga31WVCwI8k9P94D+ldSsgaMZ54z\/49\/8AWoMlHsXI5cDG7niuj8KXyQa3bO4+UbwT\/wAAri8PCwaIjb\/cPT\/61a2gX4\/tCIBW3gH5TwehqoO0kxVfeg4+R6F8UbjHhS1ljc7TeoVZf9x68odlnmLyku2QckH1Pv7V1XjHxBHN4cgtZUZQ10silnwAQjjt\/vD8q5CJ0Z8hlIJHO8+prWpNTldHJhockLSPWfg\/qC2VhJbRxSSefdk5X+A7VySCenAruvG+jHxbpBt9lsl7Fg29xLFu2YIJU\/7JHB69c4yBXnHwknSS4EKlSRKxODn+Ef4V66Yz6mtqPvRtI5MX7k7x6nI6NBcaA4tpGMMpH3Ex5UuO6nAJ+h5H6nprGZ70kRSEOBkqTzUlzp1tfQmC6j8yMkNjJBBByCCOQQaw76zutFbzxI8lqnIuOjxf7+O3+0Pxx1PNONXDtyp+9Ht2KjKFdWnpLuddbRXiEYII961YjMF+6gP1rl9L8YRLGsd4EUnpPn5W+vp9en0rbn1SaC0luyB5UMbSsVGflUZOPwFXGrGsuaNivZum+V3NJJJWGCGBqVUJHzP+tcfZ+P8AR76TZNfiy+TerXJWNXGccEnnkH8jV5fF\/hpPveINMJBx\/wAfC9fzpOF9jV3i7SVjfuliW1mJbjy2z+VcfdlpZle6IBONsYPEec\/meOtas\/iLRZrSRk1S2dHjJXa2dwx2rldV1JYd0jEBV4J9wew7nmsJqx00He9ixPckMIunOT7YIrx742skw0RiQWBuDg9OREf8a9BuL+a9eRrf5VIO6U9Rnrj\/ACfwrzn4uaTH\/Y9ldmQy3Ed2ELk9mjYkfTKjGcnpUJ2Z0PVaHmsoxL9wjfKM8+ob\/Gq7I8wRETd8pbb1H3jzRLboCSwBUBD973UHt7mq0tsQgGIyQzA7hnpj2rTmRjZ3LBuMB1aJcIWxsYjoF9c\/5FTNJGu4FmTG8fMuR1Ppn+6az3fJkPvJ\/MCp5ZPvn3f+clQmdPNJdS9EDNNiORMt3DDjH69q5+JmiuGUxsS0jnJRTj8wTnjsRWmrAvggH5j\/AOzipkZZECuNy5Aw3IAK+hqouzuRVvNEPh+UtqFw+0piPGDj+97AV0qHKEA9E\/8AZSawLSKG03vDCis\/ytjIyM\/kPyrShvU+8QyZA44PbHXikEdFqaYXcCM9G\/pVvT4\/JvUkPOzI+nH\/ANesaO\/jIJ3cMQRz7en4VesriK\/mmRAZPLO5lx2J4\/lSb0FJprQ6rQ47a\/uI7e9hjuLWQMrxSDKsNprP1j4Y2ltDJf2WpvFEZSsdu8W8gZxjduGe\/b\/Gn+Gkt11JN0G11Q\/eXBFdgmpx6VqWnSybnj8xz0yQdjf41eHl76RxVl7jZX+EXhm10rV21C815bcR8fZ5ItomyD33cEfSvb7YWV7H5tvPHNHnG5DxmvF\/F3ieG+k0+SCFhhn5fAyNvtn1rpPCHiO40zSjhEEkkvCM2QwGDjPbrXdOyd46eRxwTkk5a+Z6cttar1GfzqRI7f8AhiBrM8PeJrbXrQzxwiJgxXZvBPH4Ve1DV7LSNPuNRv5Et7W2QySSueFA\/mfbvWUuZOzHHleqOG8a\/DrfEbvQ7qSzidwJbBZGVG3HGYwvIOT93oe2O\/F+EfGGq6E91pE0Ul1ojK9tNaT5E8AYbWAPZhycHjnr0Nd9ofjey19JpL7UdMS7u1l\/s\/TUnRpreMRscyAEnzCFJIx8ucdzXnviRE1bxVdyRXMdjcJZQMkrH5HIRF2uO4PtyO1c88O2nOnozphVSfLIX4n6jY3+r2EmmAGzSxSJBEhwuHc7cdjyK4zN1KB+5kZA5IXacDntVuXWbaJpI71UhvVG8oz5U4bAC+oOM\/Q59ad\/a9qCwMkcB352ls4GB7U8Pipw+GOpvUw9OqvflYv23iywttPghkuVR44NjgoflYDBB49j+VdpPOk6K0hLu+Qc9M5P9RXhd\/coZrtkO8EuM54PzE56+9eprfkgHPTDfqD\/AFrXGvSL7kYCCvNdv+CaVxqBWJlzyw21xPxIuvtehbBlj9pRhjOT\/rB29iK1bm9Ay27hTnP4VyHi7U4jozstwnySIdwbODwOf1rz1ds9OSSizi7j5bZm+cPt5BBxjeMc56\/hU1wlrJLhIpGTJJCK5IbjOef\/AK1VLi4je3YebExaLsDnO7Pr1pv9oy2jztBLErGTH3TyOeev0rfVLQ4m02VQ2Qeeob9X\/wDrVPI27dgjB3H89\/8AjVVDwo46KP8Ax6pFbIXpyPX6f41B1E6yASDnq39T\/jT45MKv\/Af5YquMFlPoQf1H+NLuCr+A\/Q0CsXVfAYehqVJPlOc8CqqN8zDt1pyyENgAnJAwO9FxWNvTpv3EA2OcL1GPQ1t6I4+2XD7SMxoMH6tXMWG8IcbvujAx7CtrRJfLmm3HnYg5HPVqxkjmW51EEoTay\/KR3HHrUGq6hJJc2qNLyrMV4\/2SD\/Sq0dzhOeDmqGp2d\/qdzB9gtpp2jyW8tc7c9M1vg1eqk2ZYrSlLQ1JZfMFoJJiVDMQuP9n1roI5RbeHBcxTSHa7ZGf93pXF2\/hLxFLID\/Y98V4H+rq\/r1rqXhzQo2v9PmtvPkMa7+MkDJP6V61S0XpqedSTcbbf8OegeAvE9lF4gtpriZLS3SKUSPKwVRxxk1pa342sdalbXNUdYdD0799ptnJndqEoPE7L1KjB2DGCcnPAr56tdZlQJ5ly01m7bHjkQHb6Y457DB9a7STVNT8XW88epXUTPCkcSfaLc7VjAIChSB0x9BXHXq2asjppUd7kdl4yuzruhXP2CWSSwtfIxsEZuDJkFyfXDjr125712l2LOS5F3EHBNtEkpf8AvBRuGPTIrz9tHXQLeTUl+y3DQDcIooAGY5GMHJ74PTtUV14hvLDw1dXlzMTc3Lr5UYGPKyRg+uR\/SuWtVnUhyQ0VzWFKMJc0tzr7600+dI5o59NnuOZGUTpvhA4Aznrjk\/XFcnfFri8klt4mljJUAoDt4QVyTz3L\/u5dQvXYjJJnJrsfDU0z6JEcSOQ5G4LnOOP5V34XnhaLOfEKL95GBIGBmVlKks2QQeK7pb\/bbxK7lsxrk5I7D0xXK3tvObuZvs87K0hJ+TqParlzI6xwqdysI1BB4IOP\/rVliqjk0n0OzA01G7XU0ZZIi4DKpbOdxGT+Z5rH8UyJNoV31JURke37xen5inPOTl+az9a3\/wBlXik5HlqfXuv+Fcd9T0GlZ6HKyN8in5m\/dyLkqPQnJ\/OobkgRSHkEtGThQMfKakVUMGeM\/vMABcH5eeadAfNbyyRjYjYGOuP\/AK9bROSTSIUbBT22f1NPRuFH+7\/7JVWaVkCBOp2\/+g1Nkjpzj\/Ff8KzsdHMTK2UB9gf\/AEGlZuMD0YfrVcEiPnAG36fwj\/CpFKs5K5Y7jgIMgg+\/SmkJzSLSyfPweoFO84xSK69VYEfUGkg0+8nKhICpx1Y4P5VqweFLuYDzp1jHcKOf6mq9k2ZOvFEdh86nMYPAOdvWtOylFrLMsg8pgqAqeCOtSWvgm24yJnPruIzW9pXgu0tyQkHD43bmLZx9Saf1Vt7nL7dIzIbiaUgRwscnnPGOK7PwdYzLKz3FuX3Y2lTjGM1f0zw5BERiNc+gGK6\/TdPjjjG1MfhxWsKEYO\/UznWc9DX0qO2QKWhZiB0JzUPxD8MHx74cj0tPKtZIZRNDOyljGwBB4zyCCQRV2zixwqj61pR+mRmqZKPLvBfwk1XwjqFxdiTQdTEsDQCO8s3ZEDHkgBwMnHX8q3bfwO+mTC5g0Dwl5mMEG0uGQ+mUM5U\/iK7tFLL1GKH28ggHijdjOHn0i\/lLFvDngk7uo\/sx8H8PMxVXW9CvNX0K80i48OeEo47tAjNbWDQkYIIIKuDkEA9e1d\/tUdQMH1qKSMOMFBimJ3Pn+3+B+qrLH52o28saMCyvERvHoSDnnpxzXruj2C2FglqNJ0y2RcnZZxGNAT1wCT\/OtmaFUH3PlHf0qnKOPkI\/EU7iM+9tIyDtgUfhXnOu+EGlmnkSQB5JTITj68fTmvSZunzEZ+tZV6mQeOKTipblRm47Hk9x4cvYEZVaN89s4rD1bTL9bK7U20rbkPCDdk846fhXq93AvPFZFxa5JwOPpUewj0NVi5rQ8SW2vIY0Rra8RSzbleBsAEDnp9aZZiVZh5qzIoiA+aJuDgDHT2r2KWIoMbse2apvFjqqN9VBp+zsQ6zZ5MlldTD5YAvHVz7Y6f8A160LbQbybOZGAPJ2DaB+P\/166aO2hitUlWNd57nn+dPHzfe5oVJDdaTMe28MW0eGlZSw9Dub8+n61q22lwJ9yL8\/\/rVbhjXjgVdiUbsYGK0UUZuT6kEFioG3aQO\/PWtO2tEUAbeP5U2IDIq5AAx57VcUQ2W7a2BA2jj1PStiztVyCOfcdKpWShnIIzitqABVGBjim2I07G2iQDIb8utbEOCPmBwOgrLgUBDgVfticA55xWbKRqxPlQFOB2FW42xjofwrOidlYAHHFWEdvK3Z5JxUlJl+OTgjGPSkkwzchc4qAnvTSzGVsntRYdyUEx7dmPxpXfHUE\/QVTlJ45NOJPlk5NArjnlD9Cc+5qjOpOSAc+lK5IbIPfFNk4PHegRm3BzndnP1xWXcjnIZj+Nat+AU3HqOhrGnJqyWULhhn5lI96ozKrjggirszE5zzzVKdQAMDFWlYRRliFVJIVJq8xPFQuoJ6UmgP\/9k=\" data-src='https:\/\/lii-mkt-content.s3.amazonaws.com\/livingston-content\/uploads\/2020\/11\/08045346\/masthead-services-freight-home.jpg' alt=\"\" \/>\n\t\t\t<\/div>\n\n\t<div class=\"masthead-container\" style=\"background: linear-gradient(90deg, rgba(0, 14, 28, 0.6) 0%, rgba(49, 70, 87, 0) 67%);\">\n\t\t<div class=\"grid-container\">\n\t\t\t<div id=\"mastheadContent\" class=\"masthead-content \" style=\"filter: drop-shadow(0px 0px 60px rgba(42, 52, 61, 0.5))\">\n\t\t\t\t<div class=\"grid-x masthead-breadcrumbs\">\n\t\t\t\t\t<div class=\"small-12 cell\">\n\t\t\t\t\t\t\n\n\t<section class=\"breadcrumbs hide-for-small-only clearfix\" itemprop=\"breadcrumb\">\n\t\t<span property=\"itemListElement\" typeof=\"ListItem\">\n\t\t\t\t\t<a property=\"item\" typeof=\"WebPage\" title=\"Aller \u00e0 Soci\u00e9t\u00e9 internationale Livingston.\" href=\"https:\/\/staging.livingstonintl.com\/fr\/\" class=\"home\"><span property=\"name\">Accueil<\/span><\/a>&nbsp;\/&nbsp;\n\t\t\t\t<meta property=\"position\" content=\"1\"><\/span>\n\t\t<\/section>\n\t\t\t\t\t<\/div>\n\t\t\t\t<\/div>\n\t\t\t\t<div class=\"grid-x\">\n\t\t\t\t\t<div class=\"small-12 cell\">\n\t\t\t\t\t\t<h1 style=\"filter: drop-shadow(0px 0px 60px rgba(42, 52, 61, 0.5)); width:calc(1em * 10.7);\">\n\t\t\t\t\t\t\t<span class=\"white\">FRET <\/span>\n\t\t\t\t\t\t\t<span class=\"orange\">SIMPLIFI\u00c9.<\/span>\n\t\t\t\t\t\t<\/h1>\n\t\t\t\t\t<\/div>\n\t\t\t\t<\/div>\n\t\t\t\t<div class=\"grid-x\">\n\t\t\t\t\t<div class=\"small-12 cell\">\n\t\t\t\t\t\t<p style=\"width:calc(1em * 26);\">\n\t\t\t\t\t\t\tLa gestion du fret simplifi\u00e9e. Une seule personne-ressource chez Livingston s\u2019occupe de tous les d\u00e9tails. Terrestre. A\u00e9rien. Maritime. Barge. Int\u00e9gration transparente avec le courtage en douane. \t\t\t\t\t\t<\/p>\n\t\t\t\t\t\t\t\t\t\t\t<\/div>\n\t\t\t\t<\/div>\n\t\t\t<\/div>\n\t\t<\/div>\n\t<\/div>\n\n\t<div class=\"masthead-background show-for-small-only\">\n\t\t\t\t\t<img decoding=\"async\" src=\"data:image\/image\/jpeg;base64, \/9j\/4AAQSkZJRgABAQEAYABgAAD\/\/gA7Q1JFQVRPUjogZ2QtanBlZyB2MS4wICh1c2luZyBJSkcgSlBFRyB2NjIpLCBxdWFsaXR5ID0gODIK\/9sAQwAGBAQFBAQGBQUFBgYGBwkOCQkICAkSDQ0KDhUSFhYVEhQUFxohHBcYHxkUFB0nHR8iIyUlJRYcKSwoJCshJCUk\/9sAQwEGBgYJCAkRCQkRJBgUGCQkJCQkJCQkJCQkJCQkJCQkJCQkJCQkJCQkJCQkJCQkJCQkJCQkJCQkJCQkJCQkJCQk\/8AAEQgAawC+AwEiAAIRAQMRAf\/EAB8AAAEFAQEBAQEBAAAAAAAAAAABAgMEBQYHCAkKC\/\/EALUQAAIBAwMCBAMFBQQEAAABfQECAwAEEQUSITFBBhNRYQcicRQygZGhCCNCscEVUtHwJDNicoIJChYXGBkaJSYnKCkqNDU2Nzg5OkNERUZHSElKU1RVVldYWVpjZGVmZ2hpanN0dXZ3eHl6g4SFhoeIiYqSk5SVlpeYmZqio6Slpqeoqaqys7S1tre4ubrCw8TFxsfIycrS09TV1tfY2drh4uPk5ebn6Onq8fLz9PX29\/j5+v\/EAB8BAAMBAQEBAQEBAQEAAAAAAAABAgMEBQYHCAkKC\/\/EALURAAIBAgQEAwQHBQQEAAECdwABAgMRBAUhMQYSQVEHYXETIjKBCBRCkaGxwQkjM1LwFWJy0QoWJDThJfEXGBkaJicoKSo1Njc4OTpDREVGR0hJSlNUVVZXWFlaY2RlZmdoaWpzdHV2d3h5eoKDhIWGh4iJipKTlJWWl5iZmqKjpKWmp6ipqrKztLW2t7i5usLDxMXGx8jJytLT1NXW19jZ2uLj5OXm5+jp6vLz9PX29\/j5+v\/aAAwDAQACEQMRAD8A5OGQbs+rgn\/v4P8AGpbZ8Rw\/7sJ\/mKz4pkeIOpx8ucH6xn\/GrMb4jXsVjX9H\/wDr1iepYfq1nBf2xhlUEGRlzXnF+88VxLA0u8xlR+8JJI+b9egzXpMz58wd1fdXmuusn9tXh+QFZABn6t\/9atISa0MK1NOz6mro94x123jYwBVkk27Byflbv3FegRuUMnshH\/jpNeb6BaW93rqRkKQN4AU9sGu7heW28uCYlxJkLIepyCoB989D3+vWlboTG63Ow0W\/8kyK43R7z+BPQ1sSTswK4GK5CC5CGRMjLYYfl\/8AWrqLGRZ0C5G5fl+uAK7sLVSfLI8vMMO2ueHzHBKesZq5Halj0qytgQOlek5pHjqmzPSIk1aS1yKuQaezuAAa04tHbAJNZTqpG0KTZjR2ZPRSfwq5b6a2Qdp5rbjhtbSI+ZgvjgVYtIDPyMY64rCVZ2udEaOtjOhsrleIEVW7kmpn0a9aPdJOWbtg1vRWhUcDFWktZMZK5x2rldd9DqVBdTlLSy1KKbJfcO4PetiPzU4cYrcW0RhyuD7U9rWNsZXkd6znW5t0aQpcuzMyFScZHFXYYUVNxUZqZoFxz2qndTrCvL8Vg3c2SCW7jgUuF3N0Vc9TXz78djHb+ObZ5SGkmsImJIzk+ZIMfTjpXukWZmMrjkkAD0Ga8O\/aCkK+LtMYJkNYquf+2sh7fWs+a7O6jT5dzy57qLyi424GR0HqtUb64SYAIF3DB4x0xUr3UjbXVBG204CkjoBzk1VuLmSUhZd5I5yXyMkemKDostUaEVxPADHExcYICSEBumBg9D90dccDqa2rbUI7gMinDKr5U8MBwRkdqxCQWII534H5yD\/ClRm+XB3\/AHQAxOVyvY9R\/WixPK1sdLLMCZW9UDV53fMH1i6+Rn3SqOoGOP8A69dMNUMcf7wsVCbMPw2AfXof0\/GuRuH8zVZNrMuZ+nTPC9c0RWplVasjofCx\/wCJ4p8qRD9nd8Eg5OOtdzII5olV1DLsAI\/EmvO\/CkjLqm95GbEDAZ7cjj9a7dbgMGAOMKB\/46asSXQsRSG2uo45WLRE+WjnrgHAB9\/fv9evbeDCL\/WbeAniRpD\/AOOZ\/pXEGRXRlYBgScg10PgC4e18Q26T5dMP5bg8\/cY4Pv796uD1SMaytFt7WPZrfQrZcFio+tLqkWj6JplzqV7IVt7ZN7lRkn0AHck4FYN7r9ppcAuLybyIiwUPI+Bn0\/Q15d43+JF74gtL7R7S2U2bzqFmV+dq8jI9zhvwrskmt5HkwaltE7\/wb8UvD3iDWX0y5i\/syWR8WryOCsg7Kx6K36dvr6Y+nhV2oAp7sa+fPCvwrsPFXhoarpt5dQagh8p4Ll0ZfMAy3zAd8gj06fTovC\/xJ1rwVdL4e8WQyvDGQiTuMvEO2fVf6dCazkm9UapqOjPVv7AiZ90jhvrV+3sreDABUH2qnbara39rHdWsyyxSDKyI2QaRpd\/R2FQ1J7spcsdkbPyDHSpFINZVqzhMs65+tWAJGGQQfpWTjY1Ui\/wKill28KpY0yNZD95j9KlEQ7moKuULh3KlnYIo684xWW485ywB2j7uf51uXkUbW027H3G\/lWHNMltA8krBVHU\/n+ZqZydrHRh4JvmZI0qQozuyoifMzMcADrk188\/HXW\/tfiPTHit5GiS2KhjxnDZ\/rXs9w8uo\/Ncbo7ZTuSHu57Fv6D8fQ15D8d2Ed9ossSKA6XC8D0Kex9ahLU6XLseUSzurbfIkJBcc49OfyqjcSyK4\/cNnaM5Oe2R2rRuZWmkxgja79c91PsPSq9wsiRRzFeG+XGGzxx6Vq4mam77lxZdzA56v\/wC1D\/8AFU+KTCofQRn8jiqKSYVT+P6oalD4T\/gJ\/RqzO2xbkKtGytggOeD+dcnKrf2n8kpQSTBOAf3ZwnzDH1\/SukkfLP7Nn9K5xV33QlMgULdYOQeeF4H5Hriric2JSsjS8MCW71TYHlQCFiATnGWXpkV2EU7RfLPgc4Eg6fj6fyrlPCga31WVCwI8k9P94D+ldSsgaMZ54z\/49\/8AWoMlHsXI5cDG7niuj8KXyQa3bO4+UbwT\/wAAri8PCwaIjb\/cPT\/61a2gX4\/tCIBW3gH5TwehqoO0kxVfeg4+R6F8UbjHhS1ljc7TeoVZf9x68odlnmLyku2QckH1Pv7V1XjHxBHN4cgtZUZQ10silnwAQjjt\/vD8q5CJ0Z8hlIJHO8+prWpNTldHJhockLSPWfg\/qC2VhJbRxSSefdk5X+A7VySCenAruvG+jHxbpBt9lsl7Fg29xLFu2YIJU\/7JHB69c4yBXnHwknSS4EKlSRKxODn+Ef4V66Yz6mtqPvRtI5MX7k7x6nI6NBcaA4tpGMMpH3Ex5UuO6nAJ+h5H6nprGZ70kRSEOBkqTzUlzp1tfQmC6j8yMkNjJBBByCCOQQaw76zutFbzxI8lqnIuOjxf7+O3+0Pxx1PNONXDtyp+9Ht2KjKFdWnpLuddbRXiEYII961YjMF+6gP1rl9L8YRLGsd4EUnpPn5W+vp9en0rbn1SaC0luyB5UMbSsVGflUZOPwFXGrGsuaNivZum+V3NJJJWGCGBqVUJHzP+tcfZ+P8AR76TZNfiy+TerXJWNXGccEnnkH8jV5fF\/hpPveINMJBx\/wAfC9fzpOF9jV3i7SVjfuliW1mJbjy2z+VcfdlpZle6IBONsYPEec\/meOtas\/iLRZrSRk1S2dHjJXa2dwx2rldV1JYd0jEBV4J9wew7nmsJqx00He9ixPckMIunOT7YIrx742skw0RiQWBuDg9OREf8a9BuL+a9eRrf5VIO6U9Rnrj\/ACfwrzn4uaTH\/Y9ldmQy3Ed2ELk9mjYkfTKjGcnpUJ2Z0PVaHmsoxL9wjfKM8+ob\/Gq7I8wRETd8pbb1H3jzRLboCSwBUBD973UHt7mq0tsQgGIyQzA7hnpj2rTmRjZ3LBuMB1aJcIWxsYjoF9c\/5FTNJGu4FmTG8fMuR1Ppn+6az3fJkPvJ\/MCp5ZPvn3f+clQmdPNJdS9EDNNiORMt3DDjH69q5+JmiuGUxsS0jnJRTj8wTnjsRWmrAvggH5j\/AOzipkZZECuNy5Aw3IAK+hqouzuRVvNEPh+UtqFw+0piPGDj+97AV0qHKEA9E\/8AZSawLSKG03vDCis\/ytjIyM\/kPyrShvU+8QyZA44PbHXikEdFqaYXcCM9G\/pVvT4\/JvUkPOzI+nH\/ANesaO\/jIJ3cMQRz7en4VesriK\/mmRAZPLO5lx2J4\/lSb0FJprQ6rQ47a\/uI7e9hjuLWQMrxSDKsNprP1j4Y2ltDJf2WpvFEZSsdu8W8gZxjduGe\/b\/Gn+Gkt11JN0G11Q\/eXBFdgmpx6VqWnSybnj8xz0yQdjf41eHl76RxVl7jZX+EXhm10rV21C815bcR8fZ5ItomyD33cEfSvb7YWV7H5tvPHNHnG5DxmvF\/F3ieG+k0+SCFhhn5fAyNvtn1rpPCHiO40zSjhEEkkvCM2QwGDjPbrXdOyd46eRxwTkk5a+Z6cttar1GfzqRI7f8AhiBrM8PeJrbXrQzxwiJgxXZvBPH4Ve1DV7LSNPuNRv5Et7W2QySSueFA\/mfbvWUuZOzHHleqOG8a\/DrfEbvQ7qSzidwJbBZGVG3HGYwvIOT93oe2O\/F+EfGGq6E91pE0Ul1ojK9tNaT5E8AYbWAPZhycHjnr0Nd9ofjey19JpL7UdMS7u1l\/s\/TUnRpreMRscyAEnzCFJIx8ucdzXnviRE1bxVdyRXMdjcJZQMkrH5HIRF2uO4PtyO1c88O2nOnozphVSfLIX4n6jY3+r2EmmAGzSxSJBEhwuHc7cdjyK4zN1KB+5kZA5IXacDntVuXWbaJpI71UhvVG8oz5U4bAC+oOM\/Q59ad\/a9qCwMkcB352ls4GB7U8Pipw+GOpvUw9OqvflYv23iywttPghkuVR44NjgoflYDBB49j+VdpPOk6K0hLu+Qc9M5P9RXhd\/coZrtkO8EuM54PzE56+9eprfkgHPTDfqD\/AFrXGvSL7kYCCvNdv+CaVxqBWJlzyw21xPxIuvtehbBlj9pRhjOT\/rB29iK1bm9Ay27hTnP4VyHi7U4jozstwnySIdwbODwOf1rz1ds9OSSizi7j5bZm+cPt5BBxjeMc56\/hU1wlrJLhIpGTJJCK5IbjOef\/AK1VLi4je3YebExaLsDnO7Pr1pv9oy2jztBLErGTH3TyOeev0rfVLQ4m02VQ2Qeeob9X\/wDrVPI27dgjB3H89\/8AjVVDwo46KP8Ax6pFbIXpyPX6f41B1E6yASDnq39T\/jT45MKv\/Af5YquMFlPoQf1H+NLuCr+A\/Q0CsXVfAYehqVJPlOc8CqqN8zDt1pyyENgAnJAwO9FxWNvTpv3EA2OcL1GPQ1t6I4+2XD7SMxoMH6tXMWG8IcbvujAx7CtrRJfLmm3HnYg5HPVqxkjmW51EEoTay\/KR3HHrUGq6hJJc2qNLyrMV4\/2SD\/Sq0dzhOeDmqGp2d\/qdzB9gtpp2jyW8tc7c9M1vg1eqk2ZYrSlLQ1JZfMFoJJiVDMQuP9n1roI5RbeHBcxTSHa7ZGf93pXF2\/hLxFLID\/Y98V4H+rq\/r1rqXhzQo2v9PmtvPkMa7+MkDJP6V61S0XpqedSTcbbf8OegeAvE9lF4gtpriZLS3SKUSPKwVRxxk1pa342sdalbXNUdYdD0799ptnJndqEoPE7L1KjB2DGCcnPAr56tdZlQJ5ly01m7bHjkQHb6Y457DB9a7STVNT8XW88epXUTPCkcSfaLc7VjAIChSB0x9BXHXq2asjppUd7kdl4yuzruhXP2CWSSwtfIxsEZuDJkFyfXDjr125712l2LOS5F3EHBNtEkpf8AvBRuGPTIrz9tHXQLeTUl+y3DQDcIooAGY5GMHJ74PTtUV14hvLDw1dXlzMTc3Lr5UYGPKyRg+uR\/SuWtVnUhyQ0VzWFKMJc0tzr7600+dI5o59NnuOZGUTpvhA4Aznrjk\/XFcnfFri8klt4mljJUAoDt4QVyTz3L\/u5dQvXYjJJnJrsfDU0z6JEcSOQ5G4LnOOP5V34XnhaLOfEKL95GBIGBmVlKks2QQeK7pb\/bbxK7lsxrk5I7D0xXK3tvObuZvs87K0hJ+TqParlzI6xwqdysI1BB4IOP\/rVliqjk0n0OzA01G7XU0ZZIi4DKpbOdxGT+Z5rH8UyJNoV31JURke37xen5inPOTl+az9a3\/wBlXik5HlqfXuv+Fcd9T0GlZ6HKyN8in5m\/dyLkqPQnJ\/OobkgRSHkEtGThQMfKakVUMGeM\/vMABcH5eeadAfNbyyRjYjYGOuP\/AK9bROSTSIUbBT22f1NPRuFH+7\/7JVWaVkCBOp2\/+g1Nkjpzj\/Ff8KzsdHMTK2UB9gf\/AEGlZuMD0YfrVcEiPnAG36fwj\/CpFKs5K5Y7jgIMgg+\/SmkJzSLSyfPweoFO84xSK69VYEfUGkg0+8nKhICpx1Y4P5VqweFLuYDzp1jHcKOf6mq9k2ZOvFEdh86nMYPAOdvWtOylFrLMsg8pgqAqeCOtSWvgm24yJnPruIzW9pXgu0tyQkHD43bmLZx9Saf1Vt7nL7dIzIbiaUgRwscnnPGOK7PwdYzLKz3FuX3Y2lTjGM1f0zw5BERiNc+gGK6\/TdPjjjG1MfhxWsKEYO\/UznWc9DX0qO2QKWhZiB0JzUPxD8MHx74cj0tPKtZIZRNDOyljGwBB4zyCCQRV2zixwqj61pR+mRmqZKPLvBfwk1XwjqFxdiTQdTEsDQCO8s3ZEDHkgBwMnHX8q3bfwO+mTC5g0Dwl5mMEG0uGQ+mUM5U\/iK7tFLL1GKH28ggHijdjOHn0i\/lLFvDngk7uo\/sx8H8PMxVXW9CvNX0K80i48OeEo47tAjNbWDQkYIIIKuDkEA9e1d\/tUdQMH1qKSMOMFBimJ3Pn+3+B+qrLH52o28saMCyvERvHoSDnnpxzXruj2C2FglqNJ0y2RcnZZxGNAT1wCT\/OtmaFUH3PlHf0qnKOPkI\/EU7iM+9tIyDtgUfhXnOu+EGlmnkSQB5JTITj68fTmvSZunzEZ+tZV6mQeOKTipblRm47Hk9x4cvYEZVaN89s4rD1bTL9bK7U20rbkPCDdk846fhXq93AvPFZFxa5JwOPpUewj0NVi5rQ8SW2vIY0Rra8RSzbleBsAEDnp9aZZiVZh5qzIoiA+aJuDgDHT2r2KWIoMbse2apvFjqqN9VBp+zsQ6zZ5MlldTD5YAvHVz7Y6f8A160LbQbybOZGAPJ2DaB+P\/166aO2hitUlWNd57nn+dPHzfe5oVJDdaTMe28MW0eGlZSw9Dub8+n61q22lwJ9yL8\/\/rVbhjXjgVdiUbsYGK0UUZuT6kEFioG3aQO\/PWtO2tEUAbeP5U2IDIq5AAx57VcUQ2W7a2BA2jj1PStiztVyCOfcdKpWShnIIzitqABVGBjim2I07G2iQDIb8utbEOCPmBwOgrLgUBDgVfticA55xWbKRqxPlQFOB2FW42xjofwrOidlYAHHFWEdvK3Z5JxUlJl+OTgjGPSkkwzchc4qAnvTSzGVsntRYdyUEx7dmPxpXfHUE\/QVTlJ45NOJPlk5NArjnlD9Cc+5qjOpOSAc+lK5IbIPfFNk4PHegRm3BzndnP1xWXcjnIZj+Nat+AU3HqOhrGnJqyWULhhn5lI96ozKrjggirszE5zzzVKdQAMDFWlYRRliFVJIVJq8xPFQuoJ6UmgP\/9k=\" class=\"lii-lazy\" data-src='https:\/\/lii-mkt-content.s3.amazonaws.com\/livingston-content\/uploads\/2020\/11\/08045346\/masthead-services-freight-home.jpg' alt=\"\" \/>\n\t\t\t<\/div>\n\n\t<!--\t\t<div class=\"masthead-breadcrumbs\">-->\n<!--\t\t\t<div class=\"grid-container\">-->\n<!--\t\t\t\t<div class=\"grid-x\">-->\n<!--\t\t\t\t\t<div class=\"small-12 cell\">-->\n<!--\t\t\t\t\t\t--><!--\t\t\t\t\t<\/div>-->\n<!--\t\t\t\t<\/div>-->\n<!--\t\t\t<\/div>-->\n<!--\t\t<\/div>-->\n\t\n<\/section>\n<!-- \/ MASTHEAD: MAIN -->\n","protected":false},"excerpt":{"rendered":"","protected":false},"author":36,"featured_media":29795,"parent":27117,"menu_order":317,"comment_status":"closed","ping_status":"closed","template":"template-retired\/page-services-freight.php","meta":{"_acf_changed":false,"footnotes":""},"class_list":["post-101","page","type-page","status-publish","has-post-thumbnail","hentry"],"acf":[],"yoast_head":"<!-- This site is optimized with the Yoast SEO plugin v26.8 - https:\/\/yoast.com\/product\/yoast-seo-wordpress\/ -->\n<title>Fret - Livingston International<\/title>\n<meta name=\"robots\" content=\"noindex, follow, max-snippet:-1, max-image-preview:large, max-video-preview:-1\" \/>\n<meta property=\"og:locale\" content=\"fr_FR\" \/>\n<meta property=\"og:type\" content=\"article\" \/>\n<meta property=\"og:title\" content=\"Fret - Livingston International\" \/>\n<meta property=\"og:url\" content=\"https:\/\/staging.livingstonintl.com\/fr\/services-fr\/fret\/\" \/>\n<meta property=\"og:site_name\" content=\"Livingston International\" \/>\n<meta property=\"article:publisher\" content=\"https:\/\/www.facebook.com\/livingstoninternational\" \/>\n<meta property=\"article:modified_time\" content=\"2020-12-23T21:20:41+00:00\" \/>\n<script type=\"application\/ld+json\" class=\"yoast-schema-graph\">{\"@context\":\"https:\/\/schema.org\",\"@graph\":[{\"@type\":\"WebPage\",\"@id\":\"https:\/\/staging.livingstonintl.com\/fr\/services-fr\/fret\/\",\"url\":\"https:\/\/staging.livingstonintl.com\/fr\/services-fr\/fret\/\",\"name\":\"Fret - Livingston International\",\"isPartOf\":{\"@id\":\"https:\/\/staging.livingstonintl.com\/fr\/#website\"},\"primaryImageOfPage\":{\"@id\":\"https:\/\/staging.livingstonintl.com\/fr\/services-fr\/fret\/#primaryimage\"},\"image\":{\"@id\":\"https:\/\/staging.livingstonintl.com\/fr\/services-fr\/fret\/#primaryimage\"},\"thumbnailUrl\":\"https:\/\/lii-mkt-content.s3.amazonaws.com\/livingston-content\/uploads\/2015\/04\/25230357\/immex4.svg\",\"datePublished\":\"2015-04-27T19:47:25+00:00\",\"dateModified\":\"2020-12-23T21:20:41+00:00\",\"breadcrumb\":{\"@id\":\"https:\/\/staging.livingstonintl.com\/fr\/services-fr\/fret\/#breadcrumb\"},\"inLanguage\":\"fr-FR\",\"potentialAction\":[{\"@type\":\"ReadAction\",\"target\":[\"https:\/\/staging.livingstonintl.com\/fr\/services-fr\/fret\/\"]}]},{\"@type\":\"ImageObject\",\"inLanguage\":\"fr-FR\",\"@id\":\"https:\/\/staging.livingstonintl.com\/fr\/services-fr\/fret\/#primaryimage\",\"url\":\"https:\/\/lii-mkt-content.s3.amazonaws.com\/livingston-content\/uploads\/2015\/04\/25230357\/immex4.svg\",\"contentUrl\":\"https:\/\/lii-mkt-content.s3.amazonaws.com\/livingston-content\/uploads\/2015\/04\/25230357\/immex4.svg\",\"width\":60,\"height\":60},{\"@type\":\"BreadcrumbList\",\"@id\":\"https:\/\/staging.livingstonintl.com\/fr\/services-fr\/fret\/#breadcrumb\",\"itemListElement\":[{\"@type\":\"ListItem\",\"position\":1,\"name\":\"Accueil\",\"item\":\"https:\/\/staging.livingstonintl.com\/fr\/\"},{\"@type\":\"ListItem\",\"position\":2,\"name\":\"Services\",\"item\":\"https:\/\/staging.livingstonintl.com\/fr\/services-fr\/\"},{\"@type\":\"ListItem\",\"position\":3,\"name\":\"Fret\"}]},{\"@type\":\"WebSite\",\"@id\":\"https:\/\/staging.livingstonintl.com\/fr\/#website\",\"url\":\"https:\/\/staging.livingstonintl.com\/fr\/\",\"name\":\"Livingston International\",\"description\":\"Simplify Trade\",\"potentialAction\":[{\"@type\":\"SearchAction\",\"target\":{\"@type\":\"EntryPoint\",\"urlTemplate\":\"https:\/\/staging.livingstonintl.com\/fr\/?s={search_term_string}\"},\"query-input\":{\"@type\":\"PropertyValueSpecification\",\"valueRequired\":true,\"valueName\":\"search_term_string\"}}],\"inLanguage\":\"fr-FR\"}]}<\/script>\n<!-- \/ Yoast SEO plugin. -->","yoast_head_json":{"title":"Fret - Livingston International","robots":{"index":"noindex","follow":"follow","max-snippet":"max-snippet:-1","max-image-preview":"max-image-preview:large","max-video-preview":"max-video-preview:-1"},"og_locale":"fr_FR","og_type":"article","og_title":"Fret - Livingston International","og_url":"https:\/\/staging.livingstonintl.com\/fr\/services-fr\/fret\/","og_site_name":"Livingston International","article_publisher":"https:\/\/www.facebook.com\/livingstoninternational","article_modified_time":"2020-12-23T21:20:41+00:00","schema":{"@context":"https:\/\/schema.org","@graph":[{"@type":"WebPage","@id":"https:\/\/staging.livingstonintl.com\/fr\/services-fr\/fret\/","url":"https:\/\/staging.livingstonintl.com\/fr\/services-fr\/fret\/","name":"Fret - Livingston International","isPartOf":{"@id":"https:\/\/staging.livingstonintl.com\/fr\/#website"},"primaryImageOfPage":{"@id":"https:\/\/staging.livingstonintl.com\/fr\/services-fr\/fret\/#primaryimage"},"image":{"@id":"https:\/\/staging.livingstonintl.com\/fr\/services-fr\/fret\/#primaryimage"},"thumbnailUrl":"https:\/\/lii-mkt-content.s3.amazonaws.com\/livingston-content\/uploads\/2015\/04\/25230357\/immex4.svg","datePublished":"2015-04-27T19:47:25+00:00","dateModified":"2020-12-23T21:20:41+00:00","breadcrumb":{"@id":"https:\/\/staging.livingstonintl.com\/fr\/services-fr\/fret\/#breadcrumb"},"inLanguage":"fr-FR","potentialAction":[{"@type":"ReadAction","target":["https:\/\/staging.livingstonintl.com\/fr\/services-fr\/fret\/"]}]},{"@type":"ImageObject","inLanguage":"fr-FR","@id":"https:\/\/staging.livingstonintl.com\/fr\/services-fr\/fret\/#primaryimage","url":"https:\/\/lii-mkt-content.s3.amazonaws.com\/livingston-content\/uploads\/2015\/04\/25230357\/immex4.svg","contentUrl":"https:\/\/lii-mkt-content.s3.amazonaws.com\/livingston-content\/uploads\/2015\/04\/25230357\/immex4.svg","width":60,"height":60},{"@type":"BreadcrumbList","@id":"https:\/\/staging.livingstonintl.com\/fr\/services-fr\/fret\/#breadcrumb","itemListElement":[{"@type":"ListItem","position":1,"name":"Accueil","item":"https:\/\/staging.livingstonintl.com\/fr\/"},{"@type":"ListItem","position":2,"name":"Services","item":"https:\/\/staging.livingstonintl.com\/fr\/services-fr\/"},{"@type":"ListItem","position":3,"name":"Fret"}]},{"@type":"WebSite","@id":"https:\/\/staging.livingstonintl.com\/fr\/#website","url":"https:\/\/staging.livingstonintl.com\/fr\/","name":"Livingston International","description":"Simplify Trade","potentialAction":[{"@type":"SearchAction","target":{"@type":"EntryPoint","urlTemplate":"https:\/\/staging.livingstonintl.com\/fr\/?s={search_term_string}"},"query-input":{"@type":"PropertyValueSpecification","valueRequired":true,"valueName":"search_term_string"}}],"inLanguage":"fr-FR"}]}},"_links":{"self":[{"href":"https:\/\/staging.livingstonintl.com\/fr\/wp-json\/wp\/v2\/pages\/101","targetHints":{"allow":["GET"]}}],"collection":[{"href":"https:\/\/staging.livingstonintl.com\/fr\/wp-json\/wp\/v2\/pages"}],"about":[{"href":"https:\/\/staging.livingstonintl.com\/fr\/wp-json\/wp\/v2\/types\/page"}],"author":[{"embeddable":true,"href":"https:\/\/staging.livingstonintl.com\/fr\/wp-json\/wp\/v2\/users\/36"}],"replies":[{"embeddable":true,"href":"https:\/\/staging.livingstonintl.com\/fr\/wp-json\/wp\/v2\/comments?post=101"}],"version-history":[{"count":2,"href":"https:\/\/staging.livingstonintl.com\/fr\/wp-json\/wp\/v2\/pages\/101\/revisions"}],"predecessor-version":[{"id":52651,"href":"https:\/\/staging.livingstonintl.com\/fr\/wp-json\/wp\/v2\/pages\/101\/revisions\/52651"}],"up":[{"embeddable":true,"href":"https:\/\/staging.livingstonintl.com\/fr\/wp-json\/wp\/v2\/pages\/27117"}],"wp:featuredmedia":[{"embeddable":true,"href":"https:\/\/staging.livingstonintl.com\/fr\/wp-json\/wp\/v2\/media\/29795"}],"wp:attachment":[{"href":"https:\/\/staging.livingstonintl.com\/fr\/wp-json\/wp\/v2\/media?parent=101"}],"curies":[{"name":"wp","href":"https:\/\/api.w.org\/{rel}","templated":true}]}}